{"id":1142,"date":"2020-07-23T06:23:59","date_gmt":"2020-07-23T06:23:59","guid":{"rendered":"http:\/\/apdea.com.ar\/web\/terms-and-conditions\/"},"modified":"2021-09-22T04:59:57","modified_gmt":"2021-09-22T04:59:57","slug":"terms-and-conditions","status":"publish","type":"page","link":"https:\/\/apdea.com.ar\/web\/terms-and-conditions\/","title":{"rendered":"POL\u00cdTICA DE USO Y PRIVACIDAD"},"content":{"rendered":"La Pol\u00edtica de Privacidad de www.apdea.com.ar es aplicable a todos los usuarios del sitio web desde el momento de la navegaci\u00f3n por el mismo y\/o de la aceptaci\u00f3n de los T\u00e9rminos y Condiciones de Uso, y tiene como objetivo que los usuarios conozcan el trato que APDEA.COM.AR les dar\u00e1 a sus datos personales.\n\n<strong>1. Disposiciones Generales.<\/strong>\n\n<!-- \/wp:post-content --><!-- wp:paragraph \/--><!-- wp:paragraph -->\n\n<!-- \/wp:paragraph --><!-- wp:paragraph -->\n\nLa informaci\u00f3n personal de los usuarios es de extrema importancia para APDEA.COM.AR. Es por ello que se utilizar\u00e1n todos los medios administrativos y t\u00e9cnicos a nuestro alcance as\u00ed como todos los resguardos legales necesarios para asegurar la protecci\u00f3n de los datos personales y la privacidad de acuerdo a lo establecido por la <a href=\"http:\/\/servicios.infoleg.gob.ar\/infolegInternet\/anexos\/60000-64999\/64790\/norma.htm\" target=\"_blank\" rel=\"noreferrer noopener\">Ley 25.326 de Protecci\u00f3n de Datos Personales<\/a> ,el <a href=\"http:\/\/servicios.infoleg.gob.ar\/infolegInternet\/anexos\/70000-74999\/70368\/norma.htm\" target=\"_blank\" rel=\"noreferrer noopener\">Decreto Reglamentario 1558\/2001<\/a> y las Disposiciones de la Direcci\u00f3n Nacional de Protecci\u00f3n de Datos Personales (DNPDP).\n\n<!-- \/wp:paragraph --><!-- wp:paragraph -->\n\nLa presente Pol\u00edtica de Privacidad se aplica a toda informaci\u00f3n personal de los usuarios que se hayan obtenido por la utilizaci\u00f3n del sitio web y de la contrataci\u00f3n de los servicios ofrecidos en el mismo.\n\n<!-- \/wp:paragraph --><!-- wp:paragraph -->\n\n<strong>2. Formas de obtenci\u00f3n de datos.<\/strong>\n\n<!-- \/wp:paragraph --><!-- wp:paragraph -->\n\nAPDEA.COM.AR recoger\u00e1 datos personales de los usuarios a trav\u00e9s de formularios e interacciones dentro del sitio web, como ser ENCUESTAS, FORMULARIOS DE REGISTRO, REGISTRO DE USUARIOS Y DIRECTORIO, los Foros, los comentarios en el Blog, los boletines de novedades, las comunicaciones electr\u00f3nicas, y los perfiles en redes sociales.\n\n<!-- \/wp:paragraph --><!-- wp:paragraph -->\n\n<strong>3. Datos recolectados.<\/strong>\n\n<!-- \/wp:paragraph --><!-- wp:paragraph -->\n\nLos usuarios del sitio web proveen de dos tipos de informaciones a APDEA.COM.AR:\n\n<!-- \/wp:paragraph --><!-- wp:paragraph -->\n\n(1) datos que el usuario provee y carga voluntariamente al Sitio cuando decide suscribirse a alguno de los Servicios, y (2) datos de tr\u00e1fico que se genera al navegar por el sitio web.\n\n<!-- \/wp:paragraph --><!-- wp:paragraph -->\n\nDentro de la primera categor\u00eda, los datos personales que APDEA.COM.AR recolecta a trav\u00e9s de las distintas secciones del sitio web son:\n\n<!-- \/wp:paragraph --><!-- wp:paragraph -->\n\na. Boletines de novedades y DIRECTORIO DE PROFESIONALES DE LA DIRECCI\u00d3N ESC\u00c9NICA donde se consignan nombre y apellido, profesi\u00f3n, especialidad, fotograf\u00edas, direcci\u00f3n de correo electr\u00f3nico, direcci\u00f3n o perfiles de sus redes sociales, esado civil, documento, direcci\u00f3n postal, lugar de residencia, tel\u00e9fono u otros datos de contacto, estudio, nombre de usuario, clave, fecha de cumplea\u00f1os, curriculum vitae, datos sobre el ejercicio de la profesi\u00f3n, si desea o no publicar sus datos personales y si desea recibir bolet\u00edn de novedades.\n\n<!-- \/wp:paragraph --><!-- wp:paragraph -->\n\nb. Contacto, formulario de contacto y otros formularios donde se consignan: Nombre y apellido, estudio, tel\u00e9fono, email y mensaje con los datos que el navegante desee brindar.\n\n<!-- \/wp:paragraph --><!-- wp:paragraph -->\n\nc. Registros de video que los navegantes o usuarios hayan aportado voluntariamente envi\u00e1ndolo por cualquier medio digital o f\u00edsico, con sus testimonios u obras para difusi\u00f3n en la web institucional de APDEA, en sus redes sociales o para su archivo.\n\n<!-- \/wp:paragraph --><!-- wp:paragraph -->\n\nRespecto a la segunda categor\u00eda de datos, APDEA.COM.AR recibe informaci\u00f3n tal como: tipo de navegador del usuario, direcci\u00f3n IP, tiempo de duraci\u00f3n de la navegaci\u00f3n por el sitio web, p\u00e1gina que ha reenviado al usuario al sitio web, tr\u00e1fico y preferencias dentro del sitio, etc.\n\n<!-- \/wp:paragraph --><!-- wp:paragraph \/--><!-- wp:paragraph -->\n\n<strong>4. Confidencialidad.<\/strong>\n\n<!-- \/wp:paragraph --><!-- wp:paragraph -->\n\nLa informaci\u00f3n personal es totalmente confidencial y APDEA.COM.AR tomar\u00e1 las medidas de seguridad para evitar su uso desautorizado de conformidad con lo dispuesto en la Ley 25.326 de Protecci\u00f3n de Datos Personales de Argentina, y en concordancia con los est\u00e1ndares normativos de privacidad de la Uni\u00f3n Europea y Latinoam\u00e9rica. Las comunicaciones privadas que pudieran darse entre el personal de APDEA.COM.AR y los usuarios tambi\u00e9n ser\u00e1n consideradas como confidenciales.\n\n<!-- \/wp:paragraph --><!-- wp:paragraph -->\n\nEl acceso a toda esta informaci\u00f3n estar\u00e1 restringido mediante herramientas tecnol\u00f3gicas y estrictos controles internos. Sin embargo no se considerar\u00e1n confidenciales las comunicaciones electr\u00f3nicas entre los usuarios o entre estos y APDEA.COM.AR con sugerencias y\/o consultas y\/o en cumplimiento de condiciones de promociones o concursos, boletines de novedades, publicidad o informaci\u00f3n solicitada. En estos casos APDEA.COM.AR podr\u00e1 retener y utilizar libremente dichas comunicaciones.\n\n<!-- \/wp:paragraph --><!-- wp:paragraph -->\n\n<strong>5. Finalidad.<\/strong>\n\n<!-- \/wp:paragraph --><!-- wp:paragraph -->\n\nEn cumplimiento de lo establecido en los arts. 2, 7 y 8 de la Ley 25.326, APDEA.COM.AR no solicitar\u00e1 informaci\u00f3n que sea incompatible con la finalidad del sitio web o de sus servicios, ni que directa o indirectamente revele datos sensibles de los usuarios, como ser datos que revelan origen racial y \u00e9tnico, opiniones pol\u00edticas, convicciones religiosas, filos\u00f3ficas o morales, afiliaci\u00f3n sindical, informaci\u00f3n referente a la salud o a la vida sexual.\n\n<!-- \/wp:paragraph --><!-- wp:paragraph -->\n\nDe la misma manera APDEA.COM.AR sugiere a los usuarios no incluir esta informaci\u00f3n en el sitio web. .\n\n<!-- \/wp:paragraph --><!-- wp:paragraph -->\n\n<strong>6. Administraci\u00f3n de la informaci\u00f3n.<\/strong>\n\n<!-- \/wp:paragraph --><!-- wp:paragraph -->\n\nAPDEA.COM.AR utilizar\u00e1 la informaci\u00f3n para los siguientes fines:\n\n<!-- \/wp:paragraph --><!-- wp:paragraph -->\n\na) identificaci\u00f3n y autenticaci\u00f3n,\n\n<!-- \/wp:paragraph --><!-- wp:paragraph -->\n\nb) administraci\u00f3n y gesti\u00f3n comercial,\n\n<!-- \/wp:paragraph --><!-- wp:paragraph -->\n\nc) mejora del servicio,\n\n<!-- \/wp:paragraph --><!-- wp:paragraph -->\n\nd) fines estad\u00edsticos,\n\n<!-- \/wp:paragraph --><!-- wp:paragraph -->\n\ne) env\u00edo de notificaciones, promociones o publicidad y actividades similares.\n\n<!-- \/wp:paragraph --><!-- wp:paragraph -->\n\nLos datos personales no ser\u00e1n difundidos ni empleados para un fin distinto o incompatible al tenido en cuenta al ser ingresados en la base de datos. APDEA.COM.AR podr\u00e1 emplear a otras compa\u00f1\u00edas y\/o personas f\u00edsicas para llevar a cabo tareas o funciones en su nombre. Entre los ejemplos de ese tipo podemos mencionar el de enviar correo postal y electr\u00f3nico, retirar informaci\u00f3n reiterativa de las listas de usuarios, analizar datos en forma estad\u00edstica, etc. Dichas personas cuentan con acceso a la informaci\u00f3n personal necesaria para cumplir con sus tareas y funciones, pero no pueden utilizarla con otros fines distintos. Si se tratase de una comunicaci\u00f3n de publicidad directa no requerida o consentida previamente por el Usuario, como la recepci\u00f3n de boletines de novedades o publicidad de acciones no solicitadas, APDEA.COM.AR le otorgar\u00e1 al Usuario la posibilidad de ser retirado o bloqueado de dicha base de datos espec\u00edfica. En caso de cesi\u00f3n o utilizaci\u00f3n para un fin diferente, APDEA.COM.AR solicitar\u00e1 a los usuarios su consentimiento libre, expreso e informado. En el caso de venta, cesi\u00f3n, fusi\u00f3n, consolidaci\u00f3n, venta de la totalidad o parte sustancial de sus activos, APDEA.COM.AR podr\u00e1 revelar o transmitir dicha informaci\u00f3n a terceros.\n\n<!-- \/wp:paragraph --><!-- wp:paragraph -->\n\n<strong>7. Registro de la Base de Datos.<\/strong>\n\n<!-- \/wp:paragraph --><!-- wp:paragraph -->\n\nLos datos recabados por el sitio web son incorporados a una base de datos de la cual APDEA.COM.AR es responsable. La misma ser\u00e1 registrada en la Direcci\u00f3n Nacional de Protecci\u00f3n de Datos Personales del Ministerio de Justicia y Derechos Humanos de la Naci\u00f3n (Rep\u00fablica Argentina), en cumplimiento de lo dispuesto en el art. 3 de la Ley 25.326. La Direcci\u00f3n Nacional de Protecci\u00f3n de Datos Personales, \u00d3rgano de Control de la Ley N\u00ba 25.326, tiene la atribuci\u00f3n de atender las denuncias y reclamos que se interpongan con relaci\u00f3n al incumplimiento de las normas sobre protecci\u00f3n de datos personales.\n\n<!-- \/wp:paragraph --><!-- wp:paragraph \/--><!-- wp:paragraph \/--><!-- wp:paragraph -->\n\n<strong>8. Derechos.<\/strong>\n\n<!-- \/wp:paragraph --><!-- wp:paragraph -->\n\nEl usuario tiene la facultad de ejercer el derecho de acceso a sus datos en forma gratuita a intervalos no inferiores a seis (6) meses, salvo que se acredite un inter\u00e9s leg\u00edtimo al efecto conforme lo establecido en el art\u00edculo 14, inciso 3 de la Ley N\u00ba 25.326. La Direcci\u00f3n Nacional de Protecci\u00f3n de Datos Personales, \u00d3rgano de Control de la Ley N\u00ba 25.326, tiene la atribuci\u00f3n de atender las denuncias y reclamos que se interpongan con relaci\u00f3n al incumplimiento de las normas sobre protecci\u00f3n de datos personales. Asimismo, se deja constancia que el titular de los datos podr\u00e1 en cualquier momento solicitar el retiro o bloqueo de su nombre de los bancos de datos (Ley 25.326, art. 27, inc. 3). Esto se hace en cumplimiento de lo establecido en el Decreto 1558\/2001, art. 27, p\u00e1rrafo 3, que establece que \u201cen toda comunicaci\u00f3n con fines de publicidad que se realice por correo, tel\u00e9fono, correo electr\u00f3nico, Internet u otro medio a distancia a conocer, se deber\u00e1 indicar, en forma expresa y destacada, la posibilidad del titular del dato de solicitar el retiro o bloqueo, total o parcial, de su nombre de la base de datos.\n\n<!-- \/wp:paragraph --><!-- wp:paragraph \/--><!-- wp:paragraph \/--><!-- wp:paragraph \/--><!-- wp:paragraph \/--><!-- wp:paragraph -->\n\n<strong>9. Procedimiento.<\/strong>\n\n<!-- \/wp:paragraph --><!-- wp:paragraph -->\n\nLos navegantes registrados tiene la facultad de ingresar a su perfil de usuario mediante la secci\u00f3n correspondiente de la web <a href=\"http:\/\/www.apdea.com.ar\/\">www.apdea.com.ar<\/a> y eliminar por completo en cualquier momento sus datos. Para que el Usuario pueda hacer efectivo su derecho de acceso, rectificaci\u00f3n, actualizaci\u00f3n, supresi\u00f3n y confidencialidad de cualquier otro dato, deber\u00e1 tener en consideraci\u00f3n lo siguiente:\n\n<!-- \/wp:paragraph --><!-- wp:paragraph -->\n\na. La solicitud de obtenci\u00f3n de informaci\u00f3n, rectificaci\u00f3n, actualizaci\u00f3n o supresi\u00f3n de datos personales debe efectuarse por carta documento dirigida a A.P.D.E.A. Asociaci\u00f3n de Profesionales de la Direcci\u00f3n Esc\u00e9nica Argentina, Pringles 316, cp C1183 AEF, Ciudad Aut\u00f3noma de Buenos Aires, Rep\u00fablica Argentina, acreditando la identidad y el leg\u00edtimo derecho.\n\n<!-- \/wp:paragraph --><!-- wp:paragraph -->\n\nb. Una vez recibida y aprobada dicha solicitud, APDEA.COM.AR la contestar\u00e1 en lenguaje accesible y entendible, previa confirmaci\u00f3n de identidad, dentro de los diez (10) d\u00edas corridos para el caso de pedido de informaci\u00f3n mientras que, para el pedido de rectificaci\u00f3n, actualizaci\u00f3n o supresi\u00f3n de datos, el responsable contar\u00e1 con cinco (5) d\u00edas h\u00e1biles para contestar.\n\n<!-- \/wp:paragraph --><!-- wp:paragraph -->\n\nc. APDEA.COM.AR informar\u00e1 de la forma m\u00e1s concreta y claramente posible y contestar\u00e1 de acuerdo a la preferencia que expresamente haya manifestado el interesado en su solicitud. En ning\u00fan caso el informe podr\u00e1 revelar datos pertenecientes a terceros.\n\n<!-- \/wp:paragraph --><!-- wp:paragraph -->\n\nd. La informaci\u00f3n podr\u00e1 ser denegada cuando de tal modo se pudieran obstaculizar actuaciones judiciales o administrativas en curso.\n\n<!-- \/wp:paragraph --><!-- wp:paragraph -->\n\n<strong>10. Seguridad de la informaci\u00f3n.<\/strong>\n\n<!-- \/wp:paragraph --><!-- wp:paragraph -->\n\nAPDEA.COM.AR se ocupa por mantener todo el tiempo la seguridad de la informaci\u00f3n personal que brindan los usuarios, implementando las medidas t\u00e9cnicas y organizativas internas necesarias para garantizar la seguridad y confidencialidad de los datos y tratando por todos los medios de evitar el acceso no autorizado a los mismos. Sin embargo, en raz\u00f3n del estado actual de la tecnolog\u00eda, APDEA.COM.AR no puede garantizar que el acceso no autorizado no ocurrir\u00e1 nunca.\n\n<!-- \/wp:paragraph --><!-- wp:paragraph \/--><!-- wp:paragraph -->\n\n<strong>11. Seguridad de las contrase\u00f1as.<\/strong>\n\n<!-- \/wp:paragraph --><!-- wp:paragraph -->\n\nPara acceder y editar su perfil personal en el sitio web de APDEA.COM.AR, los usuarios utilizar\u00e1n una contrase\u00f1a. APDEA.COM.AR no tendr\u00e1 acceso ni dispondr\u00e1 en ning\u00fan momento de dicha contrase\u00f1a y aconseja fuertemente al usuario a consignar una contrase\u00f1a alfanum\u00e9rica con altos grados de seguridad y que no tenga relaci\u00f3n con informaci\u00f3n sobre su persona a fin que no pueda ser deducida por terceros. Asimismo, se recomienda que sea modificada peri\u00f3dicamente. Los usuarios deber\u00e1n guardar absoluta seguridad y confidencialidad de las contrase\u00f1as en el sitio web siendo los \u00fanicos responsables legales de todas las acciones que desde su cuenta se realicen, incluso si su contrase\u00f1a fuera utilizada de cualquier forma por terceros, lo que incluye el pago de las tarifas que se devenguen o por los perjuicios que puedan sufrir otros usuarios o APDEA.COM.AR. Por dicha raz\u00f3n deber\u00e1n realizar el mayor esfuerzo para evitar su utilizaci\u00f3n por parte de terceras personas ajenas al Usuario, sobre todo las no autorizadas.\n\n<!-- \/wp:paragraph --><!-- wp:paragraph \/--><!-- wp:paragraph \/--><!-- wp:paragraph \/--><!-- wp:paragraph -->\n\n<strong>12. uso de cookies.<\/strong>\n\n<!-- \/wp:paragraph --><!-- wp:paragraph -->\n\nLos usuarios conocen y aceptan de plena conformidad que APDEA.COM.AR podr\u00e1 utilizar un sistema de seguimiento mediante el uso de cookies. Las Cookies son archivos que se alojan en el disco r\u00edgido, con una duraci\u00f3n limitada en el tiempo que ayudan a personalizar los servicios. Las mismas permitir\u00e1n recoger datos a efectos de la autenticaci\u00f3n de usuarios, validaci\u00f3n de identidad y para evaluar el comportamiento y la demograf\u00eda de los usuarios con el fin de ofrecerles un mejor servicio. Asimismo, podr\u00e1n utilizarse con fines estad\u00edsticos tales como: fecha de la primera visita, n\u00famero de veces que se ha visitado, fecha de la \u00faltima visita, URL y dominio de la que proviene, explorador utilizado, resoluci\u00f3n de la pantalla, entre otras acciones del Usuario. Tambi\u00e9n son utilizadas las Cookies para promover y hacer cumplir las reglas y seguridad del sitio. Toda esta informaci\u00f3n no ser\u00e1 asociada a los datos personales de los usuarios. No obstante, el Usuario puede desactivar y\/o eliminar estas cookies a trav\u00e9s de su navegador de Internet, sabiendo que con esta opci\u00f3n, es posible que no se puedan acceder a ciertos contenidos del Sitio. APDEA.COM.AR pone en su conocimiento que en ocasiones, puede haber existencia de cookies o archivos de similares caracter\u00edsticas instalados por terceros en algunos enlaces con el sitio web que no son controlados por APDEA.COM.AR. APDEA.COM.AR es responsable solamente por la utilizaci\u00f3n de Cookies por su propio sitio web y no por el uso de Cookies por parte de anunciantes.\n\n<!-- \/wp:paragraph --><!-- wp:paragraph \/--><!-- wp:paragraph -->\n\n<strong>13. Enlaces con otros sitios web.<\/strong>\n\n<!-- \/wp:paragraph --><!-- wp:paragraph -->\n\nEl sitio web puede contener enlaces o links publicitarios con sitios web de terceros. Sin embargo APDEA.COM.AR no dispone de control alguno ni ostenta responsabilidad alguna sobre las pol\u00edticas o medidas de protecci\u00f3n de datos de otras aplicaciones y\/o sitios\u00a0web.\n\n<!-- \/wp:paragraph --><!-- wp:paragraph \/--><!-- wp:paragraph -->\n\nLa presente Pol\u00edtica de Privacidad forma parte integrante de los T\u00e9rminos y Condiciones de Uso del Sitio.","protected":false},"excerpt":{"rendered":"<p>La Pol\u00edtica de Privacidad de www.apdea.com.ar es aplicable a todos los usuarios del sitio web desde el momento de la navegaci\u00f3n por el mismo y\/o de la aceptaci\u00f3n de los T\u00e9rminos y Condiciones de Uso, y tiene como objetivo que los usuarios conozcan el trato que APDEA.COM.AR les dar\u00e1 a sus datos personales. 1. Disposiciones [&hellip;]<\/p>\n","protected":false},"author":96739723,"featured_media":0,"parent":0,"menu_order":0,"comment_status":"closed","ping_status":"closed","template":"","meta":{"footnotes":""},"class_list":["post-1142","page","type-page","status-publish","hentry","post"],"rttpg_featured_image_url":null,"rttpg_author":{"display_name":"Webmaster Dos","author_link":"https:\/\/apdea.com.ar\/web\/author\/webmaster2\/"},"rttpg_comment":0,"rttpg_category":null,"rttpg_excerpt":"La Pol\u00edtica de Privacidad de www.apdea.com.ar es aplicable a todos los usuarios del sitio web desde el momento de la navegaci\u00f3n por el mismo y\/o de la aceptaci\u00f3n de los T\u00e9rminos y Condiciones de Uso, y tiene como objetivo que los usuarios conozcan el trato que APDEA.COM.AR les dar\u00e1 a sus datos personales. 1. Disposiciones&hellip;","_links":{"self":[{"href":"https:\/\/apdea.com.ar\/web\/wp-json\/wp\/v2\/pages\/1142","targetHints":{"allow":["GET"]}}],"collection":[{"href":"https:\/\/apdea.com.ar\/web\/wp-json\/wp\/v2\/pages"}],"about":[{"href":"https:\/\/apdea.com.ar\/web\/wp-json\/wp\/v2\/types\/page"}],"author":[{"embeddable":true,"href":"https:\/\/apdea.com.ar\/web\/wp-json\/wp\/v2\/users\/96739723"}],"replies":[{"embeddable":true,"href":"https:\/\/apdea.com.ar\/web\/wp-json\/wp\/v2\/comments?post=1142"}],"version-history":[{"count":20,"href":"https:\/\/apdea.com.ar\/web\/wp-json\/wp\/v2\/pages\/1142\/revisions"}],"predecessor-version":[{"id":2071,"href":"https:\/\/apdea.com.ar\/web\/wp-json\/wp\/v2\/pages\/1142\/revisions\/2071"}],"wp:attachment":[{"href":"https:\/\/apdea.com.ar\/web\/wp-json\/wp\/v2\/media?parent=1142"}],"curies":[{"name":"wp","href":"https:\/\/api.w.org\/{rel}","templated":true}]}}