{"id":1178,"date":"2020-07-23T18:28:11","date_gmt":"2020-07-23T18:28:11","guid":{"rendered":"http:\/\/apdea.com.ar\/web\/user\/"},"modified":"2025-02-24T00:36:48","modified_gmt":"2025-02-24T03:36:48","slug":"user","status":"publish","type":"page","link":"https:\/\/apdea.com.ar\/web\/user\/","title":{"rendered":"Datos personales"},"content":{"rendered":"\n<p style=\"font-size:12px\"><a href=\"http:\/\/apdea.com.ar\/web\/members\/\">&lt; Volver al Directorio<\/a><\/p>\n\n\n<div class=\"um um-profile um-1176 um-role-\">\n\t<div class=\"um-form\" data-mode=\"profile\" data-form_id=\"1176\">\n\t\t\t<div class=\"um-cover\"\n\t\tdata-user_id=\"0\" data-ratio=\"2.7:1\">\n\t\t\n\t\t\t<div class=\"um-dropdown\" data-element=\"div.um-cover\" data-position=\"bc\" data-trigger=\"click\">\n\t\t\t\t<div class=\"um-dropdown-b\">\n\t\t\t\t\t<div class=\"um-dropdown-arr\"><i class=\"\"><\/i><\/div>\n\t\t\t\t\t<ul>\n\t\t\t\t\t\t\t\t\t\t\t\t\t<li><a href=\"javascript:void(0);\" class=\"um-manual-trigger\" data-parent=\".um-cover\" data-child=\".um-btn-auto-width\">Subir una foto de portada<\/a><\/li>\n\t\t\t\t\t\t\t\t\t\t\t\t\t<li><a href=\"javascript:void(0);\" class=\"um-dropdown-hide\">Cancelar<\/a><\/li>\n\t\t\t\t\t\t\t\t\t\t\t<\/ul>\n\t\t\t\t<\/div>\n\t\t\t<\/div>\n\n\t\t\t<div style=\"display: none !important;\"><div  id=\"um_field_1176_cover_photo\" class=\"um-field um-field-image  um-field-cover_photo um-field-image um-field-type_image\" data-key=\"cover_photo\" data-mode=\"\" data-upload-label=\"Subir\"><input type=\"hidden\" name=\"cover_photo\" id=\"cover_photo\" value=\"\"  aria-invalid=\"false\" \/><div class=\"um-field-label\"><label for=\"cover_photo\">Cambia tu foto de portada<\/label><div class=\"um-clear\"><\/div><\/div><div class=\"um-field-area\" style=\"text-align: center;\"><div class=\"um-single-image-preview crop\" data-crop=\"cover\" data-key=\"cover_photo\"><a href=\"javascript:void(0);\" class=\"cancel\"><i class=\"um-icon-close\"><\/i><\/a><img decoding=\"async\" class=\"fusion-lazyload-ignore\" src=\"\" alt=\"\" \/><div class=\"um-clear\"><\/div><\/div><a href=\"javascript:void(0);\" data-modal=\"um_upload_single\" data-modal-size=\"large\" data-modal-copy=\"1\" class=\"um-button um-btn-auto-width\">Subir<\/a><\/div><div class=\"um-modal-hidden-content\"><div class=\"um-modal-header\"> Cambia tu foto de portada<\/div><div class=\"um-modal-body\"><div class=\"um-single-image-preview crop\"  data-crop=\"cover\" data-ratio=\"2.7\" data-min_width=\"1000\" data-min_height=\"\" data-coord=\"\"><a href=\"javascript:void(0);\" class=\"cancel\"><i class=\"um-icon-close\"><\/i><\/a><img decoding=\"async\" class=\"fusion-lazyload-ignore\" src=\"\" alt=\"\" \/><div class=\"um-clear\"><\/div><\/div><div class=\"um-clear\"><\/div><div class=\"um-single-image-upload\" data-user_id=\"\" data-nonce=\"ff023a6fb7\" data-timestamp=\"1776378935\"  data-set_id=\"1176\" data-set_mode=\"\" data-type=\"image\" data-key=\"cover_photo\" data-max_size=\"999999999\" data-max_size_error=\"\u00a1Esta imagen es demasiado grande!\" data-min_size_error=\"\u00a1Esta imagen es demasiado peque\u00f1a!\" data-extension_error=\"Disculpa, pero no es una imagen v\u00e1lida.\"  data-allowed_types=\"gif,jpg,jpeg,png,webp\" data-upload_text=\"Sube aqu\u00ed la foto de portada&lt;small class=&quot;um-max-filesize&quot;&gt;( m\u00e1x: &lt;span&gt;953.7MB&lt;\/span&gt; )&lt;\/small&gt;\" data-max_files_error=\"Solo puedes subir una imagen\" data-upload_help_text=\"\">Subir<\/div><div class=\"um-modal-footer\">\n\t\t\t\t\t\t\t\t\t<div class=\"um-modal-right\">\n\t\t\t\t\t\t\t\t\t\t<a href=\"javascript:void(0);\" class=\"um-modal-btn um-finish-upload image disabled\" data-key=\"cover_photo\" data-change=\"Cambiar la foto\" data-processing=\"Procesando...\">Aplicar<\/a>\n\t\t\t\t\t\t\t\t\t\t<a href=\"javascript:void(0);\" class=\"um-modal-btn alt\" data-action=\"um_remove_modal\"> Cancelar<\/a>\n\t\t\t\t\t\t\t\t\t<\/div>\n\t\t\t\t\t\t\t\t\t<div class=\"um-clear\"><\/div>\n\t\t\t\t\t\t\t\t<\/div><\/div><\/div><\/div><\/div>\t\t<div class=\"um-cover-e\" data-ratio=\"2.7:1\">\n\t\t\t\t\t\t\t<a href=\"javascript:void(0);\" class=\"um-cover-add\"><span class=\"um-cover-add-i\"><i\n\t\t\t\t\tclass=\"um-icon-plus um-tip-n\"\n\t\t\t\t\ttitle=\"Subir una foto de portada\"><\/i><\/span><\/a>\n\t\t\t\t\t\t<\/div>\n\t\t\t<\/div>\n\t\n\t<div class=\"um-header\">\n\n\t\t\n\t\t<div class=\"um-profile-photo\" data-user_id=\"0\"  aria-invalid=\"false\" >\n\n\t\t\t<a href=\"\" class=\"um-profile-photo-img\" title=\"\">\n\t\t\t\t<span class=\"um-profile-photo-overlay\">\n\t\t\t<span class=\"um-profile-photo-overlay-s\">\n\t\t\t\t<ins>\n\t\t\t\t\t<i class=\"um-faicon-camera\"><\/i>\n\t\t\t\t<\/ins>\n\t\t\t<\/span>\n\t\t<\/span><img alt='' src='https:\/\/secure.gravatar.com\/avatar\/?s=190&#038;d=mm&#038;r=g' srcset='https:\/\/secure.gravatar.com\/avatar\/?s=380&#038;d=mm&#038;r=g 2x' class='avatar avatar-190 photo avatar-default' height='190' width='190' \/>\t\t\t<\/a>\n\n\t\t\t<div style=\"display: none !important;\"><div  id=\"um_field_1176_profile_photo\" class=\"um-field um-field-image  um-field-profile_photo um-field-image um-field-type_image\" data-key=\"profile_photo\" data-mode=\"\" data-upload-label=\"Subir\"><input type=\"hidden\" name=\"profile_photo\" id=\"profile_photo\" value=\"\"  aria-invalid=\"false\" \/><div class=\"um-field-label\"><label for=\"profile_photo\">Cambiar tu foto de perfil<\/label><div class=\"um-clear\"><\/div><\/div><div class=\"um-field-area\" style=\"text-align: center;\"><div class=\"um-single-image-preview crop\" data-crop=\"square\" data-key=\"profile_photo\"><a href=\"javascript:void(0);\" class=\"cancel\"><i class=\"um-icon-close\"><\/i><\/a><img decoding=\"async\" class=\"fusion-lazyload-ignore\" src=\"\" alt=\"\" \/><div class=\"um-clear\"><\/div><\/div><a href=\"javascript:void(0);\" data-modal=\"um_upload_single\" data-modal-size=\"normal\" data-modal-copy=\"1\" class=\"um-button um-btn-auto-width\">Subir<\/a><\/div><div class=\"um-modal-hidden-content\"><div class=\"um-modal-header\"> Cambiar tu foto de perfil<\/div><div class=\"um-modal-body\"><div class=\"um-single-image-preview crop\"  data-crop=\"square\" data-ratio=\"1\" data-min_width=\"190\" data-min_height=\"190\" data-coord=\"\"><a href=\"javascript:void(0);\" class=\"cancel\"><i class=\"um-icon-close\"><\/i><\/a><img decoding=\"async\" class=\"fusion-lazyload-ignore\" src=\"\" alt=\"\" \/><div class=\"um-clear\"><\/div><\/div><div class=\"um-clear\"><\/div><div class=\"um-single-image-upload\" data-user_id=\"\" data-nonce=\"ff023a6fb7\" data-timestamp=\"1776378935\"  data-set_id=\"1176\" data-set_mode=\"\" data-type=\"image\" data-key=\"profile_photo\" data-max_size=\"999999999\" data-max_size_error=\"\u00a1Esta imagen es demasiado grande!\" data-min_size_error=\"\u00a1Esta imagen es demasiado peque\u00f1a!\" data-extension_error=\"Disculpa, pero no es una imagen v\u00e1lida.\"  data-allowed_types=\"gif,jpg,jpeg,png,webp\" data-upload_text=\"Sube aqu\u00ed tu foto&lt;small class=&quot;um-max-filesize&quot;&gt;( m\u00e1x: &lt;span&gt;953.7MB&lt;\/span&gt; )&lt;\/small&gt;\" data-max_files_error=\"Solo puedes subir una imagen\" data-upload_help_text=\"\">Subir<\/div><div class=\"um-modal-footer\">\n\t\t\t\t\t\t\t\t\t<div class=\"um-modal-right\">\n\t\t\t\t\t\t\t\t\t\t<a href=\"javascript:void(0);\" class=\"um-modal-btn um-finish-upload image disabled\" data-key=\"profile_photo\" data-change=\"Cambiar la foto\" data-processing=\"Procesando...\">Aplicar<\/a>\n\t\t\t\t\t\t\t\t\t\t<a href=\"javascript:void(0);\" class=\"um-modal-btn alt\" data-action=\"um_remove_modal\"> Cancelar<\/a>\n\t\t\t\t\t\t\t\t\t<\/div>\n\t\t\t\t\t\t\t\t\t<div class=\"um-clear\"><\/div>\n\t\t\t\t\t\t\t\t<\/div><\/div><\/div><\/div><\/div>\n\t\t\t<div class=\"um-dropdown\" data-element=\"div.um-profile-photo\" data-position=\"bc\" data-trigger=\"click\">\n\t\t\t\t<div class=\"um-dropdown-b\">\n\t\t\t\t\t<div class=\"um-dropdown-arr\"><i class=\"\"><\/i><\/div>\n\t\t\t\t\t<ul>\n\t\t\t\t\t\t\t\t\t\t\t\t\t<li><a href=\"javascript:void(0);\" class=\"um-manual-trigger\" data-parent=\".um-profile-photo\" data-child=\".um-btn-auto-width\" data-alt_text=\"Cambiar la foto\">Subir una foto<\/a><\/li>\n\t\t\t\t\t\t\t\t\t\t\t\t\t<li><a href=\"javascript:void(0);\" class=\"um-reset-profile-photo\" data-user_id=\"0\" data-default_src=\"https:\/\/apdea.com.ar\/web\/wp-content\/plugins\/ultimate-member\/assets\/img\/default_avatar.jpg\" style=\"display:none;\">Borrar la foto<\/a><\/li>\n\t\t\t\t\t\t\t\t\t\t\t\t\t<li><a href=\"javascript:void(0);\" class=\"um-dropdown-hide\">Cancelar<\/a><\/li>\n\t\t\t\t\t\t\t\t\t\t\t<\/ul>\n\t\t\t\t<\/div>\n\t\t\t<\/div>\n\n\t\t\t\n\t\t<\/div>\n\n\t\t<div class=\"um-profile-meta\">\n\n\t\t\t\n\t\t\t<div class=\"um-main-meta\">\n\n\t\t\t\t\t\t\t\t\t<div class=\"um-name\">\n\n\t\t\t\t\t\t<a href=\"\"\n\t\t\t\t\t\t   title=\"\"><\/a>\n\n\t\t\t\t\t\t\t\t\t\t\t<\/div>\n\t\t\t\t\n\t\t\t\t<div class=\"um-clear\"><\/div>\n\n\t\t\t\t<div class=\"um-profile-connect um-member-connect\"><\/div>\t\t\t<\/div>\n\n\t\t\t\t\t\t\t<div class=\"um-meta\">\n\t\t\t\t\t\t\t\t\t<\/div>\n\t\t\t\t\n\t\t\t<div class=\"um-profile-status \">\n\t\t\t\t<span>\n\t\t\t\t\tEl estado de la cuenta de este usuario es Indefinido\t\t\t\t<\/span>\n\t\t\t<\/div>\n\n\t\t\t\t\t<\/div>\n\t\t<div class=\"um-clear\"><\/div>\n\n\t\t\n\t<\/div>\n\n\t\n\t\t<div class=\"um-profile-navbar \">\n\t\t\t\t\t\t<div class=\"um-clear\"><\/div>\n\t\t<\/div>\n\n\t\t\t\t\t\t<div class=\"um-profile-body main main-default\">\n\n\t\t\t\t\t<p class=\"um-profile-note\"><span>Este usuario a\u00fan no ha a\u00f1adido informaci\u00f3n a su perfil.<\/span><\/p><div class=\"um-row-heading\" style=\"margin: 0px 0px 30px 0px;margin-bottom: 0px;padding: 10px 15px;border-width: 0px 0px 0px 0px;border-style: solid;border-radius: 0px 0px 0px 0px;border-bottom-width: 0px;background-color: #000000;color: #ffffff;\">1 - DATOS A CARGAR POR APDEA<\/div><div class=\"um-row _um_row_1  um-customized-row\" style=\"padding: 10px 10px 10px 10px;background-color: #e2e2e2;margin: 0px 0px 30px 0px;margin-top: 0px;border-width: 0px 0px 0px 0px;border-top-width: 0px;border-style: solid;border-radius: 0px 0px 0px 0px;color: #000000 !important;\"><div class=\"um-col-1\"><\/div><\/div><div class=\"um-row-heading\" style=\"margin: 0px 0px 30px 0px;margin-bottom: 0px;padding: 10px 15px;border-width: 0px 0px 0px 0px;border-style: solid;border-radius: 4px 4px 0px 0px;border-bottom-width: 0px;background-color: #dd3333;color: #ffffff;\">2 - DATOS PARA EL INGRESO AL SISTEMA<\/div><div class=\"um-row _um_row_2  um-customized-row\" style=\"padding: 10px 10px 10px 10px;background-color: #ead1d0;margin: 0px 0px 30px 0px;margin-top: 0px;border-width: 0px 0px 0px 0px;border-top-width: 0px;border-style: solid;border-radius: 0px 0px 4px 4px;color: #000000 !important;\"><div class=\"um-col-1\"><\/div><\/div><div class=\"um-row-heading\" style=\"margin: 0px 0px 30px 0px;margin-bottom: 0px;padding: 10px 15px;border-width: 0px 0px 0px 0px;border-style: solid;border-radius: 10px 10px 0px 0px;border-bottom-width: 0px;background-color: #dd9933;color: #000000;\">3 - DIRECTORIO DE PROFESIONALES<\/div><div class=\"um-row _um_row_3  um-customized-row\" style=\"padding: 10px 10px 10px 10px;background-color: #ddcfb1;margin: 0px 0px 30px 0px;margin-top: 0px;border-width: 0px 0px 0px 0px;border-top-width: 0px;border-style: solid;border-radius: 0px 0px 10px 10px;color: #000000 !important;\"><div class=\"um-col-1\"><\/div><\/div><div class=\"um-row-heading\" style=\"margin: 0px 0px 30px 0px;margin-bottom: 0px;padding: 10px 15px;border-width: 0px 0px 0px 0px;border-style: solid;border-radius: 0px 0px 0px 0px;border-bottom-width: 0px;background-color: #000000;color: #ffffff;\">4 - DATOS REQUERIDOS PARA ASOCIARSE EN CARACTER DE DDJJ<\/div><div class=\"um-row _um_row_4  um-customized-row\" style=\"padding: 10px 10px 10px 10px;background-color: #e5e5e5;margin: 0px 0px 30px 0px;margin-top: 0px;border-width: 0px 0px 0px 0px;border-top-width: 0px;border-style: solid;border-radius: 0px 0px 0px 0px;color: #000000 !important;\"><div class=\"um-col-1\"><\/div><\/div><div class=\"um-row-heading\" style=\"margin: 0px 0px 30px 0px;margin-bottom: 0px;padding: 10px 15px;border-width: 0px 0px 0px 0px;border-style: solid;border-radius: 10px 10px 0px 0px;border-bottom-width: 0px;background-color: #c6c6c6;color: #000000;\">5 - COMUNICACI\u00d3N Y REDES SOCIALES<\/div><div class=\"um-row _um_row_5 \" style=\"padding: 10px 10px 10px 10px;background-color: #b7b7b7;margin: 0px 0px 30px 0px;margin-top: 0px;border-width: 0px 0px 0px 0px;border-top-width: 0px;border-style: solid;border-radius: 0px 0px 10px 10px;\"><div class=\"um-col-1\"><\/div><\/div>\t\t\t\t\t<div class=\"clear\"><\/div>\n\t\t\t\t<\/div>\n\t\t\t\t\t<\/div>\n<\/div>\n<style>\n\t\t\t.um-1176.um {\n\t\t\tmax-width: 1800;\n\t\t}\n\t\t<\/style>\n<style>\n\t\t\t.um-1176.um .um-profile-body {\n\t\t\tmax-width: 1400;\n\t\t}\n\t\t.um-1176.um .um-profile-photo a.um-profile-photo-img {\n\t\twidth: 190px;\n\t\theight: 190px;\n\t}\n\t.um-1176.um .um-profile-photo a.um-profile-photo-img {\n\t\ttop: -105px;\n\t}\n\t\t\t.um-1176.um .um-profile-meta {\n\t\t\tpadding-left: 250px;\n\t\t}\n\t<\/style>\n\n\n\n<div class=\"um um-profile um-viewing um-2121 um-role-\">\n\t<div class=\"um-form\" data-mode=\"profile\" data-form_id=\"2121\">\n\t\t\t<div class=\"um-cover\"\n\t\tdata-user_id=\"0\" data-ratio=\"2.7:1\">\n\t\t\n\t\t\t<div class=\"um-dropdown\" data-element=\"div.um-cover\" data-position=\"bc\" data-trigger=\"click\">\n\t\t\t\t<div class=\"um-dropdown-b\">\n\t\t\t\t\t<div class=\"um-dropdown-arr\"><i class=\"\"><\/i><\/div>\n\t\t\t\t\t<ul>\n\t\t\t\t\t\t\t\t\t\t\t\t\t<li><a href=\"javascript:void(0);\" class=\"um-manual-trigger\" data-parent=\".um-cover\" data-child=\".um-btn-auto-width\">Subir una foto de portada<\/a><\/li>\n\t\t\t\t\t\t\t\t\t\t\t\t\t<li><a href=\"javascript:void(0);\" class=\"um-dropdown-hide\">Cancelar<\/a><\/li>\n\t\t\t\t\t\t\t\t\t\t\t<\/ul>\n\t\t\t\t<\/div>\n\t\t\t<\/div>\n\n\t\t\t<div style=\"display: none !important;\"><div  id=\"um_field_2121_cover_photo\" class=\"um-field um-field-image  um-field-cover_photo um-field-image um-field-type_image\" data-key=\"cover_photo\" data-mode=\"profile\" data-upload-label=\"Subir\"><input type=\"hidden\" name=\"cover_photo-1176\" id=\"cover_photo-1176\" value=\"\"  aria-invalid=\"false\" \/><div class=\"um-field-label\"><div class=\"um-field-label-icon\"><i class=\"far fa-image\" aria-label=\"Cambia tu foto de portada\"><\/i><\/div><label for=\"cover_photo-1176\">Cambia tu foto de portada<\/label><div class=\"um-clear\"><\/div><\/div><div class=\"um-field-area\" style=\"text-align: center;\"><div class=\"um-single-image-preview crop\" data-crop=\"cover\" data-key=\"cover_photo\"><a href=\"javascript:void(0);\" class=\"cancel\"><i class=\"um-icon-close\"><\/i><\/a><img decoding=\"async\" class=\"fusion-lazyload-ignore\" src=\"\" alt=\"\" \/><div class=\"um-clear\"><\/div><\/div><a href=\"javascript:void(0);\" data-modal=\"um_upload_single\" data-modal-size=\"large\" data-modal-copy=\"1\" class=\"um-button um-btn-auto-width\">Subir<\/a><\/div><div class=\"um-modal-hidden-content\"><div class=\"um-modal-header\"> Cambia tu foto de portada<\/div><div class=\"um-modal-body\"><div class=\"um-single-image-preview crop\"  data-crop=\"cover\" data-ratio=\"2.7\" data-min_width=\"1000\" data-min_height=\"\" data-coord=\"\"><a href=\"javascript:void(0);\" class=\"cancel\"><i class=\"um-icon-close\"><\/i><\/a><img decoding=\"async\" class=\"fusion-lazyload-ignore\" src=\"\" alt=\"\" \/><div class=\"um-clear\"><\/div><\/div><div class=\"um-clear\"><\/div><div class=\"um-single-image-upload\" data-user_id=\"\" data-nonce=\"ff023a6fb7\" data-timestamp=\"1776378935\"  data-set_id=\"2121\" data-set_mode=\"profile\" data-type=\"image\" data-key=\"cover_photo\" data-max_size=\"999999999\" data-max_size_error=\"\u00a1Esta imagen es demasiado grande!\" data-min_size_error=\"\u00a1Esta imagen es demasiado peque\u00f1a!\" data-extension_error=\"Disculpa, pero no es una imagen v\u00e1lida.\"  data-allowed_types=\"gif,jpg,jpeg,png,webp\" data-upload_text=\"Sube aqu\u00ed la foto de portada&lt;small class=&quot;um-max-filesize&quot;&gt;( m\u00e1x: &lt;span&gt;953.7MB&lt;\/span&gt; )&lt;\/small&gt;\" data-max_files_error=\"Solo puedes subir una imagen\" data-upload_help_text=\"\">Subir<\/div><div class=\"um-modal-footer\">\n\t\t\t\t\t\t\t\t\t<div class=\"um-modal-right\">\n\t\t\t\t\t\t\t\t\t\t<a href=\"javascript:void(0);\" class=\"um-modal-btn um-finish-upload image disabled\" data-key=\"cover_photo\" data-change=\"Cambiar la foto\" data-processing=\"Procesando...\">Aplicar<\/a>\n\t\t\t\t\t\t\t\t\t\t<a href=\"javascript:void(0);\" class=\"um-modal-btn alt\" data-action=\"um_remove_modal\"> Cancelar<\/a>\n\t\t\t\t\t\t\t\t\t<\/div>\n\t\t\t\t\t\t\t\t\t<div class=\"um-clear\"><\/div>\n\t\t\t\t\t\t\t\t<\/div><\/div><\/div><\/div><\/div>\t\t<div class=\"um-cover-e\" data-ratio=\"2.7:1\">\n\t\t\t\t\t\t\t<a href=\"javascript:void(0);\" class=\"um-cover-add\"><span class=\"um-cover-add-i\"><i\n\t\t\t\t\tclass=\"um-icon-plus um-tip-n\"\n\t\t\t\t\ttitle=\"Subir una foto de portada\"><\/i><\/span><\/a>\n\t\t\t\t\t\t<\/div>\n\t\t\t<\/div>\n\t\n\t<div class=\"um-header\">\n\n\t\t\n\t\t<div class=\"um-profile-photo\" data-user_id=\"0\"  aria-invalid=\"false\" >\n\n\t\t\t<a href=\"\" class=\"um-profile-photo-img\" title=\"\">\n\t\t\t\t<span class=\"um-profile-photo-overlay\">\n\t\t\t<span class=\"um-profile-photo-overlay-s\">\n\t\t\t\t<ins>\n\t\t\t\t\t<i class=\"um-faicon-camera\"><\/i>\n\t\t\t\t<\/ins>\n\t\t\t<\/span>\n\t\t<\/span><img alt='' src='https:\/\/secure.gravatar.com\/avatar\/?s=190&#038;d=mm&#038;r=g' srcset='https:\/\/secure.gravatar.com\/avatar\/?s=380&#038;d=mm&#038;r=g 2x' class='avatar avatar-190 photo avatar-default' height='190' width='190' \/>\t\t\t<\/a>\n\n\t\t\t<div style=\"display: none !important;\"><div  id=\"um_field_2121_profile_photo\" class=\"um-field um-field-image  um-field-profile_photo um-field-image um-field-type_image\" data-key=\"profile_photo\" data-mode=\"profile\" data-upload-label=\"Subir\"><input type=\"hidden\" name=\"profile_photo-1176\" id=\"profile_photo-1176\" value=\"\"  aria-invalid=\"false\" \/><div class=\"um-field-label\"><div class=\"um-field-label-icon\"><i class=\"fas fa-camera\" aria-label=\"Cambiar tu foto de perfil\"><\/i><\/div><label for=\"profile_photo-1176\">Cambiar tu foto de perfil<\/label><div class=\"um-clear\"><\/div><\/div><div class=\"um-field-area\" style=\"text-align: center;\"><div class=\"um-single-image-preview crop\" data-crop=\"square\" data-key=\"profile_photo\"><a href=\"javascript:void(0);\" class=\"cancel\"><i class=\"um-icon-close\"><\/i><\/a><img decoding=\"async\" class=\"fusion-lazyload-ignore\" src=\"\" alt=\"\" \/><div class=\"um-clear\"><\/div><\/div><a href=\"javascript:void(0);\" data-modal=\"um_upload_single\" data-modal-size=\"normal\" data-modal-copy=\"1\" class=\"um-button um-btn-auto-width\">Subir<\/a><\/div><div class=\"um-modal-hidden-content\"><div class=\"um-modal-header\"> Cambiar tu foto de perfil<\/div><div class=\"um-modal-body\"><div class=\"um-single-image-preview crop\"  data-crop=\"square\" data-ratio=\"1\" data-min_width=\"190\" data-min_height=\"190\" data-coord=\"\"><a href=\"javascript:void(0);\" class=\"cancel\"><i class=\"um-icon-close\"><\/i><\/a><img decoding=\"async\" class=\"fusion-lazyload-ignore\" src=\"\" alt=\"\" \/><div class=\"um-clear\"><\/div><\/div><div class=\"um-clear\"><\/div><div class=\"um-single-image-upload\" data-user_id=\"\" data-nonce=\"ff023a6fb7\" data-timestamp=\"1776378935\"  data-set_id=\"2121\" data-set_mode=\"profile\" data-type=\"image\" data-key=\"profile_photo\" data-max_size=\"999999999\" data-max_size_error=\"\u00a1Esta imagen es demasiado grande!\" data-min_size_error=\"\u00a1Esta imagen es demasiado peque\u00f1a!\" data-extension_error=\"Disculpa, pero no es una imagen v\u00e1lida.\"  data-allowed_types=\"gif,jpg,jpeg,png,webp\" data-upload_text=\"Sube aqu\u00ed tu foto&lt;small class=&quot;um-max-filesize&quot;&gt;( m\u00e1x: &lt;span&gt;953.7MB&lt;\/span&gt; )&lt;\/small&gt;\" data-max_files_error=\"Solo puedes subir una imagen\" data-upload_help_text=\"\">Subir<\/div><div class=\"um-modal-footer\">\n\t\t\t\t\t\t\t\t\t<div class=\"um-modal-right\">\n\t\t\t\t\t\t\t\t\t\t<a href=\"javascript:void(0);\" class=\"um-modal-btn um-finish-upload image disabled\" data-key=\"profile_photo\" data-change=\"Cambiar la foto\" data-processing=\"Procesando...\">Aplicar<\/a>\n\t\t\t\t\t\t\t\t\t\t<a href=\"javascript:void(0);\" class=\"um-modal-btn alt\" data-action=\"um_remove_modal\"> Cancelar<\/a>\n\t\t\t\t\t\t\t\t\t<\/div>\n\t\t\t\t\t\t\t\t\t<div class=\"um-clear\"><\/div>\n\t\t\t\t\t\t\t\t<\/div><\/div><\/div><\/div><\/div>\n\t\t\t<div class=\"um-dropdown\" data-element=\"div.um-profile-photo\" data-position=\"bc\" data-trigger=\"click\">\n\t\t\t\t<div class=\"um-dropdown-b\">\n\t\t\t\t\t<div class=\"um-dropdown-arr\"><i class=\"\"><\/i><\/div>\n\t\t\t\t\t<ul>\n\t\t\t\t\t\t\t\t\t\t\t\t\t<li><a href=\"javascript:void(0);\" class=\"um-manual-trigger\" data-parent=\".um-profile-photo\" data-child=\".um-btn-auto-width\" data-alt_text=\"Cambiar la foto\">Subir una foto<\/a><\/li>\n\t\t\t\t\t\t\t\t\t\t\t\t\t<li><a href=\"javascript:void(0);\" class=\"um-reset-profile-photo\" data-user_id=\"0\" data-default_src=\"https:\/\/apdea.com.ar\/web\/wp-content\/plugins\/ultimate-member\/assets\/img\/default_avatar.jpg\" style=\"display:none;\">Borrar la foto<\/a><\/li>\n\t\t\t\t\t\t\t\t\t\t\t\t\t<li><a href=\"javascript:void(0);\" class=\"um-dropdown-hide\">Cancelar<\/a><\/li>\n\t\t\t\t\t\t\t\t\t\t\t<\/ul>\n\t\t\t\t<\/div>\n\t\t\t<\/div>\n\n\t\t\t\n\t\t<\/div>\n\n\t\t<div class=\"um-profile-meta\">\n\n\t\t\t\n\t\t\t<div class=\"um-main-meta\">\n\n\t\t\t\t\t\t\t\t\t<div class=\"um-name\">\n\n\t\t\t\t\t\t<a href=\"\"\n\t\t\t\t\t\t   title=\"\"><\/a>\n\n\t\t\t\t\t\t\t\t\t\t\t<\/div>\n\t\t\t\t\n\t\t\t\t<div class=\"um-clear\"><\/div>\n\n\t\t\t\t<div class=\"um-profile-connect um-member-connect\"><\/div>\t\t\t<\/div>\n\n\t\t\t\n\t\t\t<div class=\"um-profile-status \">\n\t\t\t\t<span>\n\t\t\t\t\tEl estado de la cuenta de este usuario es Indefinido\t\t\t\t<\/span>\n\t\t\t<\/div>\n\n\t\t\t\t\t<\/div>\n\t\t<div class=\"um-clear\"><\/div>\n\n\t\t\n\t<\/div>\n\n\t\n\t\t<div class=\"um-profile-navbar \">\n\t\t\t\t\t\t<div class=\"um-clear\"><\/div>\n\t\t<\/div>\n\n\t\t\t\t\t\t<div class=\"um-profile-body main main-default\">\n\n\t\t\t\t\t<p class=\"um-profile-note\"><span>Este usuario a\u00fan no ha a\u00f1adido informaci\u00f3n a su perfil.<\/span><\/p><div class=\"um-row-heading\" style=\"margin: 0px 0px 30px 0px;margin-bottom: 0px;padding: 10px 15px;border-width: 0px 0px 0px 0px;border-style: solid;border-radius: 0px 0px 0px 0px;border-bottom-width: 0px;background-color: #000000;color: #ffffff;\">1 - DATOS A CARGAR POR APDEA<\/div><div class=\"um-row _um_row_1  um-customized-row\" style=\"padding: 10px 10px 10px 10px;background-color: #e2e2e2;margin: 0px 0px 30px 0px;margin-top: 0px;border-width: 0px 0px 0px 0px;border-top-width: 0px;border-style: solid;border-radius: 0px 0px 0px 0px;color: #000000 !important;\"><div class=\"um-col-1\"><\/div><\/div><div class=\"um-row-heading\" style=\"margin: 0px 0px 30px 0px;margin-bottom: 0px;padding: 10px 15px;border-width: 0px 0px 0px 0px;border-style: solid;border-radius: 0px 0px 0px 0px;border-bottom-width: 0px;background-color: #dd5f5f;color: #ffffff;\">CONTROL INTERNO APDEA<\/div><div class=\"um-row _um_row_2 \" style=\"padding: 10px 10px 10px 10px;background-color: #dda4a4;margin: 0px 0px 30px 0px;margin-top: 0px;border-width: 0px 0px 0px 0px;border-top-width: 0px;border-style: solid;border-radius: 0px 0px 0px 0px;\"><div class=\"um-col-121\"><\/div><div class=\"um-col-122\"><\/div><div class=\"um-clear\"><\/div><\/div><div class=\"um-row-heading\" style=\"margin: 0px 0px 30px 0px;margin-bottom: 0px;padding: 10px 15px;border-width: 0px 0px 0px 0px;border-style: solid;border-radius: 0px 0px 0px 0px;border-bottom-width: 0px;background-color: #dd3333;color: #ffffff;\">2 - DATOS PARA EL INGRESO AL SISTEMA<\/div><div class=\"um-row _um_row_3  um-customized-row\" style=\"padding: 10px 10px 10px 10px;background-color: #ead1d0;margin: 0px 0px 30px 0px;margin-top: 0px;border-width: 0px 0px 0px 0px;border-top-width: 0px;border-style: solid;border-radius: 0px 0px 0px 0px;color: #000000 !important;\"><div class=\"um-col-1\"><\/div><\/div><div class=\"um-row-heading\" style=\"margin: 0px 0px 30px 0px;margin-bottom: 0px;padding: 10px 15px;border-width: 0px 0px 0px 0px;border-style: solid;border-radius: 10px 10px 0px 0px;border-bottom-width: 0px;background-color: #dd9933;color: #000000;\">DIRECTORIO DE PROFESIONALES<\/div><div class=\"um-row _um_row_4  um-customized-row\" style=\"padding: 10px 10px 10px 10px;background-color: #ddcfb1;margin: 0px 0px 30px 0px;margin-top: 0px;border-width: 0px 0px 0px 0px;border-top-width: 0px;border-style: solid;border-radius: 0px 0px 10px 10px;color: #000000 !important;\"><div class=\"um-col-1\"><\/div><\/div><div class=\"um-row-heading\" style=\"margin: 0px 0px 30px 0px;margin-bottom: 0px;padding: 10px 15px;border-width: 0px 0px 0px 0px;border-style: solid;border-radius: 0px 0px 0px 0px;border-bottom-width: 0px;background-color: #000000;color: #ffffff;\">4 - DATOS REQUERIDOS PARA ASOCIARSE EN CARACTER DE DDJJ<\/div><div class=\"um-row _um_row_5  um-customized-row\" style=\"padding: 10px 10px 10px 10px;background-color: #e5e5e5;margin: 0px 0px 30px 0px;margin-top: 0px;border-width: 0px 0px 0px 0px;border-top-width: 0px;border-style: solid;border-radius: 0px 0px 0px 0px;color: #000000 !important;\"><div class=\"um-col-1\"><\/div><\/div><div class=\"um-row-heading\" style=\"margin: 0px 0px 30px 0px;margin-bottom: 0px;padding: 10px 15px;border-width: 0px 0px 0px 0px;border-style: solid;border-radius: 10px 10px 0px 0px;border-bottom-width: 0px;background-color: #c6c6c6;color: #000000;\">COMUNICACI\u00d3N Y REDES SOCIALES<\/div><div class=\"um-row _um_row_6 \" style=\"padding: 10px 10px 10px 10px;background-color: #b7b7b7;margin: 0px 0px 30px 0px;margin-top: 0px;border-width: 0px 0px 0px 0px;border-top-width: 0px;border-style: solid;border-radius: 0px 0px 10px 10px;\"><div class=\"um-col-1\"><\/div><\/div>\t\t\t\t\t<div class=\"clear\"><\/div>\n\t\t\t\t<\/div>\n\t\t\t\t\t<\/div>\n<\/div>\n\n\n\n\n<p><\/p>\n","protected":false},"excerpt":{"rendered":"<p>&lt; Volver al Directorio<\/p>\n","protected":false},"author":96739723,"featured_media":0,"parent":0,"menu_order":0,"comment_status":"closed","ping_status":"closed","template":"","meta":{"footnotes":""},"class_list":["post-1178","page","type-page","status-publish","hentry","post"],"rttpg_featured_image_url":null,"rttpg_author":{"display_name":"Webmaster Dos","author_link":"https:\/\/apdea.com.ar\/web\/author\/webmaster2\/"},"rttpg_comment":0,"rttpg_category":null,"rttpg_excerpt":"&lt; Volver al Directorio","_links":{"self":[{"href":"https:\/\/apdea.com.ar\/web\/wp-json\/wp\/v2\/pages\/1178","targetHints":{"allow":["GET"]}}],"collection":[{"href":"https:\/\/apdea.com.ar\/web\/wp-json\/wp\/v2\/pages"}],"about":[{"href":"https:\/\/apdea.com.ar\/web\/wp-json\/wp\/v2\/types\/page"}],"author":[{"embeddable":true,"href":"https:\/\/apdea.com.ar\/web\/wp-json\/wp\/v2\/users\/96739723"}],"replies":[{"embeddable":true,"href":"https:\/\/apdea.com.ar\/web\/wp-json\/wp\/v2\/comments?post=1178"}],"version-history":[{"count":20,"href":"https:\/\/apdea.com.ar\/web\/wp-json\/wp\/v2\/pages\/1178\/revisions"}],"predecessor-version":[{"id":3226,"href":"https:\/\/apdea.com.ar\/web\/wp-json\/wp\/v2\/pages\/1178\/revisions\/3226"}],"wp:attachment":[{"href":"https:\/\/apdea.com.ar\/web\/wp-json\/wp\/v2\/media?parent=1178"}],"curies":[{"name":"wp","href":"https:\/\/api.w.org\/{rel}","templated":true}]}}