{"id":1995,"date":"2021-08-10T07:47:29","date_gmt":"2021-08-10T07:47:29","guid":{"rendered":"http:\/\/apdea.com.ar\/web\/?page_id=1995"},"modified":"2026-04-28T20:58:53","modified_gmt":"2026-04-28T23:58:53","slug":"reglamento","status":"publish","type":"page","link":"https:\/\/apdea.com.ar\/web\/reglamento\/","title":{"rendered":"Reglamento de asociaci\u00f3n a APDEA"},"content":{"rendered":"\n<p><strong>T\u00cdTULO III<\/strong><\/p>\n\n\n\n<p><strong>PERSONAS ASOCIADAS, CONDICIONES DE ADMISI\u00d3N, R\u00c9GIMEN DISCIPLINARIO.<\/strong><\/p>\n\n\n\n<p><strong>CAP\u00cdTULO 1: DE LAS PERSONAS ASOCIADAS A APDEA<\/strong><\/p>\n\n\n\n<p><strong>ART\u00cdCULO 1: Categor\u00edas de las personas asociadas.<\/strong><\/p>\n\n\n\n<p>Conforme el Art. 5 del Estatuto, quedan establecidas las siguientes categor\u00edas de personas asociadas:<\/p>\n\n\n\n<p>a) Activas: personas de existencia visible, capaces, mayores de dieciocho (18) a\u00f1os, que se dediquen a la actividad de la direcci\u00f3n esc\u00e9nica y acrediten lo estipulado en el art\u00edculo 6 del presente Reglamento.<\/p>\n\n\n\n<p>b) Adherentes: personas de existencia visible, capaces, mayores de dieciocho (18) a\u00f1os que no re\u00fanan las condiciones para ser personas asociadas activas. Tambi\u00e9n tendr\u00e1n ese car\u00e1cter asistentes de direcci\u00f3n, docentes dedicados a temas relacionados con el objeto de la Asociaci\u00f3n y personas egresadas de carreras universitarias que no re\u00fanan las condiciones para ser personas asociadas activas.<\/p>\n\n\n\n<p>Quienes sean personas asociadas adherentes pagar\u00e1n cuota social, tendr\u00e1n derecho a voz, pero no a voto, y no podr\u00e1n ser elegidas para integrar los \u00f3rganos sociales.<\/p>\n\n\n\n<p>c) Honorarias: profesionales de la direcci\u00f3n esc\u00e9nica que por reconocimiento y trayectoria se hubieren destacado en las actividades comprendidas en el objeto social.<\/p>\n\n\n\n<p>En tal sentido, ser\u00e1n personas asociadas honorarias quienes en atenci\u00f3n a sus condiciones personales, profesionales y art\u00edsticas sean designados por la Asamblea, a propuesta de la Comisi\u00f3n Directiva. La pertenencia a esta categor\u00eda es una menci\u00f3n honor\u00edfica y, por lo tanto, no se reconocen derechos ni obligaciones. Las personas asociadas honorarias que deseen tener los mismos derechos que las personas asociadas activas deber\u00e1n cumplir los requisitos de esta categor\u00eda atendiendo a las condiciones de admisi\u00f3n correspondientes.<\/p>\n\n\n\n<p><strong>CAP\u00cdTULO 2: DEL INGRESO.<\/strong><\/p>\n\n\n\n<p><strong>ART\u00cdCULO 3<\/strong>: El ingreso de personas asociadas est\u00e1 abierto durante todo el a\u00f1o.<\/p>\n\n\n\n<p><strong>ART\u00cdCULO 4<\/strong>: Capacidad y requisitos de admisi\u00f3n. Podr\u00e1n pertenecer a la Asociaci\u00f3n de forma libre y voluntaria, aquellas personas f\u00edsicas, mayores de edad, capaces, no sujetas a condici\u00f3n legal que lo impida, con inter\u00e9s en el desarrollo de los fines de la Asociaci\u00f3n, que revistan las condiciones descritas en los p\u00e1rrafos precedentes y que as\u00ed lo soliciten expresamente.<\/p>\n\n\n\n<p><strong>ART\u00cdCULO 5<\/strong>: Procedimiento de admisi\u00f3n.<\/p>\n\n\n\n<p>La admisi\u00f3n estar\u00e1 a cargo de una Comisi\u00f3n de Admisi\u00f3n, que recibir\u00e1 y tramitar\u00e1 las solicitudes de ingreso. En un plazo no mayor a treinta (30) d\u00edas de ingresada la solicitud, la Comisi\u00f3n de Admisi\u00f3n realizar\u00e1 la evaluaci\u00f3n de los antecedentes y emitir\u00e1 un informe fundamentado, el que ser\u00e1 enviado a la Comisi\u00f3n Directiva para que resuelva.<\/p>\n\n\n\n<p>De considerarlo conveniente o necesario, en cualquier momento del proceso de admisi\u00f3n la Comisi\u00f3n de Admisi\u00f3n podr\u00e1 solicitar una entrevista con la persona que aspire a asociarse.<\/p>\n\n\n\n<p>La Comisi\u00f3n Directiva tiene un plazo no mayor a quince (15) d\u00edas para expedirse sobre el ingreso, y su resoluci\u00f3n ser\u00e1 informada a la persona solicitante por la Comisi\u00f3n de Admisi\u00f3n.<\/p>\n\n\n\n<p>Una vez admitida la persona solicitante como nueva persona asociada, la Secretar\u00eda de la Asociaci\u00f3n proceder\u00e1 a darle el alta en el Registro de personas Asociadas (art 18). En concordancia, la nueva persona asociada aceptar\u00e1 sin reservas el Estatuto y el presente Reglamento; y, conforme su categor\u00eda, quedar\u00e1 en obligaci\u00f3n de abonar en tiempo y forma la cuota que se determine.<\/p>\n\n\n\n<p>La Comisi\u00f3n Directiva presentar\u00e1 a la Asamblea, con una periodicidad anual, un informe sobre las bajas y altas de las personas asociadas producidas en el per\u00edodo.<\/p>\n\n\n\n<p>La Comisi\u00f3n de Admisi\u00f3n estar\u00e1 conformada por tres (3) integrantes, quienes ser\u00e1n personas designadas por la Asamblea. La Comisi\u00f3n durar\u00e1 un (1) a\u00f1o, se renovar\u00e1 cada Asamblea anual ordinaria y sus integrantes no podr\u00e1n a la vez integrar de la Comisi\u00f3n Directiva ni del \u00d3rgano Fiscalizador.<\/p>\n\n\n\n<p><strong>ART\u00cdCULO 6<\/strong>: Requisitos de Ingreso.<\/p>\n\n\n\n<p><strong>Asociaci\u00f3n en categor\u00eda Activa:<\/strong><\/p>\n\n\n\n<ol class=\"wp-block-list\">\n<li>Completar la planilla de inscripci\u00f3n con los requisitos solicitados.<\/li>\n\n\n\n<li>Presentar su curriculum vitae<\/li>\n\n\n\n<li>Presentar el detalle de tres (3) trabajos de direcci\u00f3n esc\u00e9nica con una duraci\u00f3n no menor a cuarenta (40) minutos cada uno, acreditando la realizaci\u00f3n de ocho (8) funciones por espect\u00e1culo, &nbsp;o un m\u00ednimo de veinticuatro (24) funciones repartidas en tres (3) o m\u00e1s trabajos de direcci\u00f3n esc\u00e9nica con una duraci\u00f3n no menor a cuarenta (40) minutos cada uno, adjuntando toda documentaci\u00f3n que las certifique, como programas de mano, notas de prensa, borderaux, nominaciones, premios, constancias de instituciones oficiales o privadas;<\/li>\n\n\n\n<li>Adjuntar una carta de presentaci\u00f3n de una persona asociada con una antig\u00fcedad m\u00ednima de dos (2) a\u00f1os en la Asociaci\u00f3n. Este requisito ser\u00e1 exigible luego de transcurridos dos (2) a\u00f1os de la primera convocatoria de admisi\u00f3n de socios\/as;<\/li>\n\n\n\n<li>Abonar la cuota que se establezca.<br><\/li>\n<\/ol>\n\n\n\n<p>Por \u00fanica vez al momento de realizarse la primera convocatoria de admisi\u00f3n de personas en condici\u00f3n de asociarse y en caso de no cumplirse con el requisito establecido en el inciso 3, quienes hayan trabajado activamente en comisiones de APDEA desde la conformaci\u00f3n inicial hasta su constituci\u00f3n, podr\u00e1n solicitar a la Comisi\u00f3n de Admisi\u00f3n que este desempe\u00f1o sea considerado como equivalente a un (1) trabajo de direcci\u00f3n esc\u00e9nica.<\/p>\n\n\n\n<p><strong>Asociaci\u00f3n en categor\u00eda Adherente:<\/strong><\/p>\n\n\n\n<ol class=\"wp-block-list\">\n<li>Completar la planilla de inscripci\u00f3n con los requisitos solicitados;<\/li>\n<\/ol>\n\n\n\n<ol start=\"2\" class=\"wp-block-list\">\n<li>Presentar su curriculum vitae,<\/li>\n\n\n\n<li>Presentar el detalle de un (1) trabajo de direcci\u00f3n esc\u00e9nica con una duraci\u00f3n no menor a cuarenta (40) minutos cada uno, acreditando la realizaci\u00f3n de ocho (8) funciones por espect\u00e1culo, o un m\u00ednimo de ocho (8) funciones repartidas en uno (1) o m\u00e1s trabajos de direcci\u00f3n esc\u00e9nica con una duraci\u00f3n no menor a cuarenta (40) minutos cada uno, adjuntando toda documentaci\u00f3n que las certifique, como programas de mano, notas de prensa, borderaux, nominaciones, premios, constancias de instituciones oficiales o privadas;<\/li>\n\n\n\n<li>Aquellas personas que han obtenido t\u00edtulo de grado, universitario o terciario, en carreras de direcci\u00f3n esc\u00e9nica podr\u00e1n admitirse en la categor\u00eda de adherentes con la sola presentaci\u00f3n del t\u00edtulo declarado;<\/li>\n\n\n\n<li>Quienes no cumplan con los requisitos del punto 3 y sean docentes en materias relacionadas con la direcci\u00f3n esc\u00e9nica, deber\u00e1n acreditar su pertenencia a la instituci\u00f3n educativa pertinente y una antig\u00fcedad m\u00ednima de dos (2) a\u00f1os en la misma;<\/li>\n\n\n\n<li>Quienes se hayan desempe\u00f1ado como asistentes de direcci\u00f3n deber\u00e1n presentar el detalle de tres (3) trabajos de asistencia de direcci\u00f3n esc\u00e9nica con una duraci\u00f3n no menor a cuarenta (40) minutos cada uno, acreditando la realizaci\u00f3n de ocho (8) funciones por espect\u00e1culo, o un m\u00ednimo de veinticuatro (24) funciones repartidas en tres (3) o m\u00e1s trabajos de asistencia de direcci\u00f3n esc\u00e9nica con una duraci\u00f3n no menor a cuarenta (40) minutos cada uno, adjuntando toda documentaci\u00f3n que las certifique, como programas de mano, notas de prensa, borderaux, nominaciones, premios, constancias de instituciones oficiales o privadas;<br><\/li>\n\n\n\n<li>Abonar la cuota que se establezca.<br><\/li>\n<\/ol>\n\n\n\n<p>Quienes se hayan asociado en categor\u00eda de adherente y que deseen tener los mismos derechos que las personas asociadas en categor\u00eda activa deber\u00e1n solicitar su admisi\u00f3n en esta categor\u00eda, a cuyo efecto deber\u00e1n cumplir las condiciones dispuestas.<\/p>\n\n\n\n<p>Cualquier aspirante a asociarse como adherente podr\u00e1 adjuntar a su solicitud de admisi\u00f3n una carta de presentaci\u00f3n de una persona ya asociada con una antig\u00fcedad m\u00ednima de dos (2) a\u00f1os en la Asociaci\u00f3n. Este requisito ser\u00e1 exigible luego de transcurridos dos (2) a\u00f1os de la primera convocatoria de asociaci\u00f3n.;<\/p>\n\n\n\n<p><strong>Asociaci\u00f3n en categor\u00eda Honoraria<\/strong>:<\/p>\n\n\n\n<p>Toda persona distinguida con la categor\u00eda honoraria deber\u00e1 aceptar la membres\u00eda como \u201cPersona Asociada HONORARIA DE APDEA\u201d. Quienes deseen tener los mismos derechos que las personas asociadas en categor\u00eda activa deber\u00e1n solicitar su admisi\u00f3n en esta categor\u00eda, a cuyo efecto deber\u00e1n cumplir las condiciones dispuestas.<\/p>\n\n\n\n<p><strong>CAP\u00cdTULO 3: ALCANCES Y DERECHOS<\/strong>.<\/p>\n\n\n\n<p><strong>ART\u00cdCULO 7: <\/strong>DE LOS DERECHOS Y OBLIGACIONES DE QUIENES SE ASOCIEN.<\/p>\n\n\n\n<p>La condici\u00f3n de persona asociada de APDEA implica el goce de ciertos derechos as\u00ed como la obligaci\u00f3n de respetar el Estatuto, el Reglamento y dem\u00e1s lineamientos de la Asociaci\u00f3n.<\/p>\n\n\n\n<p>A) Personas Asociadas Activas. Derechos y obligaciones:<\/p>\n\n\n\n<ol class=\"wp-block-list\">\n<li>Participar con derecho a voz y voto en la Asamblea e integrar Comisiones de trabajo desde su ingreso a la Asociaci\u00f3n;<\/li>\n\n\n\n<li>Habilitaci\u00f3n para su elecci\u00f3n como integrante de los \u00f3rganos sociales transcurridos los DOS (2) a\u00f1os de su ingreso;<\/li>\n\n\n\n<li>Gozar de los beneficios y descuentos en todas las actividades aranceladas que la Asociaci\u00f3n brinde, as\u00ed como tambi\u00e9n usar el nombre de APDEA<strong> <\/strong>en car\u00e1cter de persona asociada, en documentos relacionados con la actividad profesional. &nbsp;<\/li>\n\n\n\n<li>Integrar el Directorio de Profesionales de la Direcci\u00f3n Esc\u00e9nica Argentina;<\/li>\n\n\n\n<li>Abonar las contribuciones ordinarias y extraordinarias que establezca la Asamblea;<\/li>\n\n\n\n<li>Cumplir las dem\u00e1s obligaciones que impongan el Estatuto, este Reglamento y las resoluciones de la Asamblea y la Comisi\u00f3n Directiva;<\/li>\n<\/ol>\n\n\n\n<p>B) Personas Asociadas Adherentes. Derechos y obligaciones.<\/p>\n\n\n\n<ol class=\"wp-block-list\">\n<li>Participar de la Asamblea con derecho a voz pero sin voto e integrar Comisiones de trabajo, pero est\u00e1 vedada su elecci\u00f3n para integrar los \u00f3rganos sociales;<\/li>\n\n\n\n<li>Gozar de los beneficios y descuentos en todas las actividades aranceladas que la Asociaci\u00f3n brinde, as\u00ed como tambi\u00e9n usar el nombre de APDEA en car\u00e1cter de persona asociada, en documentos relacionados con la actividad profesional.<\/li>\n\n\n\n<li>Integrar el Directorio de Profesionales de la Direcci\u00f3n Esc\u00e9nica Argentina;<\/li>\n\n\n\n<li>Abonar las contribuciones ordinarias y extraordinarias que establezca la Asamblea;<\/li>\n\n\n\n<li>Cumplir las dem\u00e1s obligaciones que impongan el Estatuto, este Reglamento y las resoluciones de la Asamblea y la Comisi\u00f3n Directiva;<br><\/li>\n<\/ol>\n\n\n\n<p>Personas Asociadas Honorarias. Derechos y obligaciones.<\/p>\n\n\n\n<p>El reconocimiento de profesionales de la direcci\u00f3n esc\u00e9nica en la categor\u00eda honoraria tiene car\u00e1cter de menci\u00f3n honor\u00edfica y no implica reconocer derechos ni imponer obligaciones.<\/p>\n\n\n\n<p>Quienes pertenezcan a esta categor\u00eda y que deseen gozar de los mismos derechos que quienes posean la categor\u00eda activa deber\u00e1n solicitar su admisi\u00f3n en dicha categor\u00eda, a cuyo efecto deber\u00e1n cumplir las condiciones dispuestas.<\/p>\n\n\n\n<p><strong>CAP\u00cdTULO 4: P\u00c9RDIDA DEL CAR\u00c1CTER DE PERSONA ASOCIADA. R\u00c9GIMEN DISCIPLINARIO. SANCIONES.<\/strong><\/p>\n\n\n\n<p><strong>ART\u00cdCULO 8<\/strong>: Perder\u00e1 su car\u00e1cter de persona asociada a APDEA quien hubiere dejado de reunir las condiciones requeridas por el Estatuto y este Reglamento para serlo.<\/p>\n\n\n\n<p>A cualquier Profesional de la direcci\u00f3n esc\u00e9nica con asociaci\u00f3n activa que se atrase en el pago de tres cuotas consecutivas o de cualquier otra contribuci\u00f3n establecida, se le notificar\u00e1 fehacientemente de su incumplimiento y se le requerir\u00e1 regularizar su situaci\u00f3n respecto de la Tesorer\u00eda. Pasado un mes de la notificaci\u00f3n sin que hubiere regularizado o justificado su situaci\u00f3n, la Comisi\u00f3n Directiva podr\u00e1 considerar y declarar la cesant\u00eda de su asociaci\u00f3n por morosidad.<\/p>\n\n\n\n<p><strong>ART\u00cdCULO 9<\/strong>: P\u00c9RDIDA DEL CAR\u00c1CTER DE PERSONA ASOCIADA<\/p>\n\n\n\n<p>El car\u00e1cter de persona asociada se pierde por:<\/p>\n\n\n\n<ol class=\"wp-block-list\">\n<li>P\u00e9rdida, con posterioridad al ingreso, de alguno de los requisitos exigidos para serlo;<\/li>\n\n\n\n<li>Fallecimiento, renuncia o expulsi\u00f3n;<\/li>\n\n\n\n<li>Mora injustificada en el pago de la cuota social<br><\/li>\n<\/ol>\n\n\n\n<p><strong>ART\u00cdCULO 10<\/strong>: De acuerdo al art. 8 del Estatuto las sanciones establecidas son:<\/p>\n\n\n\n<p>a) Apercibimiento;<br>b) Suspensi\u00f3n, por el plazo m\u00e1ximo de UN (1) a\u00f1o;<br>c) Expulsi\u00f3n.<\/p>\n\n\n\n<p>Las sanciones ser\u00e1n graduadas de acuerdo a la gravedad de la falta y las circunstancias del caso.<\/p>\n\n\n\n<p><strong>ART\u00cdCULO 11<\/strong>: Son causal de aplicaci\u00f3n de las sanciones mencionadas las siguientes infracciones:<\/p>\n\n\n\n<ol class=\"wp-block-list\">\n<li>Inobservancia o incumplimiento de las obligaciones establecidas por el Estatuto, por este Reglamento o por las resoluciones y lineamientos de la Asamblea y de la Comisi\u00f3n Directiva;<\/li>\n\n\n\n<li>Inconducta notoria;<\/li>\n\n\n\n<li>Hacer voluntariamente da\u00f1o a la Asociaci\u00f3n, provocar des\u00f3rdenes graves en su seno o tener una conducta notoriamente perjudicial a los intereses sociales;<\/li>\n\n\n\n<li>El incumplimiento de las obligaciones econ\u00f3micas para con la Asociaci\u00f3n;<\/li>\n\n\n\n<li>La inasistencia reiterada e injustificada a la Asamblea anual ordinaria.La inasistencia implica la ausencia de la persona asociada en cualquiera de sus formas: f\u00edsica, a trav\u00e9s de medios digitales o cualquier modalidad que la Comisi\u00f3n Directiva determine.<\/li>\n<\/ol>\n\n\n\n<p>Cuando las inconductas notorias est\u00e9n relacionadas con conductas violentas, racistas, sexistas, machistas, capacitistas o cuerdistas se contemplar\u00e1n y aplicar\u00e1n protocolos espec\u00edficos.<\/p>\n\n\n\n<p>Las infracciones ser\u00e1n clasificadas como leves, graves, o muy graves, y se atender\u00e1 el grado de intencionalidad y la reiteraci\u00f3n de la conducta.<\/p>\n\n\n\n<p><strong>ART\u00cdCULO 12<\/strong>: PROCEDIMIENTO<\/p>\n\n\n\n<p>Quien incurra en alguna de las infracciones enumeradas en el art\u00edculo 11 ser\u00e1 objeto de sanci\u00f3n previa instrucci\u00f3n de un expediente y sin perjuicio de las responsabilidades civiles y\/o penales que pudiesen corresponder.<\/p>\n\n\n\n<p>La Comisi\u00f3n Directiva tendr\u00e1 competencia para constituir una Comisi\u00f3n de Procedimientos, resolver acerca del tipo de infracci\u00f3n e imponer las sanciones correspondientes.<\/p>\n\n\n\n<p>Cuando se observe una situaci\u00f3n de las enumeradas en el art\u00edculo mencionado que cause perjuicio a una persona asociada, a un tercero perjudicado o a la Asociaci\u00f3n, la persona interesada podr\u00e1 solicitar la constituci\u00f3n de la Comisi\u00f3n de Procedimientos, denunciar el hecho e impulsar el inicio de un expediente respecto de la conducta observada. Cuando la Asociaci\u00f3n sea perjudicada, la Comisi\u00f3n de Procedimientos podr\u00e1 constituirse y actuar de oficio.<\/p>\n\n\n\n<p>La Comisi\u00f3n de Procedimientos instruir\u00e1 el expediente, elevar\u00e1 un acta y notificar\u00e1 tanto a la Comisi\u00f3n Directiva como a la persona asociada acusada, a los efectos de su defensa.<\/p>\n\n\n\n<p>La persona acusada podr\u00e1, en el plazo de QUINCE (15) d\u00edas desde la comunicaci\u00f3n de la apertura del expediente, interponer en su defensa ante la Comisi\u00f3n de Procedimiento las alegaciones que estime procedentes.<\/p>\n\n\n\n<p>La Comisi\u00f3n de Procedimiento elevar\u00e1 un acta donde consten los fundamentos de la defensa y la remitir\u00e1 en un plazo no mayor a QUINCE (15) d\u00edas a la Comisi\u00f3n Directiva, a los fines de su resoluci\u00f3n. La Comisi\u00f3n Directiva tendr\u00e1 treinta (30) d\u00edas para expedirse.<\/p>\n\n\n\n<p>Lo que resuelva la Comisi\u00f3n Directiva ser\u00e1 notificado por la Comisi\u00f3n de Procedimiento a la persona acusada y tendr\u00e1 car\u00e1cter ejecutivo.<\/p>\n\n\n\n<p>En consonancia con el art. 9 del Estatuto, la persona acusada podr\u00e1 interponer dentro del plazo de TREINTA (30) d\u00edas de notificada la sanci\u00f3n, un recurso de apelaci\u00f3n ante la primera Asamblea que se celebre; la cual resolver\u00e1 definitivamente.<\/p>\n\n\n\n<p><strong>ART\u00cdCULO 13<\/strong>: PRESCRIPCI\u00d3N.<\/p>\n\n\n\n<p>Las infracciones prescriben:<\/p>\n\n\n\n<p>a) a los SEIS (6) meses desde su comisi\u00f3n en el caso de las faltas leves;<\/p>\n\n\n\n<p>b) al a\u00f1o en el caso de las faltas graves;<\/p>\n\n\n\n<p>c) a los DOS (2) a\u00f1os en el caso de las faltas muy graves.<\/p>\n\n\n\n<p>El plazo de prescripci\u00f3n se interrumpe con el inicio del procedimiento sancionador.<\/p>\n\n\n\n<p>Cuando quien incurra en inconducta fuere un miembro de la Comisi\u00f3n de Procedimiento ser\u00e1 competencia de la Comisi\u00f3n Directiva la instrucci\u00f3n del expediente.<\/p>\n\n\n\n<p>Tanto la suspensi\u00f3n como la p\u00e9rdida de la condici\u00f3n de socio\/a, implican la cesaci\u00f3n autom\u00e1tica en los cargos electivos que correspondieren.<\/p>\n\n\n\n<p><strong>ART\u00cdCULO 14<\/strong>: RENUNCIA, MUERTE O INCAPACIDAD.<\/p>\n\n\n\n<p>La renuncia voluntaria debe ser comunicada de forma expresa, por escrito y con firma de la persona interesada a la Comisi\u00f3n Directiva. Dicha comunicaci\u00f3n se enviar\u00e1 por correo postal o electr\u00f3nico, dirigido a la presidencia de la Asociaci\u00f3n. Recibida la renuncia, la persona renunciante ser\u00e1 borrada del Registro de Personas Asociadas y caducar\u00e1 su obligaci\u00f3n de abono de cuotas futuras.<\/p>\n\n\n\n<p>Cualquier profesional de la direcci\u00f3n esc\u00e9nica cuya renuncia se haya aceptado podr\u00e1 solicitar el reingreso a la Asociaci\u00f3n en cualquier momento. Ser\u00e1 tarea de la Comisi\u00f3n de Admisi\u00f3n y la Comisi\u00f3n Directiva resolver en el caso, de acuerdo a lo establecido para el ingreso.<\/p>\n\n\n\n<p>En caso de muerte o incapacidad total y permanente, la condici\u00f3n de persona asociada se pierde autom\u00e1ticamente desde el momento en que alguna de estas circunstancias sea conocida por la Asociaci\u00f3n.<\/p>\n\n\n\n<hr class=\"wp-block-separator has-alpha-channel-opacity\"\/>\n\n\n\n<p class=\"has-small-font-size\">Costo actual de las cuotas sociales<br>Categor\u00eda Activa $ 5.000.- mensual \/ Categor\u00eda Adherente $ 4.500.- Mensual<\/p>\n\n\n\n<p><\/p>\n","protected":false},"excerpt":{"rendered":"<p>T\u00cdTULO III PERSONAS ASOCIADAS, CONDICIONES DE ADMISI\u00d3N, R\u00c9GIMEN DISCIPLINARIO. CAP\u00cdTULO 1: DE LAS PERSONAS ASOCIADAS A APDEA ART\u00cdCULO 1: Categor\u00edas de las personas asociadas. Conforme el Art. 5 del Estatuto, quedan establecidas las siguientes categor\u00edas de personas asociadas: a) Activas: personas de existencia visible, capaces, mayores de dieciocho (18) a\u00f1os, que se dediquen a la [&hellip;]<\/p>\n","protected":false},"author":96739723,"featured_media":0,"parent":0,"menu_order":0,"comment_status":"closed","ping_status":"closed","template":"","meta":{"footnotes":""},"class_list":["post-1995","page","type-page","status-publish","hentry","post"],"rttpg_featured_image_url":null,"rttpg_author":{"display_name":"Webmaster Dos","author_link":"https:\/\/apdea.com.ar\/web\/author\/webmaster2\/"},"rttpg_comment":0,"rttpg_category":null,"rttpg_excerpt":"T\u00cdTULO III PERSONAS ASOCIADAS, CONDICIONES DE ADMISI\u00d3N, R\u00c9GIMEN DISCIPLINARIO. CAP\u00cdTULO 1: DE LAS PERSONAS ASOCIADAS A APDEA ART\u00cdCULO 1: Categor\u00edas de las personas asociadas. Conforme el Art. 5 del Estatuto, quedan establecidas las siguientes categor\u00edas de personas asociadas: a) Activas: personas de existencia visible, capaces, mayores de dieciocho (18) a\u00f1os, que se dediquen a la&hellip;","_links":{"self":[{"href":"https:\/\/apdea.com.ar\/web\/wp-json\/wp\/v2\/pages\/1995","targetHints":{"allow":["GET"]}}],"collection":[{"href":"https:\/\/apdea.com.ar\/web\/wp-json\/wp\/v2\/pages"}],"about":[{"href":"https:\/\/apdea.com.ar\/web\/wp-json\/wp\/v2\/types\/page"}],"author":[{"embeddable":true,"href":"https:\/\/apdea.com.ar\/web\/wp-json\/wp\/v2\/users\/96739723"}],"replies":[{"embeddable":true,"href":"https:\/\/apdea.com.ar\/web\/wp-json\/wp\/v2\/comments?post=1995"}],"version-history":[{"count":3,"href":"https:\/\/apdea.com.ar\/web\/wp-json\/wp\/v2\/pages\/1995\/revisions"}],"predecessor-version":[{"id":4634,"href":"https:\/\/apdea.com.ar\/web\/wp-json\/wp\/v2\/pages\/1995\/revisions\/4634"}],"wp:attachment":[{"href":"https:\/\/apdea.com.ar\/web\/wp-json\/wp\/v2\/media?parent=1995"}],"curies":[{"name":"wp","href":"https:\/\/api.w.org\/{rel}","templated":true}]}}