{"id":2606,"date":"2022-07-29T12:37:01","date_gmt":"2022-07-29T15:37:01","guid":{"rendered":"http:\/\/apdea.com.ar\/web\/?page_id=2606"},"modified":"2022-09-16T01:50:38","modified_gmt":"2022-09-16T04:50:38","slug":"festival-primavera-apdea","status":"publish","type":"page","link":"https:\/\/apdea.com.ar\/web\/festival-primavera-apdea\/","title":{"rendered":"Festival primavera APDEA"},"content":{"rendered":"\n<figure class=\"wp-block-image size-large\"><a href=\"http:\/\/apdea.com.ar\/web\/wp-content\/uploads\/2022\/09\/WhatsApp-Image-2022-09-11-at-13.07.49.jpeg\"><img fetchpriority=\"high\" decoding=\"async\" width=\"819\" height=\"1024\" src=\"http:\/\/apdea.com.ar\/web\/wp-content\/uploads\/2022\/09\/WhatsApp-Image-2022-09-11-at-13.07.49-819x1024.jpeg\" alt=\"\" class=\"wp-image-2655\" srcset=\"https:\/\/apdea.com.ar\/web\/wp-content\/uploads\/2022\/09\/WhatsApp-Image-2022-09-11-at-13.07.49-819x1024.jpeg 819w, https:\/\/apdea.com.ar\/web\/wp-content\/uploads\/2022\/09\/WhatsApp-Image-2022-09-11-at-13.07.49-240x300.jpeg 240w, https:\/\/apdea.com.ar\/web\/wp-content\/uploads\/2022\/09\/WhatsApp-Image-2022-09-11-at-13.07.49-768x960.jpeg 768w, https:\/\/apdea.com.ar\/web\/wp-content\/uploads\/2022\/09\/WhatsApp-Image-2022-09-11-at-13.07.49-48x60.jpeg 48w, https:\/\/apdea.com.ar\/web\/wp-content\/uploads\/2022\/09\/WhatsApp-Image-2022-09-11-at-13.07.49-600x750.jpeg 600w, https:\/\/apdea.com.ar\/web\/wp-content\/uploads\/2022\/09\/WhatsApp-Image-2022-09-11-at-13.07.49.jpeg 1024w\" sizes=\"(max-width: 819px) 100vw, 819px\" \/><\/a><\/figure>\n\n\n\n<h2 class=\"has-text-align-center has-vivid-red-color has-text-color wp-block-heading\">ACTIVIDADES Y PROGRAMACI\u00d3N<\/h2>\n\n\n\n<p class=\"has-text-align-center\">Entrada libre y gratuita, se retira en el teatro el d\u00eda de la funci\u00f3n hasta agotar capacidad<\/p>\n\n\n\n<figure class=\"wp-block-pullquote has-vivid-red-color has-text-color has-background has-medium-font-size\" style=\"background-color:#abb7c25c\"><blockquote><p><strong>LANZAMIENTO<\/strong><\/p><cite><strong>MARTES 20 DE SEPTIEMBRE 19.30 HS<\/strong><br>Teatro el Port\u00f3n de S\u00e1nchez (S\u00e1nchez de Bustamante 1034. CABA)<\/cite><\/blockquote><\/figure>\n\n\n\n<figure class=\"wp-block-image size-large\"><a href=\"http:\/\/apdea.com.ar\/web\/wp-content\/uploads\/2022\/09\/WhatsApp-Image-2022-09-11-at-13.08.14.jpeg\"><img decoding=\"async\" width=\"819\" height=\"1024\" src=\"http:\/\/apdea.com.ar\/web\/wp-content\/uploads\/2022\/09\/WhatsApp-Image-2022-09-11-at-13.08.14-819x1024.jpeg\" alt=\"\" class=\"wp-image-2659\" srcset=\"https:\/\/apdea.com.ar\/web\/wp-content\/uploads\/2022\/09\/WhatsApp-Image-2022-09-11-at-13.08.14-819x1024.jpeg 819w, https:\/\/apdea.com.ar\/web\/wp-content\/uploads\/2022\/09\/WhatsApp-Image-2022-09-11-at-13.08.14-240x300.jpeg 240w, https:\/\/apdea.com.ar\/web\/wp-content\/uploads\/2022\/09\/WhatsApp-Image-2022-09-11-at-13.08.14-768x960.jpeg 768w, https:\/\/apdea.com.ar\/web\/wp-content\/uploads\/2022\/09\/WhatsApp-Image-2022-09-11-at-13.08.14-48x60.jpeg 48w, https:\/\/apdea.com.ar\/web\/wp-content\/uploads\/2022\/09\/WhatsApp-Image-2022-09-11-at-13.08.14-600x750.jpeg 600w, https:\/\/apdea.com.ar\/web\/wp-content\/uploads\/2022\/09\/WhatsApp-Image-2022-09-11-at-13.08.14.jpeg 1024w\" sizes=\"(max-width: 819px) 100vw, 819px\" \/><\/a><\/figure>\n\n\n\n<div class=\"wp-block-media-text alignwide is-stacked-on-mobile is-vertically-aligned-top\"><figure class=\"wp-block-media-text__media\"><img decoding=\"async\" width=\"1024\" height=\"1024\" src=\"http:\/\/apdea.com.ar\/web\/wp-content\/uploads\/2022\/09\/LAS-ENCADENADAS-1024x1024.png\" alt=\"\" class=\"wp-image-2662 size-full\" srcset=\"https:\/\/apdea.com.ar\/web\/wp-content\/uploads\/2022\/09\/LAS-ENCADENADAS-1024x1024.png 1024w, https:\/\/apdea.com.ar\/web\/wp-content\/uploads\/2022\/09\/LAS-ENCADENADAS-300x300.png 300w, https:\/\/apdea.com.ar\/web\/wp-content\/uploads\/2022\/09\/LAS-ENCADENADAS-150x150.png 150w, https:\/\/apdea.com.ar\/web\/wp-content\/uploads\/2022\/09\/LAS-ENCADENADAS-768x768.png 768w, https:\/\/apdea.com.ar\/web\/wp-content\/uploads\/2022\/09\/LAS-ENCADENADAS-370x370.png 370w, https:\/\/apdea.com.ar\/web\/wp-content\/uploads\/2022\/09\/LAS-ENCADENADAS-60x60.png 60w, https:\/\/apdea.com.ar\/web\/wp-content\/uploads\/2022\/09\/LAS-ENCADENADAS-600x600.png 600w, https:\/\/apdea.com.ar\/web\/wp-content\/uploads\/2022\/09\/LAS-ENCADENADAS-100x100.png 100w, https:\/\/apdea.com.ar\/web\/wp-content\/uploads\/2022\/09\/LAS-ENCADENADAS.png 1080w\" sizes=\"(max-width: 1024px) 100vw, 1024px\" \/><\/figure><div class=\"wp-block-media-text__content\">\n<p style=\"font-size:14px\"><strong>LAS ENCADENADAS<\/strong> &#8211; 4ta Temporada<br>Tarde noche de verano en el cementerio municipal del pueblo de Carhu\u00e9, en el l\u00edmite con Epecu\u00e9n, provincia de Buenos Aires. Ante el acecho de una tormenta incipiente y cansadas de la rutina, dos mujeres encargadas del crematorio intentan terminar lo antes posible su jornada laboral. De repente el llamado de su jefe genera que aquellas heridas, ruinas y cenizas del pasado se remuevan y vuelvan a salir a luz. \u00bfQu\u00e9 pas\u00f3 en Epecu\u00e9n? Villa Epecu\u00e9n es el nombre de un pueblo tur\u00edstico argentino en ruinas, ubicado en el partido de Adolfo Alsina, provincia de Buenos Aires. Situada a 7,3 km de la ciudad de Carhu\u00e9, fue fundada en 1921 a orillas del lago del mismo nombre, y lleg\u00f3 a tener cerca de 1.500 habitantes, siendo visitada por un promedio de 25 mil turistas durante el verano.<\/p>\n<\/div><\/div>\n\n\n\n<p style=\"font-size:14px\">El lago Epecu\u00e9n, (Uno de los 6 lagos que componen el sistema de lagunas encadenadas del oeste) se transform\u00f3 en el balneario m\u00e1s exclusivo del pa\u00eds. Era el destino de moda de esa \u00e9poca y el lugar escogido por la aristocracia bonaerense como destino no solo para el ocio, sino tambi\u00e9n para curar enfermedades reum\u00e1ticas y de la piel. Sus aguas altamente mineralizadas eran famosas por su similitud con las propiedades del Mar Muerto. Por esta raz\u00f3n, el agua termal ha tenido una funci\u00f3n curativa y la OMS (Organizaci\u00f3n Mundial de la Salud) la incluy\u00f3 dentro de la medicina tradicional. En 1985 una inundaci\u00f3n provocada por una crecida del lago sumergi\u00f3 a la ciudad completamente bajo el agua, obligando a su evacuaci\u00f3n total.<\/p>\n\n\n\n<p style=\"font-size:15px\"><strong>FICHA T\u00c9CNICO ART\u00cdSTICA<\/strong><br>Dramaturgia: <strong>Juan Mako<\/strong> &#8211; Act\u00faan: <strong>Cecile Caillon, Claudio Depirro, M\u00f3nica Driollet, Diego Torben<\/strong> &#8211; Vestuario:<strong> Paola Delgado<\/strong> &#8211; Dise\u00f1o de escenograf\u00eda: <strong>Sol Soto<\/strong> &#8211; Dise\u00f1o de luces: <strong>Alejandro Le Roux<\/strong> &#8211; Dise\u00f1o De Sonido: <strong>El P\u00e1jaro Films<\/strong> &#8211; Realizaci\u00f3n de escenograf\u00eda: <strong>Sol Soto<\/strong> &#8211; Fotograf\u00eda: <strong>El P\u00e1jaro Films<\/strong> &#8211; Dise\u00f1o gr\u00e1fico: <strong>Otra Producciones Esc\u00e9nicas<\/strong> &#8211; Asistencia art\u00edstica: <strong>Tob\u00edas Cort\u00e9s<\/strong> &#8211; Producci\u00f3n ejecutiva: <strong>Otra Producciones Esc\u00e9nicas <\/strong>&#8211; Supervisi\u00f3n dramat\u00fargica: <strong>Gabriel Fernandez Chapo<\/strong> &#8211; Direcci\u00f3n: <strong>Juan Mako<\/strong><\/p>\n\n\n\n<hr class=\"wp-block-separator has-alpha-channel-opacity is-style-wide\"\/>\n\n\n\n<div class=\"wp-block-media-text alignwide is-stacked-on-mobile is-vertically-aligned-top\"><figure class=\"wp-block-media-text__media\"><img loading=\"lazy\" decoding=\"async\" width=\"1024\" height=\"1024\" src=\"http:\/\/apdea.com.ar\/web\/wp-content\/uploads\/2022\/09\/LOS-SECRETOS-1024x1024.png\" alt=\"\" class=\"wp-image-2663 size-full\" srcset=\"https:\/\/apdea.com.ar\/web\/wp-content\/uploads\/2022\/09\/LOS-SECRETOS-1024x1024.png 1024w, https:\/\/apdea.com.ar\/web\/wp-content\/uploads\/2022\/09\/LOS-SECRETOS-300x300.png 300w, https:\/\/apdea.com.ar\/web\/wp-content\/uploads\/2022\/09\/LOS-SECRETOS-150x150.png 150w, https:\/\/apdea.com.ar\/web\/wp-content\/uploads\/2022\/09\/LOS-SECRETOS-768x768.png 768w, https:\/\/apdea.com.ar\/web\/wp-content\/uploads\/2022\/09\/LOS-SECRETOS-370x370.png 370w, https:\/\/apdea.com.ar\/web\/wp-content\/uploads\/2022\/09\/LOS-SECRETOS-60x60.png 60w, https:\/\/apdea.com.ar\/web\/wp-content\/uploads\/2022\/09\/LOS-SECRETOS-600x600.png 600w, https:\/\/apdea.com.ar\/web\/wp-content\/uploads\/2022\/09\/LOS-SECRETOS-100x100.png 100w, https:\/\/apdea.com.ar\/web\/wp-content\/uploads\/2022\/09\/LOS-SECRETOS.png 1080w\" sizes=\"(max-width: 1024px) 100vw, 1024px\" \/><\/figure><div class=\"wp-block-media-text__content\">\n<p><strong>LOS SECRETOS<\/strong><br><em>\u201cDos que revelan su intemperie en el af\u00e1n de amar. Dos universos intentando encastrar. El recorrido. Los refugios a los que siempre vuelven: los secretos\u2026&#8221;<\/em><\/p>\n<\/div><\/div>\n\n\n\n<p style=\"font-size:15px\"><strong>FICHA T\u00c9CNICO ART\u00cdSTICA<\/strong><\/p>\n\n\n\n<p style=\"font-size:15px\">Act\u00faan: <strong>Paula Fern\u00e1ndez Mbarak e Iv\u00e1n Moschner<\/strong> &#8211; M\u00fasica: <strong>Gabriel Motta<\/strong> &#8211; Vestuario: <strong>Julia Camejo<\/strong> &#8211; Iluminaci\u00f3n: <strong>Leandro Crocco<\/strong> &#8211; Espacio: <strong>Camejo &#8211; Crocco &#8211; Romanazzi <\/strong>&#8211; Asesoramiento t\u00e9cnico: <strong>Mariano Assef<\/strong> &#8211; Fotograf\u00eda: <strong>Chroma Fotograf\u00eda<\/strong> &#8211; Dise\u00f1o gr\u00e1fico: <strong>B\u00e1rbara Delfino<\/strong> &#8211; Asistente de Direcci\u00f3n \/ Operaci\u00f3n t\u00e9cnica de video:<strong> I\u00f1aki Vergara<\/strong> &#8211; Producci\u00f3n: <strong>Carola Parra <\/strong>&#8211; Dramaturgia y Direcci\u00f3n: <strong>Juan Andr\u00e9s Romanazzi<\/strong><\/p>\n\n\n\n<hr class=\"wp-block-separator has-alpha-channel-opacity is-style-wide\"\/>\n\n\n\n<div class=\"wp-block-media-text alignwide is-stacked-on-mobile is-vertically-aligned-top\"><figure class=\"wp-block-media-text__media\"><img loading=\"lazy\" decoding=\"async\" width=\"1024\" height=\"1024\" src=\"http:\/\/apdea.com.ar\/web\/wp-content\/uploads\/2022\/09\/BAILAN-LAS-ALMAS-EN-LLANTAS-1024x1024.png\" alt=\"\" class=\"wp-image-2664 size-full\" srcset=\"https:\/\/apdea.com.ar\/web\/wp-content\/uploads\/2022\/09\/BAILAN-LAS-ALMAS-EN-LLANTAS-1024x1024.png 1024w, https:\/\/apdea.com.ar\/web\/wp-content\/uploads\/2022\/09\/BAILAN-LAS-ALMAS-EN-LLANTAS-300x300.png 300w, https:\/\/apdea.com.ar\/web\/wp-content\/uploads\/2022\/09\/BAILAN-LAS-ALMAS-EN-LLANTAS-150x150.png 150w, https:\/\/apdea.com.ar\/web\/wp-content\/uploads\/2022\/09\/BAILAN-LAS-ALMAS-EN-LLANTAS-768x768.png 768w, https:\/\/apdea.com.ar\/web\/wp-content\/uploads\/2022\/09\/BAILAN-LAS-ALMAS-EN-LLANTAS-370x370.png 370w, https:\/\/apdea.com.ar\/web\/wp-content\/uploads\/2022\/09\/BAILAN-LAS-ALMAS-EN-LLANTAS-60x60.png 60w, https:\/\/apdea.com.ar\/web\/wp-content\/uploads\/2022\/09\/BAILAN-LAS-ALMAS-EN-LLANTAS-600x600.png 600w, https:\/\/apdea.com.ar\/web\/wp-content\/uploads\/2022\/09\/BAILAN-LAS-ALMAS-EN-LLANTAS-100x100.png 100w, https:\/\/apdea.com.ar\/web\/wp-content\/uploads\/2022\/09\/BAILAN-LAS-ALMAS-EN-LLANTAS.png 1080w\" sizes=\"(max-width: 1024px) 100vw, 1024px\" \/><\/figure><div class=\"wp-block-media-text__content\">\n<p style=\"font-size:15px\"><strong>BAILAN LAS ALMAS EN LLANTAS<\/strong><br>Les pibes en llantas rompen la pista de baile, batallan freestyle y corren a pique por las calles angostas de la ciudad. En esas calles, donde se juega el hambre,<br>las casas del poder negocian con la Ley. Una noche, en la fiesta de la primavera, Valu y Julio bailan una cumbia y ya nada seguir\u00e1 igual. Sus cuerpos arrojados al deseo, har\u00e1n posible hasta lo imposible, para torcer sus vidas en desgracia.<\/p>\n<\/div><\/div>\n\n\n\n<p style=\"font-size:15px\"><strong>FICHA T\u00c9CNICO ART\u00cdSTICA<\/strong><\/p>\n\n\n\n<p style=\"font-size:15px\">Act\u00faan: <strong>Camila Conte Roberts, Daniel Begino, Federico Mart\u00ednez, Fran Bert, Jes\u00fas Catalino, Joaqu\u00edn Gallardo, Juan Tupac Soler, Lola Banfi, Mat\u00edas M\u00e9ndez, Romina Osl\u00e9<\/strong>. &#8211; Entrenamiento f\u00edsico y dise\u00f1o coreogr\u00e1fico: <strong>Andr\u00e9s Molina<\/strong> &#8211; Dise\u00f1o de vestuario y escenograf\u00eda: <strong>Victoria Chac\u00f3n<\/strong> &#8211; M\u00fasica original y dise\u00f1o sonoro: <strong>Gast\u00f3n Poirier <\/strong>&#8211; Dise\u00f1o de iluminaci\u00f3n: <strong>Luc\u00eda Feijo\u00f3<\/strong> &#8211; Fotograf\u00eda y video: <strong>Francisco Castro Pizzo<\/strong> &#8211; Dise\u00f1o gr\u00e1fico: <strong>Juan Pablo Rodr\u00edguez<\/strong> &#8211; Prensa: <strong>Marisol Cambre<\/strong> &#8211; Producci\u00f3n ejecutiva: <strong>Po\u00e9tica Resiliencia y LugarOtro<\/strong>. &#8211; Asistencia de direcci\u00f3n: <strong>Milagros Vera<\/strong> &#8211; Dramaturgia y direcci\u00f3n: <strong>Pilar Ruiz<\/strong><\/p>\n\n\n\n<hr class=\"wp-block-separator has-alpha-channel-opacity is-style-wide\"\/>\n\n\n\n<p class=\"has-text-align-center has-background has-medium-font-size\" style=\"background-color:#f8e9c5\">El jurado estuvo integrado por<br><strong>Estela Castronuovo<\/strong> (investigadora y docente teatral ), <br><strong>Maiamar Abrodos<\/strong> (actriz y docente teatral) y <br><strong>Marcelo Savignone<\/strong> ( Director, actor, dramaturgo y docente teatral ).<\/p>\n\n\n\n<hr class=\"wp-block-separator has-alpha-channel-opacity is-style-wide\"\/>\n\n\n\n<p class=\"has-text-align-center has-medium-font-size\"><strong>APDEA<\/strong><br>Somos una asociaci\u00f3n civil de profesionales de la direcci\u00f3n esc\u00e9nica de todo el pa\u00eds, independientemente de sus po\u00e9ticas, lenguajes o condiciones de trabajo, plural, incluyente, diversa y federal. Nacimos all\u00e1 por el 2018 y en el 2021 obtuvimos la personer\u00eda jur\u00eddica, asociando hasta la fecha casi 100 profesionales. Trabajamos como colectivo para investigar, escuchar y repensar cuales son las problem\u00e1ticas que atraviesan nuestra pr\u00e1ctica desde la direcci\u00f3n esc\u00e9nica, en el campo donde actuamos, trabajando en com\u00fan con esos prop\u00f3sitos, como por ejemplo la obtenci\u00f3n del reconocimiento de las personas que dirigen como autores de sus puestas en escena.<br><br><strong>AUTORIDADES<\/strong><br>Presidente <strong><em>Alfredo Martin<\/em><\/strong><br>Secretario <strong><em>Pablo D\u00b4El\u00eda<\/em><\/strong><br>Tesorera <strong><em>Paula Banfi<\/em><\/strong><br>Vocal Titular <strong><em>Ana Alvarado<\/em><\/strong><br>Vocal Titular <strong><em>Carlo Argento<\/em><\/strong><br>Vocal Suplente <strong><em>Ana Laura Suarez Cassino<\/em><\/strong><br>Vocal Suplente <strong><em>Emiliano Samar<\/em><\/strong><br><br>\u00d3rgano fiscalizador: <strong><em>Armando Bolatto<\/em><\/strong> \/ <strong><em>Isabel De Le\u00f3n<\/em><\/strong> \/ <strong><em>Marcelo Mangone<\/em><\/strong>.<\/p>\n\n\n\n<p class=\"has-text-align-center has-medium-font-size\"><strong>Comisi\u00f3n Festival<\/strong><br>Marcelo Mangone \/ Elba Degrossi \/ Ruben Santos \/ Marcelo<br><br>REDES<br>http:\/\/apdea.com.ar<br>@apdeaorg<br>info@apdea.com.a<\/p>\n","protected":false},"excerpt":{"rendered":"<p>ACTIVIDADES Y PROGRAMACI\u00d3N Entrada libre y gratuita, se retira en el teatro el d\u00eda de la funci\u00f3n hasta agotar capacidad LANZAMIENTO MARTES 20 DE SEPTIEMBRE 19.30 HSTeatro el Port\u00f3n de S\u00e1nchez (S\u00e1nchez de Bustamante 1034. CABA) LAS ENCADENADAS &#8211; 4ta TemporadaTarde noche de verano en el cementerio municipal del pueblo de Carhu\u00e9, en el l\u00edmite [&hellip;]<\/p>\n","protected":false},"author":96739723,"featured_media":2653,"parent":0,"menu_order":0,"comment_status":"closed","ping_status":"closed","template":"","meta":{"footnotes":""},"class_list":["post-2606","page","type-page","status-publish","has-post-thumbnail","hentry","post","post-with-thumbnail","post-with-thumbnail-large"],"rttpg_featured_image_url":{"full":["https:\/\/apdea.com.ar\/web\/wp-content\/uploads\/2022\/09\/WhatsApp-Image-2022-09-11-at-13.08.20.jpeg",1280,862,false],"landscape":["https:\/\/apdea.com.ar\/web\/wp-content\/uploads\/2022\/09\/WhatsApp-Image-2022-09-11-at-13.08.20.jpeg",1280,862,false],"portraits":["https:\/\/apdea.com.ar\/web\/wp-content\/uploads\/2022\/09\/WhatsApp-Image-2022-09-11-at-13.08.20.jpeg",1280,862,false],"thumbnail":["https:\/\/apdea.com.ar\/web\/wp-content\/uploads\/2022\/09\/WhatsApp-Image-2022-09-11-at-13.08.20-150x150.jpeg",150,150,true],"medium":["https:\/\/apdea.com.ar\/web\/wp-content\/uploads\/2022\/09\/WhatsApp-Image-2022-09-11-at-13.08.20-300x202.jpeg",300,202,true],"large":["https:\/\/apdea.com.ar\/web\/wp-content\/uploads\/2022\/09\/WhatsApp-Image-2022-09-11-at-13.08.20-1024x690.jpeg",720,485,true],"post-slider-thumb-size":["https:\/\/apdea.com.ar\/web\/wp-content\/uploads\/2022\/09\/WhatsApp-Image-2022-09-11-at-13.08.20-330x190.jpeg",330,190,true],"1536x1536":["https:\/\/apdea.com.ar\/web\/wp-content\/uploads\/2022\/09\/WhatsApp-Image-2022-09-11-at-13.08.20.jpeg",1280,862,false],"2048x2048":["https:\/\/apdea.com.ar\/web\/wp-content\/uploads\/2022\/09\/WhatsApp-Image-2022-09-11-at-13.08.20.jpeg",1280,862,false],"post-thumbnail":["https:\/\/apdea.com.ar\/web\/wp-content\/uploads\/2022\/09\/WhatsApp-Image-2022-09-11-at-13.08.20.jpeg",564,380,false],"vantage-thumbnail-no-sidebar":["https:\/\/apdea.com.ar\/web\/wp-content\/uploads\/2022\/09\/WhatsApp-Image-2022-09-11-at-13.08.20.jpeg",564,380,false],"vantage-slide":["https:\/\/apdea.com.ar\/web\/wp-content\/uploads\/2022\/09\/WhatsApp-Image-2022-09-11-at-13.08.20.jpeg",713,480,false],"vantage-carousel":["https:\/\/apdea.com.ar\/web\/wp-content\/uploads\/2022\/09\/WhatsApp-Image-2022-09-11-at-13.08.20.jpeg",270,182,false],"vantage-grid-loop":["https:\/\/apdea.com.ar\/web\/wp-content\/uploads\/2022\/09\/WhatsApp-Image-2022-09-11-at-13.08.20.jpeg",404,272,false],"woocommerce_thumbnail":["https:\/\/apdea.com.ar\/web\/wp-content\/uploads\/2022\/09\/WhatsApp-Image-2022-09-11-at-13.08.20-300x300.jpeg",300,300,true],"woocommerce_single":["https:\/\/apdea.com.ar\/web\/wp-content\/uploads\/2022\/09\/WhatsApp-Image-2022-09-11-at-13.08.20-600x404.jpeg",600,404,true],"woocommerce_gallery_thumbnail":["https:\/\/apdea.com.ar\/web\/wp-content\/uploads\/2022\/09\/WhatsApp-Image-2022-09-11-at-13.08.20-100x100.jpeg",100,100,true],"sow-carousel-default":["https:\/\/apdea.com.ar\/web\/wp-content\/uploads\/2022\/09\/WhatsApp-Image-2022-09-11-at-13.08.20.jpeg",270,182,false]},"rttpg_author":{"display_name":"Webmaster Dos","author_link":"https:\/\/apdea.com.ar\/web\/author\/webmaster2\/"},"rttpg_comment":0,"rttpg_category":null,"rttpg_excerpt":"ACTIVIDADES Y PROGRAMACI\u00d3N Entrada libre y gratuita, se retira en el teatro el d\u00eda de la funci\u00f3n hasta agotar capacidad LANZAMIENTO MARTES 20 DE SEPTIEMBRE 19.30 HSTeatro el Port\u00f3n de S\u00e1nchez (S\u00e1nchez de Bustamante 1034. CABA) LAS ENCADENADAS &#8211; 4ta TemporadaTarde noche de verano en el cementerio municipal del pueblo de Carhu\u00e9, en el l\u00edmite&hellip;","_links":{"self":[{"href":"https:\/\/apdea.com.ar\/web\/wp-json\/wp\/v2\/pages\/2606","targetHints":{"allow":["GET"]}}],"collection":[{"href":"https:\/\/apdea.com.ar\/web\/wp-json\/wp\/v2\/pages"}],"about":[{"href":"https:\/\/apdea.com.ar\/web\/wp-json\/wp\/v2\/types\/page"}],"author":[{"embeddable":true,"href":"https:\/\/apdea.com.ar\/web\/wp-json\/wp\/v2\/users\/96739723"}],"replies":[{"embeddable":true,"href":"https:\/\/apdea.com.ar\/web\/wp-json\/wp\/v2\/comments?post=2606"}],"version-history":[{"count":6,"href":"https:\/\/apdea.com.ar\/web\/wp-json\/wp\/v2\/pages\/2606\/revisions"}],"predecessor-version":[{"id":2667,"href":"https:\/\/apdea.com.ar\/web\/wp-json\/wp\/v2\/pages\/2606\/revisions\/2667"}],"wp:featuredmedia":[{"embeddable":true,"href":"https:\/\/apdea.com.ar\/web\/wp-json\/wp\/v2\/media\/2653"}],"wp:attachment":[{"href":"https:\/\/apdea.com.ar\/web\/wp-json\/wp\/v2\/media?parent=2606"}],"curies":[{"name":"wp","href":"https:\/\/api.w.org\/{rel}","templated":true}]}}