{"id":2772,"date":"2022-10-28T17:08:25","date_gmt":"2022-10-28T20:08:25","guid":{"rendered":"http:\/\/apdea.com.ar\/web\/?page_id=2772"},"modified":"2025-04-08T14:18:05","modified_gmt":"2025-04-08T17:18:05","slug":"ensayos","status":"publish","type":"page","link":"https:\/\/apdea.com.ar\/web\/ensayos\/","title":{"rendered":"ESPACIOS DE ENSAYOS"},"content":{"rendered":"\n<h4 class=\"wp-block-heading has-text-align-center has-background\" style=\"background-color:#e3d0974d\"><strong>A TRAV\u00c9S DE UN CONVENIO CON EL SABATO ESPACIO CULTURAL Y LA SALA CASA MATRIZ, APDEA BRINDA A SUS PERSONAS ASOCIADAS ESPACIOS DE ENSAYO GRATUITOS.<\/strong><\/h4>\n\n\n\n<p>APDEA \u2013 Asociaci\u00f3n de Profesionales de la Direcci\u00f3n Esc\u00e9nica Argentina \u2013&nbsp; ha firmado un convenio de colaboraci\u00f3n con el GCBA, EL SABATO ESPACIO CULTURAL y con la sala CASA MATRIZ,&nbsp; por el que las personas asociadas podr\u00e1n contar con espacios de ensayo gratuitos para sus obras.<\/p>\n\n\n\n<p>Esta propuesta surgi\u00f3 en pandemia y es el resultado de sostenidas negociaciones con las autoridades locales, cuya exitosa conclusi\u00f3n es un convenio por dos a\u00f1os para utilizar los espacios del SABATO ESPACIO CULTURAL (Uriburu 763) y la sala CASA MATRIZ (Valent\u00edn Virasoso 1449, Caballito), y as\u00ed alivianar los costos de producci\u00f3n de las obras teatrales de las personas asociadas. A partir de estos convenios, existe la posibilidad de ensayar&nbsp; <strong>durante dos meses<\/strong> en dichas salas de manera gratuita.<\/p>\n\n\n\n<hr class=\"wp-block-separator has-alpha-channel-opacity is-style-wide\"\/>\n\n\n\n<p class=\"has-text-align-center\">EL SABATO ESPACIO CULTURAL Sala Julio Bocca<\/p>\n\n\n\n<div class=\"wp-block-columns is-layout-flex wp-container-core-columns-is-layout-9d6595d7 wp-block-columns-is-layout-flex\">\n<div class=\"wp-block-column is-layout-flow wp-block-column-is-layout-flow\">\n<figure class=\"wp-block-image size-full\"><a href=\"http:\/\/apdea.com.ar\/web\/wp-content\/uploads\/2022\/11\/sala-bocca-2.jpeg\"><img fetchpriority=\"high\" decoding=\"async\" width=\"1024\" height=\"768\" src=\"http:\/\/apdea.com.ar\/web\/wp-content\/uploads\/2022\/11\/sala-bocca-2.jpeg\" alt=\"\" class=\"wp-image-2822\" srcset=\"https:\/\/apdea.com.ar\/web\/wp-content\/uploads\/2022\/11\/sala-bocca-2.jpeg 1024w, https:\/\/apdea.com.ar\/web\/wp-content\/uploads\/2022\/11\/sala-bocca-2-300x225.jpeg 300w, https:\/\/apdea.com.ar\/web\/wp-content\/uploads\/2022\/11\/sala-bocca-2-768x576.jpeg 768w, https:\/\/apdea.com.ar\/web\/wp-content\/uploads\/2022\/11\/sala-bocca-2-80x60.jpeg 80w, https:\/\/apdea.com.ar\/web\/wp-content\/uploads\/2022\/11\/sala-bocca-2-600x450.jpeg 600w\" sizes=\"(max-width: 1024px) 100vw, 1024px\" \/><\/a><\/figure>\n<\/div>\n\n\n\n<div class=\"wp-block-column is-layout-flow wp-block-column-is-layout-flow\">\n<figure class=\"wp-block-image size-full\"><a href=\"http:\/\/apdea.com.ar\/web\/wp-content\/uploads\/2022\/11\/sala-bocca-1.jpeg\"><img decoding=\"async\" width=\"1024\" height=\"768\" src=\"http:\/\/apdea.com.ar\/web\/wp-content\/uploads\/2022\/11\/sala-bocca-1.jpeg\" alt=\"\" class=\"wp-image-2821\" srcset=\"https:\/\/apdea.com.ar\/web\/wp-content\/uploads\/2022\/11\/sala-bocca-1.jpeg 1024w, https:\/\/apdea.com.ar\/web\/wp-content\/uploads\/2022\/11\/sala-bocca-1-300x225.jpeg 300w, https:\/\/apdea.com.ar\/web\/wp-content\/uploads\/2022\/11\/sala-bocca-1-768x576.jpeg 768w, https:\/\/apdea.com.ar\/web\/wp-content\/uploads\/2022\/11\/sala-bocca-1-80x60.jpeg 80w, https:\/\/apdea.com.ar\/web\/wp-content\/uploads\/2022\/11\/sala-bocca-1-600x450.jpeg 600w\" sizes=\"(max-width: 1024px) 100vw, 1024px\" \/><\/a><\/figure>\n<\/div>\n<\/div>\n\n\n\n<p class=\"has-text-align-center\">EL SABATO ESPACIO CULTURAL Sala China Zorrilla<\/p>\n\n\n\n<div class=\"wp-block-columns is-layout-flex wp-container-core-columns-is-layout-9d6595d7 wp-block-columns-is-layout-flex\">\n<div class=\"wp-block-column is-layout-flow wp-block-column-is-layout-flow\">\n<figure class=\"wp-block-image size-full\"><a href=\"http:\/\/apdea.com.ar\/web\/wp-content\/uploads\/2022\/11\/sala-china-2.jpeg\"><img decoding=\"async\" width=\"1024\" height=\"768\" src=\"http:\/\/apdea.com.ar\/web\/wp-content\/uploads\/2022\/11\/sala-china-2.jpeg\" alt=\"\" class=\"wp-image-2819\" srcset=\"https:\/\/apdea.com.ar\/web\/wp-content\/uploads\/2022\/11\/sala-china-2.jpeg 1024w, https:\/\/apdea.com.ar\/web\/wp-content\/uploads\/2022\/11\/sala-china-2-300x225.jpeg 300w, https:\/\/apdea.com.ar\/web\/wp-content\/uploads\/2022\/11\/sala-china-2-768x576.jpeg 768w, https:\/\/apdea.com.ar\/web\/wp-content\/uploads\/2022\/11\/sala-china-2-80x60.jpeg 80w, https:\/\/apdea.com.ar\/web\/wp-content\/uploads\/2022\/11\/sala-china-2-600x450.jpeg 600w\" sizes=\"(max-width: 1024px) 100vw, 1024px\" \/><\/a><\/figure>\n<\/div>\n\n\n\n<div class=\"wp-block-column is-layout-flow wp-block-column-is-layout-flow\">\n<figure class=\"wp-block-image size-full\"><a href=\"http:\/\/apdea.com.ar\/web\/wp-content\/uploads\/2022\/11\/sala-china-1.jpeg\"><img loading=\"lazy\" decoding=\"async\" width=\"1024\" height=\"768\" src=\"http:\/\/apdea.com.ar\/web\/wp-content\/uploads\/2022\/11\/sala-china-1.jpeg\" alt=\"\" class=\"wp-image-2820\" srcset=\"https:\/\/apdea.com.ar\/web\/wp-content\/uploads\/2022\/11\/sala-china-1.jpeg 1024w, https:\/\/apdea.com.ar\/web\/wp-content\/uploads\/2022\/11\/sala-china-1-300x225.jpeg 300w, https:\/\/apdea.com.ar\/web\/wp-content\/uploads\/2022\/11\/sala-china-1-768x576.jpeg 768w, https:\/\/apdea.com.ar\/web\/wp-content\/uploads\/2022\/11\/sala-china-1-80x60.jpeg 80w, https:\/\/apdea.com.ar\/web\/wp-content\/uploads\/2022\/11\/sala-china-1-600x450.jpeg 600w\" sizes=\"(max-width: 1024px) 100vw, 1024px\" \/><\/a><\/figure>\n<\/div>\n<\/div>\n\n\n\n<p class=\"has-text-align-center\">sala CASA MATRIZ<\/p>\n\n\n\n<div class=\"wp-block-columns is-layout-flex wp-container-core-columns-is-layout-9d6595d7 wp-block-columns-is-layout-flex\">\n<div class=\"wp-block-column is-layout-flow wp-block-column-is-layout-flow\">\n<figure class=\"wp-block-image size-large\"><a href=\"https:\/\/apdea.com.ar\/web\/wp-content\/uploads\/2025\/04\/WhatsApp-Image-2025-03-20-at-10.55.09.jpeg\"><img loading=\"lazy\" decoding=\"async\" width=\"1024\" height=\"768\" src=\"https:\/\/apdea.com.ar\/web\/wp-content\/uploads\/2025\/04\/WhatsApp-Image-2025-03-20-at-10.55.09-1024x768.jpeg\" alt=\"\" class=\"wp-image-3777\" srcset=\"https:\/\/apdea.com.ar\/web\/wp-content\/uploads\/2025\/04\/WhatsApp-Image-2025-03-20-at-10.55.09-1024x768.jpeg 1024w, https:\/\/apdea.com.ar\/web\/wp-content\/uploads\/2025\/04\/WhatsApp-Image-2025-03-20-at-10.55.09-300x225.jpeg 300w, https:\/\/apdea.com.ar\/web\/wp-content\/uploads\/2025\/04\/WhatsApp-Image-2025-03-20-at-10.55.09-768x576.jpeg 768w, https:\/\/apdea.com.ar\/web\/wp-content\/uploads\/2025\/04\/WhatsApp-Image-2025-03-20-at-10.55.09-1536x1152.jpeg 1536w, https:\/\/apdea.com.ar\/web\/wp-content\/uploads\/2025\/04\/WhatsApp-Image-2025-03-20-at-10.55.09-80x60.jpeg 80w, https:\/\/apdea.com.ar\/web\/wp-content\/uploads\/2025\/04\/WhatsApp-Image-2025-03-20-at-10.55.09-1320x990.jpeg 1320w, https:\/\/apdea.com.ar\/web\/wp-content\/uploads\/2025\/04\/WhatsApp-Image-2025-03-20-at-10.55.09-600x450.jpeg 600w, https:\/\/apdea.com.ar\/web\/wp-content\/uploads\/2025\/04\/WhatsApp-Image-2025-03-20-at-10.55.09.jpeg 1600w\" sizes=\"(max-width: 1024px) 100vw, 1024px\" \/><\/a><\/figure>\n<\/div>\n\n\n\n<div class=\"wp-block-column is-vertically-aligned-center is-layout-flow wp-block-column-is-layout-flow\">\n<figure class=\"wp-block-image size-large\"><a href=\"https:\/\/apdea.com.ar\/web\/wp-content\/uploads\/2025\/04\/WhatsApp-Image-2025-03-20-at-10.53.49.jpeg\"><img loading=\"lazy\" decoding=\"async\" width=\"1024\" height=\"576\" src=\"https:\/\/apdea.com.ar\/web\/wp-content\/uploads\/2025\/04\/WhatsApp-Image-2025-03-20-at-10.53.49-1024x576.jpeg\" alt=\"\" class=\"wp-image-3778\" style=\"aspect-ratio:4\/3;object-fit:cover\" srcset=\"https:\/\/apdea.com.ar\/web\/wp-content\/uploads\/2025\/04\/WhatsApp-Image-2025-03-20-at-10.53.49-1024x576.jpeg 1024w, https:\/\/apdea.com.ar\/web\/wp-content\/uploads\/2025\/04\/WhatsApp-Image-2025-03-20-at-10.53.49-300x169.jpeg 300w, https:\/\/apdea.com.ar\/web\/wp-content\/uploads\/2025\/04\/WhatsApp-Image-2025-03-20-at-10.53.49-768x432.jpeg 768w, https:\/\/apdea.com.ar\/web\/wp-content\/uploads\/2025\/04\/WhatsApp-Image-2025-03-20-at-10.53.49-1536x864.jpeg 1536w, https:\/\/apdea.com.ar\/web\/wp-content\/uploads\/2025\/04\/WhatsApp-Image-2025-03-20-at-10.53.49-107x60.jpeg 107w, https:\/\/apdea.com.ar\/web\/wp-content\/uploads\/2025\/04\/WhatsApp-Image-2025-03-20-at-10.53.49-1320x743.jpeg 1320w, https:\/\/apdea.com.ar\/web\/wp-content\/uploads\/2025\/04\/WhatsApp-Image-2025-03-20-at-10.53.49-600x338.jpeg 600w, https:\/\/apdea.com.ar\/web\/wp-content\/uploads\/2025\/04\/WhatsApp-Image-2025-03-20-at-10.53.49.jpeg 1600w\" sizes=\"(max-width: 1024px) 100vw, 1024px\" \/><\/a><\/figure>\n<\/div>\n<\/div>\n\n\n\n<p><strong><em>Pautas orientativas del beneficio<\/em><\/strong><\/p>\n\n\n\n<ul class=\"wp-block-list\">\n<li><strong>Quien puede solicitarlo<\/strong>: personas asociadas a APDEA con la cuota al d\u00eda.<br><\/li>\n\n\n\n<li><strong>Cu\u00e1nto tiempo se puede ensayar:<\/strong>&nbsp;dos meses por persona asociada, como m\u00e1ximo.<br><\/li>\n\n\n\n<li><strong>Frecuencia<\/strong>: 1 vez por semana por el total de horas del bloque (3 horas).<br><\/li>\n\n\n\n<li><strong>Horarios:<\/strong> <br><strong>Lunes de 10 a 13<\/strong> (en S\u00e1bato, espacio cultural)<br><strong>Martes de 11 a 14<\/strong> (en Casa Matriz)<br><strong>Jueves de 13 a 16<\/strong> (en S\u00e1bato, espacio cultural)<br><strong>Viernes de 13 a 16<\/strong> (en S\u00e1bato, espacio cultural)<br><\/li>\n\n\n\n<li><strong>C\u00f3mo se solicita<\/strong>: exclusivamente a trav\u00e9s del formulario de esta p\u00e1gina.<br><\/li>\n\n\n\n<li><strong>Cu\u00e1ndo solicitarlo<\/strong>: durante la primera semana h\u00e1bil del mes anterior a comenzar los ensayos. (Ej: se env\u00eda el lunes 1 de abril, para empezar a ensayar a comienzos del mes de mayo).<br><\/li>\n\n\n\n<li><strong>Cu\u00e1ndo se recibe la confirmaci\u00f3n<\/strong>: dentro de la segunda semana h\u00e1bil de cada mes.<br><\/li>\n\n\n\n<li><strong>Confirmaci\u00f3n expresa<\/strong>: Para que el pedido se considere aceptado, se deber\u00e1 contar con la confirmaci\u00f3n expresa de APDEA que recibir\u00e1 por mail junto con las pautas para el uso de los espacios de ensayo. La mera constancia de ingreso del formulario no implica aceptaci\u00f3n de la solicitud.<br><\/li>\n\n\n\n<li><strong>Cu\u00e1ndo me toca<\/strong>: Las solicitudes se resolver\u00e1n por orden de ingreso.<br><\/li>\n\n\n\n<li><strong>Qu\u00e9 pasa si quiero reiterar la solicitud<\/strong>: En caso de haber utilizado el espacio y se desee solicitarlo nuevamente, se pasar\u00e1 a lista de espera, luego de que todas las solicitudes previas se hayan cumplido. No habiendo solicitudes pendientes, podr\u00e1 reiterarse el pedido.<br><\/li>\n\n\n\n<li><strong>L\u00edmitaci\u00f3n<\/strong>: La persona asociada a APDEA que realice la solicitud ser\u00e1 quien represente al elenco ante APDEA y El SABATO ESPACIO CULTURAL. Cada elenco podr\u00e1 ser representado por una sola persona asociada.<br><\/li>\n\n\n\n<li><strong>Feriados:<\/strong>&nbsp;Los d\u00edas feriados y durante enero el espacio no estar\u00e1 disponible.<br><\/li>\n\n\n\n<li><strong>Contraprestaci\u00f3n<\/strong>: <br>&#8211; Agregar logo de APDEA en el programa de mano del espect\u00e1culo <br><br>&#8211; Realizar un ensayo abierto en modalidad work in progress enmarcado en el ciclo&nbsp;<strong>COCINA ABIERTA<\/strong>, ciclo donde directoras y directores abren un ensayo al p\u00fablico y realizar\u00e1n el desmontaje posterior de sus m\u00e9todos y herramientas de trabajo. Esta actividad ser\u00e1 realizada en horario solicitado para ensayo. El evento ser\u00e1 difundido por los canales de comunicaci\u00f3n de APDEA (mail oficial, p\u00e1gina y lista de difusi\u00f3n).<br><br>&#8211; Difundir la actividad en redes arrobando a Apdea y al S\u00e1bato o a Casa Matriz.&nbsp;@apdeaorg \/&nbsp;@elsabato \/&nbsp;@casamatrizlugardeteatro<br><\/li>\n\n\n\n<li><strong>Difusi\u00f3n<\/strong>: La convocatoria y comunicaci\u00f3n de los horarios disponibles se realizar\u00e1 exclusivamente por los canales de comunicaci\u00f3n de APDEA (mail oficial, p\u00e1gina y lista de difusi\u00f3n) durante todo el a\u00f1o.<br><\/li>\n\n\n\n<li><strong>Contacto:<\/strong>&nbsp;La Comisi\u00f3n de Extensi\u00f3n de APDEA se encargar\u00e1 de recibir las solicitudes y organizar la grilla horaria, en comunicaci\u00f3n con el espacio cultural. Mail de contacto:&nbsp;<a href=\"mailto:ensayos@apdea.com.ar\">ensayos@apdea.com.ar<\/a>.<\/li>\n<\/ul>\n\n\n\n<hr class=\"wp-block-separator has-alpha-channel-opacity is-style-wide\"\/>\n\n\n\n<p class=\"has-text-align-center\"><strong>AGENDA DE ENSAYOS CONFIRMADOS HASTA EL MOMENTO<\/strong><\/p>\n\n\n\n<div class=\"wp-block-buttons is-content-justification-center is-layout-flex wp-container-core-buttons-is-layout-16018d1d wp-block-buttons-is-layout-flex\"><\/div>\n\n\n\n<hr class=\"wp-block-separator has-alpha-channel-opacity is-style-wide\"\/>\n\n\n\n<iframe src=\"https:\/\/calendar.google.com\/calendar\/embed?height=600&#038;wkst=1&#038;ctz=America%2FArgentina%2FBuenos_Aires&#038;showPrint=0&#038;showTitle=0&#038;showCalendars=0&#038;showTz=0&#038;mode=AGENDA&#038;src=ZW5zYXlvc2FwZGVhQGdtYWlsLmNvbQ&#038;color=%23039BE5\" style=\"border:solid 1px #777\" width=\"800\" height=\"600\" frameborder=\"0\" scrolling=\"no\"><\/iframe>\n\n\n\n<p class=\"has-text-align-center has-background\" style=\"background-color:#cf2d2d21\"><strong>El convenio con El S\u00e1bato Espacio Cultural, por el cual las personas asociadas a APDEA<\/strong><br><strong>cuentan con espacios para ensayar sin cargo, ha sido renovado por dos a\u00f1os m\u00e1s.<\/strong><br><br>Los d\u00edas y horarios son:<br><strong>Lunes de 10 a 13<br>jueves de 13 a 16<br>viernes de 13 a 16<\/strong><br><br><strong>RESERV\u00c1 TU LUGAR<\/strong><\/p>\n\n\n\n<p class=\"has-text-align-center\"><strong>FORMULARIO DE PEDIDO DE ESPACIO<\/strong><\/p>\n\n\n\n<iframe src=\"https:\/\/docs.google.com\/forms\/d\/19SGLnet8WtqJqbuKiRzX6816zHttzquZYybI15xQZbE\/viewform?ts=63627392&amp;edit_requested=true\" width=\"100%\" height=\"1000\"><\/iframe>\n\n\n\n<div class=\"wp-block-buttons is-layout-flex wp-block-buttons-is-layout-flex\"><\/div>\n","protected":false},"excerpt":{"rendered":"<p>A TRAV\u00c9S DE UN CONVENIO CON EL SABATO ESPACIO CULTURAL Y LA SALA CASA MATRIZ, APDEA BRINDA A SUS PERSONAS ASOCIADAS ESPACIOS DE ENSAYO GRATUITOS. APDEA \u2013 Asociaci\u00f3n de Profesionales de la Direcci\u00f3n Esc\u00e9nica Argentina \u2013&nbsp; ha firmado un convenio de colaboraci\u00f3n con el GCBA, EL SABATO ESPACIO CULTURAL y con la sala CASA MATRIZ,&nbsp; [&hellip;]<\/p>\n","protected":false},"author":96739723,"featured_media":0,"parent":0,"menu_order":0,"comment_status":"closed","ping_status":"closed","template":"","meta":{"footnotes":""},"class_list":["post-2772","page","type-page","status-publish","hentry","post"],"rttpg_featured_image_url":null,"rttpg_author":{"display_name":"Webmaster Dos","author_link":"https:\/\/apdea.com.ar\/web\/author\/webmaster2\/"},"rttpg_comment":0,"rttpg_category":null,"rttpg_excerpt":"A TRAV\u00c9S DE UN CONVENIO CON EL SABATO ESPACIO CULTURAL Y LA SALA CASA MATRIZ, APDEA BRINDA A SUS PERSONAS ASOCIADAS ESPACIOS DE ENSAYO GRATUITOS. APDEA \u2013 Asociaci\u00f3n de Profesionales de la Direcci\u00f3n Esc\u00e9nica Argentina \u2013&nbsp; ha firmado un convenio de colaboraci\u00f3n con el GCBA, EL SABATO ESPACIO CULTURAL y con la sala CASA MATRIZ,&nbsp;&hellip;","_links":{"self":[{"href":"https:\/\/apdea.com.ar\/web\/wp-json\/wp\/v2\/pages\/2772","targetHints":{"allow":["GET"]}}],"collection":[{"href":"https:\/\/apdea.com.ar\/web\/wp-json\/wp\/v2\/pages"}],"about":[{"href":"https:\/\/apdea.com.ar\/web\/wp-json\/wp\/v2\/types\/page"}],"author":[{"embeddable":true,"href":"https:\/\/apdea.com.ar\/web\/wp-json\/wp\/v2\/users\/96739723"}],"replies":[{"embeddable":true,"href":"https:\/\/apdea.com.ar\/web\/wp-json\/wp\/v2\/comments?post=2772"}],"version-history":[{"count":25,"href":"https:\/\/apdea.com.ar\/web\/wp-json\/wp\/v2\/pages\/2772\/revisions"}],"predecessor-version":[{"id":3796,"href":"https:\/\/apdea.com.ar\/web\/wp-json\/wp\/v2\/pages\/2772\/revisions\/3796"}],"wp:attachment":[{"href":"https:\/\/apdea.com.ar\/web\/wp-json\/wp\/v2\/media?parent=2772"}],"curies":[{"name":"wp","href":"https:\/\/api.w.org\/{rel}","templated":true}]}}