{"id":3869,"date":"2025-05-27T14:14:21","date_gmt":"2025-05-27T17:14:21","guid":{"rendered":"https:\/\/apdea.com.ar\/web\/?page_id=3869"},"modified":"2025-10-10T15:43:56","modified_gmt":"2025-10-10T18:43:56","slug":"charlas-de-miercoles","status":"publish","type":"page","link":"https:\/\/apdea.com.ar\/web\/charlas-de-miercoles\/","title":{"rendered":"Charlas de mi\u00e9rcoles"},"content":{"rendered":"\n<hr class=\"wp-block-separator has-alpha-channel-opacity\"\/>\n\n\n\n<h4 class=\"wp-block-heading has-vivid-red-color has-text-color has-link-color wp-elements-7a69d6b21d5d7ab50d7701b6e15bc787\">10 de octubre de 2025 &#8211; 16 hs<\/h4>\n\n\n\n<h2 class=\"wp-block-heading has-vivid-red-color has-text-color has-link-color wp-elements-3b0a03cdedd4f5cab527d364c7024499\">Charla VIRTUAL V \u201cDirigir sin texto\u201d<\/h2>\n\n\n\n<p>Invitados: <strong>Floregeipsa Moreno<\/strong> (Tierra del Fuego), <strong>Marcelo Savignone<\/strong> (C\u00f3rdoba) y <strong>Laura Fernandez<\/strong> (CABA) <\/p>\n\n\n\n<p>Coordinan por APDEA: <strong>Marcos Arano y Zaida Mazzitelli<\/strong><\/p>\n\n\n\n<figure class=\"wp-block-embed is-type-video is-provider-youtube wp-block-embed-youtube wp-embed-aspect-4-3 wp-has-aspect-ratio\"><div class=\"wp-block-embed__wrapper\">\n<iframe title=\"Charla VIRTUAL V \u201cDirigir sin texto\u201d\" width=\"720\" height=\"540\" src=\"https:\/\/www.youtube.com\/embed\/BFb58OuSSbs?feature=oembed\" frameborder=\"0\" allow=\"accelerometer; autoplay; clipboard-write; encrypted-media; gyroscope; picture-in-picture; web-share\" referrerpolicy=\"strict-origin-when-cross-origin\" allowfullscreen><\/iframe>\n<\/div><\/figure>\n\n\n\n<hr class=\"wp-block-separator has-alpha-channel-opacity\"\/>\n\n\n\n<h4 class=\"wp-block-heading has-vivid-red-color has-text-color has-link-color wp-elements-34bf2d743fa289ede59068322dbe4c96\">3 de septiembre de 2025 &#8211; 22 hs<\/h4>\n\n\n\n<h2 class=\"wp-block-heading has-vivid-red-color has-text-color has-link-color wp-elements-868714cfb7217aa4aab4a6403ade2862\">Charla VIRTUAL IV \u201cLa direcci\u00f3n y otras \u00e1reas creativas.\u201d<\/h2>\n\n\n\n<p>Invitados: <strong>Hector Calmet<\/strong>, <strong>Gabriela Gerdelics <\/strong>y <strong>Sabrina L\u00f3pez Hobhannessian<\/strong><\/p>\n\n\n\n<p>Coordinan por APDEA: <strong>Mariela Castro Balboa, Armando Bolatto, Marcos Arano, Anal\u00eda Mayta y Zaida Mazzitelli<\/strong><\/p>\n\n\n\n<figure class=\"wp-block-embed is-type-video is-provider-youtube wp-block-embed-youtube wp-embed-aspect-4-3 wp-has-aspect-ratio\"><div class=\"wp-block-embed__wrapper\">\n<iframe title=\"Charla VIRTUAL IV \u201cLa direcci\u00f3n y otras \u00e1reas creativas.\u201d\" width=\"720\" height=\"405\" src=\"https:\/\/www.youtube.com\/embed\/Agil634KN7s?feature=oembed\" frameborder=\"0\" allow=\"accelerometer; autoplay; clipboard-write; encrypted-media; gyroscope; picture-in-picture; web-share\" referrerpolicy=\"strict-origin-when-cross-origin\" allowfullscreen><\/iframe>\n<\/div><\/figure>\n\n\n\n<hr class=\"wp-block-separator has-alpha-channel-opacity\"\/>\n\n\n\n<h4 class=\"wp-block-heading has-vivid-red-color has-text-color has-link-color wp-elements-a35d00c2ad9d88973e59a99a73b85e69\">23 de julio 2025 &#8211; 22:30 hs<\/h4>\n\n\n\n<h2 class=\"wp-block-heading has-vivid-red-color has-text-color has-link-color wp-elements-307caf9bf7d465867353df070fc9441e\">Charla VIRTUAL III \u201cDirigir grupalidades&#8221;<\/h2>\n\n\n\n<p>Invitados: <strong>Daniel Casablanca<\/strong> (CABA), <strong>Soledad Gonz\u00e1lez<\/strong> (C\u00f3rdoba) y <strong>Emiliano Dionisi<\/strong> (CABA)<\/p>\n\n\n\n<p>Coordinan por APDEA: <strong>Mariela Castro Balboa, Armando Bolatto y Marcos Arano<\/strong><\/p>\n\n\n\n<figure class=\"wp-block-embed is-type-video is-provider-youtube wp-block-embed-youtube wp-embed-aspect-4-3 wp-has-aspect-ratio\"><div class=\"wp-block-embed__wrapper\">\n<iframe title=\"Charla VIRTUAL III \u201cDirigir grupalidades\u201d\" width=\"720\" height=\"405\" src=\"https:\/\/www.youtube.com\/embed\/zhSvb4IW1hw?feature=oembed\" frameborder=\"0\" allow=\"accelerometer; autoplay; clipboard-write; encrypted-media; gyroscope; picture-in-picture; web-share\" referrerpolicy=\"strict-origin-when-cross-origin\" allowfullscreen><\/iframe>\n<\/div><\/figure>\n\n\n\n<hr class=\"wp-block-separator has-alpha-channel-opacity\"\/>\n\n\n\n<h4 class=\"wp-block-heading has-vivid-red-color has-text-color has-link-color wp-elements-06518b908542597aef16ea78e1a89eb6\">25 de junio 2025 &#8211; 22 hs<\/h4>\n\n\n\n<h2 class=\"wp-block-heading has-vivid-red-color has-text-color has-link-color wp-elements-68bb12746f7888a3d7c187914d207d50\">Charla VIRTUAL II \u201cCu\u00e1nto de producci\u00f3n vive en la direcci\u00f3n\u201d<\/h2>\n\n\n\n<p>Invitados: <strong>Ana Aluhen Seguel <\/strong>(Santa Cruz), <strong>Teresita Elordi <\/strong>(CABA y Mar del Plata) y <strong>Daniel Marcove <\/strong>(CABA) <\/p>\n\n\n\n<p>Coordinan por APDEA: <strong>Mariela Castro Balboa, Armando Bolatto y Marcos Arano<\/strong><\/p>\n\n\n\n<figure class=\"wp-block-embed is-type-video is-provider-youtube wp-block-embed-youtube wp-embed-aspect-4-3 wp-has-aspect-ratio\"><div class=\"wp-block-embed__wrapper\">\n<iframe title=\"Charla VIRTUAL II \u201cCu\u00e1nto de producci\u00f3n vive en la direcci\u00f3n\u201d\" width=\"720\" height=\"405\" src=\"https:\/\/www.youtube.com\/embed\/LeHM0lmR1bU?feature=oembed\" frameborder=\"0\" allow=\"accelerometer; autoplay; clipboard-write; encrypted-media; gyroscope; picture-in-picture; web-share\" referrerpolicy=\"strict-origin-when-cross-origin\" allowfullscreen><\/iframe>\n<\/div><\/figure>\n\n\n\n<hr class=\"wp-block-separator has-alpha-channel-opacity\"\/>\n\n\n\n<h4 class=\"wp-block-heading has-vivid-red-color has-text-color has-link-color wp-elements-f81a029c73c705e05de93695ecca0a44\">28 de mayo 2025 &#8211; 22:30 hs<\/h4>\n\n\n\n<h2 class=\"wp-block-heading has-vivid-red-color has-text-color has-link-color wp-elements-6b7ec65ea47cd720e0d06252e484b909\">Charla VIRTUAL I \u201cEstrategias para crear mientras rompen todo\u201d<\/h2>\n\n\n\n<p>Mientras las pol\u00edticas de estado apuntan a la destrucci\u00f3n, desde APDEA propiciamos espacios de encuentro para juntarnos, intercambiar quehaceres, delinear futuros y trazar nuevas estrategias para la creaci\u00f3n.<\/p>\n\n\n\n<p>Invitados: <strong>Carlos Leyes <\/strong>(Formosa), <strong>Santiago Salaburu <\/strong>(Neuqu\u00e9n), <strong>Claudia Eichenberg <\/strong>(Pcia. BsAs) y <strong>Tatiana Sandoval<\/strong> (CABA)<\/p>\n\n\n\n<p>Coordinan por APDEA: <strong>Mariela Castro Balboa, Armando Bolatto y Marcos Arano<\/strong><\/p>\n\n\n\n<figure class=\"wp-block-embed is-type-video is-provider-youtube wp-block-embed-youtube wp-embed-aspect-4-3 wp-has-aspect-ratio\"><div class=\"wp-block-embed__wrapper\">\n<iframe title=\"Charla VIRTUAL \u201cEstrategias para crear mientras rompen todo\u201d\" width=\"720\" height=\"405\" src=\"https:\/\/www.youtube.com\/embed\/jfuNZDcfPRI?feature=oembed\" frameborder=\"0\" allow=\"accelerometer; autoplay; clipboard-write; encrypted-media; gyroscope; picture-in-picture; web-share\" referrerpolicy=\"strict-origin-when-cross-origin\" allowfullscreen><\/iframe>\n<\/div><\/figure>\n\n\n\n<p><\/p>\n","protected":false},"excerpt":{"rendered":"<p>10 de octubre de 2025 &#8211; 16 hs Charla VIRTUAL V \u201cDirigir sin texto\u201d Invitados: Floregeipsa Moreno (Tierra del Fuego), Marcelo Savignone (C\u00f3rdoba) y Laura Fernandez (CABA) Coordinan por APDEA: Marcos Arano y Zaida Mazzitelli 3 de septiembre de 2025 &#8211; 22 hs Charla VIRTUAL IV \u201cLa direcci\u00f3n y otras \u00e1reas creativas.\u201d Invitados: Hector Calmet, [&hellip;]<\/p>\n","protected":false},"author":96739723,"featured_media":0,"parent":0,"menu_order":0,"comment_status":"closed","ping_status":"closed","template":"","meta":{"footnotes":""},"class_list":["post-3869","page","type-page","status-publish","hentry","post"],"rttpg_featured_image_url":null,"rttpg_author":{"display_name":"Webmaster Dos","author_link":"https:\/\/apdea.com.ar\/web\/author\/webmaster2\/"},"rttpg_comment":0,"rttpg_category":null,"rttpg_excerpt":"10 de octubre de 2025 &#8211; 16 hs Charla VIRTUAL V \u201cDirigir sin texto\u201d Invitados: Floregeipsa Moreno (Tierra del Fuego), Marcelo Savignone (C\u00f3rdoba) y Laura Fernandez (CABA) Coordinan por APDEA: Marcos Arano y Zaida Mazzitelli 3 de septiembre de 2025 &#8211; 22 hs Charla VIRTUAL IV \u201cLa direcci\u00f3n y otras \u00e1reas creativas.\u201d Invitados: Hector Calmet,&hellip;","_links":{"self":[{"href":"https:\/\/apdea.com.ar\/web\/wp-json\/wp\/v2\/pages\/3869","targetHints":{"allow":["GET"]}}],"collection":[{"href":"https:\/\/apdea.com.ar\/web\/wp-json\/wp\/v2\/pages"}],"about":[{"href":"https:\/\/apdea.com.ar\/web\/wp-json\/wp\/v2\/types\/page"}],"author":[{"embeddable":true,"href":"https:\/\/apdea.com.ar\/web\/wp-json\/wp\/v2\/users\/96739723"}],"replies":[{"embeddable":true,"href":"https:\/\/apdea.com.ar\/web\/wp-json\/wp\/v2\/comments?post=3869"}],"version-history":[{"count":8,"href":"https:\/\/apdea.com.ar\/web\/wp-json\/wp\/v2\/pages\/3869\/revisions"}],"predecessor-version":[{"id":4225,"href":"https:\/\/apdea.com.ar\/web\/wp-json\/wp\/v2\/pages\/3869\/revisions\/4225"}],"wp:attachment":[{"href":"https:\/\/apdea.com.ar\/web\/wp-json\/wp\/v2\/media?parent=3869"}],"curies":[{"name":"wp","href":"https:\/\/api.w.org\/{rel}","templated":true}]}}