{"id":4040,"date":"2025-07-31T01:02:58","date_gmt":"2025-07-31T04:02:58","guid":{"rendered":"https:\/\/apdea.com.ar\/web\/home-page\/"},"modified":"2026-04-02T17:16:35","modified_gmt":"2026-04-02T20:16:35","slug":"home-page","status":"publish","type":"page","link":"https:\/\/apdea.com.ar\/web\/","title":{"rendered":"Home Page"},"content":{"rendered":"\t\t<div data-elementor-type=\"wp-page\" data-elementor-id=\"4040\" class=\"elementor elementor-4040\">\n\t\t\t\t\t\t<section class=\"elementor-section elementor-top-section elementor-element elementor-element-8ee8706 elementor-section-boxed elementor-section-height-default elementor-section-height-default\" data-id=\"8ee8706\" data-element_type=\"section\" data-e-type=\"section\">\n\t\t\t\t\t\t<div class=\"elementor-container elementor-column-gap-default\">\n\t\t\t\t\t<div class=\"elementor-column elementor-col-100 elementor-top-column elementor-element elementor-element-c8cad49\" data-id=\"c8cad49\" data-element_type=\"column\" data-e-type=\"column\">\n\t\t\t<div class=\"elementor-widget-wrap elementor-element-populated\">\n\t\t\t\t\t\t<div class=\"elementor-element elementor-element-a21385f elementor-button-info elementor-align-center elementor-widget elementor-widget-button\" data-id=\"a21385f\" data-element_type=\"widget\" data-e-type=\"widget\" data-widget_type=\"button.default\">\n\t\t\t\t<div class=\"elementor-widget-container\">\n\t\t\t\t\t\t\t\t\t<div class=\"elementor-button-wrapper\">\n\t\t\t\t\t<a class=\"elementor-button elementor-button-link elementor-size-sm\" href=\"https:\/\/apdea.com.ar\/web\/asociate\">\n\t\t\t\t\t\t<span class=\"elementor-button-content-wrapper\">\n\t\t\t\t\t\t\t\t\t<span class=\"elementor-button-text\">ASOCIATE<\/span>\n\t\t\t\t\t<\/span>\n\t\t\t\t\t<\/a>\n\t\t\t\t<\/div>\n\t\t\t\t\t\t\t\t<\/div>\n\t\t\t\t<\/div>\n\t\t\t\t\t<\/div>\n\t\t<\/div>\n\t\t\t\t\t<\/div>\n\t\t<\/section>\n\t\t\t\t<section class=\"elementor-section elementor-top-section elementor-element elementor-element-70bc421 elementor-section-boxed elementor-section-height-default elementor-section-height-default\" data-id=\"70bc421\" data-element_type=\"section\" data-e-type=\"section\">\n\t\t\t\t\t\t<div class=\"elementor-container elementor-column-gap-default\">\n\t\t\t\t\t<div class=\"elementor-column elementor-col-100 elementor-top-column elementor-element elementor-element-7228ec9\" data-id=\"7228ec9\" data-element_type=\"column\" data-e-type=\"column\">\n\t\t\t<div class=\"elementor-widget-wrap elementor-element-populated\">\n\t\t\t\t\t\t<div class=\"elementor-element elementor-element-fae09e4 meta-visibility-show title_position_default title_hover_border_default title-default img_hover_animation_default meta_position_default readmore-btn-default-style grid-hover-overlay-type-always tpg-el-box-border-enable tpg-border-bottom-disable elementor-widget elementor-widget-tpg-grid-layout\" data-id=\"fae09e4\" data-element_type=\"widget\" data-e-type=\"widget\" data-widget_type=\"tpg-grid-layout.default\">\n\t\t\t\t<div class=\"elementor-widget-container\">\n\t\t\t\t\t\t\t<div class=\"rt-container-fluid rt-tpg-container tpg-el-main-wrapper clearfix grid-layout4-main \"\n\t\t\t id=\"rt-tpg-container-3351095320\"\n\t\t\t data-layout=\"grid-layout4\"\n\t\t\t data-grid-style=\"tpg-full-height\"\n\t\t\t data-sc-id=\"elementor\"\n\t\t\t data-el-settings=''\n\t\t\t data-el-query=''\n\t\t\t data-el-path=''\n\t\t>\n\t\t\t\t\t\t<div class='tpg-header-wrapper '>\n\t\t\t\t\t\t\t<\/div>\n\n\t\t\t<div data-title=\"Loading ...\" class=\"rt-row rt-content-loader grid-layout4 grid-behaviour tpg-full-height grid_layout_wrapper\">\n\t\t\t\t\n<div class=\"rt-col-md-4 rt-col-sm-6 rt-col-xs-12 default rt-grid-item\" data-id=\"4590\">\n\t<div class=\"rt-holder tpg-post-holder \">\n\t\t<div class=\"rt-detail rt-el-content-wrapper\">\n\t\t\t\t\t\t\t<div class=\"rt-img-holder tpg-el-image-wrap has-thumbnail\">\n\t\t\t\t\t<a data-id=\"4590\" href=\"https:\/\/apdea.com.ar\/web\/asamblea-ordinaria-marzo-2026\/\" class=\"tpg-post-link\" target=\"_self\">                        <img fetchpriority=\"high\" decoding=\"async\" src=\"https:\/\/apdea.com.ar\/web\/wp-content\/uploads\/2026\/03\/asamblea-APDEA-2026-768x768.jpeg\"\n                             class=\"rt-img-responsive\"\n                             width=\"720\"\n                             height=\"720\"\n                             alt=\"ASAMBLEA ORDINARIA marzo 2026\">\n\t\t\t\t\t\t\n\t\t\t\t\t\t\t\n\t\t<\/a>\n\t\t        <div class=\"overlay grid-hover-content\"><\/div>\n\t\t\t\t\t\t<\/div>\n\t\t\t\n\t\t\t<div class=\"entry-title-wrapper\"><h3 class=\"entry-title\"><a data-id=\"4590\" href=\"https:\/\/apdea.com.ar\/web\/asamblea-ordinaria-marzo-2026\/\" class=\"tpg-post-link\" target=\"_self\">ASAMBLEA ORDINARIA marzo 2026<\/a><\/h3><\/div>\n\t\t\t\t\t\t\t<div class=\"post-meta-tags rt-el-post-meta\">\n\t\t\t\t\t\t\t\t\t<\/div>\n\t\t\t\n\t\t\t\t\t\t\t<div class=\"tpg-excerpt tpg-el-excerpt\">\n\t\t\t\t\t\t\t\t\t\t\t<div class=\"tpg-excerpt-inner\">\n\t\t\t\t\t\t\tEl s\u00e1bado 28\/03\/2026 durante la Asamblea Ordinaria Anual fue proclamada la Comisi\u00f3n Directiva 2026\/2027. Les compartimos sus intensiones para los dos a\u00f1os de gesti\u00f3n que tienen por delante y...\t\t\t\t\t\t<\/div>\n\t\t\t\t\t\t\t\t\t\t\t\t\t\t<\/div>\n\t\t\t\n\t\t\t        <div class=\"post-footer\">\n            <div class=\"post-footer\">\n                <div class=\"read-more\">\n\t\t\t\t\t<a data-id=\"4590\" href=\"https:\/\/apdea.com.ar\/web\/asamblea-ordinaria-marzo-2026\/\" class=\"tpg-post-link\" target=\"_self\">Leer m\u00e1s<\/a>                <\/div>\n            <\/div>\n        <\/div>\n\t\t\t\t<\/div>\n\t<\/div>\n<\/div>\n\n<div class=\"rt-col-md-4 rt-col-sm-6 rt-col-xs-12 default rt-grid-item\" data-id=\"4539\">\n\t<div class=\"rt-holder tpg-post-holder \">\n\t\t<div class=\"rt-detail rt-el-content-wrapper\">\n\t\t\t\t\t\t\t<div class=\"rt-img-holder tpg-el-image-wrap has-thumbnail\">\n\t\t\t\t\t<a data-id=\"4539\" href=\"https:\/\/apdea.com.ar\/web\/apdea-presente-contra-la-ley-de-reforma-laboral\/\" class=\"tpg-post-link\" target=\"_self\">                        <img decoding=\"async\" src=\"https:\/\/apdea.com.ar\/web\/wp-content\/uploads\/2026\/02\/APDEA-reforma-laboral-768x768.png\"\n                             class=\"rt-img-responsive\"\n                             width=\"720\"\n                             height=\"720\"\n                             alt=\"APDEA presente contra la ley de reforma laboral.\">\n\t\t\t\t\t\t\n\t\t\t\t\t\t\t\n\t\t<\/a>\n\t\t        <div class=\"overlay grid-hover-content\"><\/div>\n\t\t\t\t\t\t<\/div>\n\t\t\t\n\t\t\t<div class=\"entry-title-wrapper\"><h3 class=\"entry-title\"><a data-id=\"4539\" href=\"https:\/\/apdea.com.ar\/web\/apdea-presente-contra-la-ley-de-reforma-laboral\/\" class=\"tpg-post-link\" target=\"_self\">APDEA presente contra la ley de reforma laboral.<\/a><\/h3><\/div>\n\t\t\t\t\t\t\t<div class=\"post-meta-tags rt-el-post-meta\">\n\t\t\t\t\t\t\t\t\t<\/div>\n\t\t\t\n\t\t\t\t\t\t\t<div class=\"tpg-excerpt tpg-el-excerpt\">\n\t\t\t\t\t\t\t\t\t\t\t<div class=\"tpg-excerpt-inner\">\n\t\t\t\t\t\t\tDistintas agrupaciones de la cultura nos reunimos hoy a las 11 hs en la conferencia de prensa en contra de la ley de reforma laboral. El gobierno nacional impulsa una reforma laboral que atenta...\t\t\t\t\t\t<\/div>\n\t\t\t\t\t\t\t\t\t\t\t\t\t\t<\/div>\n\t\t\t\n\t\t\t        <div class=\"post-footer\">\n            <div class=\"post-footer\">\n                <div class=\"read-more\">\n\t\t\t\t\t<a data-id=\"4539\" href=\"https:\/\/apdea.com.ar\/web\/apdea-presente-contra-la-ley-de-reforma-laboral\/\" class=\"tpg-post-link\" target=\"_self\">Leer m\u00e1s<\/a>                <\/div>\n            <\/div>\n        <\/div>\n\t\t\t\t<\/div>\n\t<\/div>\n<\/div>\n\n<div class=\"rt-col-md-4 rt-col-sm-6 rt-col-xs-12 default rt-grid-item\" data-id=\"4525\">\n\t<div class=\"rt-holder tpg-post-holder \">\n\t\t<div class=\"rt-detail rt-el-content-wrapper\">\n\t\t\t\t\t\t\t<div class=\"rt-img-holder tpg-el-image-wrap has-thumbnail\">\n\t\t\t\t\t<a data-id=\"4525\" href=\"https:\/\/apdea.com.ar\/web\/conclusiones-de-la-reunion-con-las-nuevas-autoridades-del-int\/\" class=\"tpg-post-link\" target=\"_self\">                        <img decoding=\"async\" src=\"https:\/\/apdea.com.ar\/web\/wp-content\/uploads\/2026\/01\/INT-enero-2026-768x768.png\"\n                             class=\"rt-img-responsive\"\n                             width=\"720\"\n                             height=\"720\"\n                             alt=\"Conclusiones de la reuni\u00f3n con las nuevas autoridades del INT\">\n\t\t\t\t\t\t\n\t\t\t\t\t\t\t\n\t\t<\/a>\n\t\t        <div class=\"overlay grid-hover-content\"><\/div>\n\t\t\t\t\t\t<\/div>\n\t\t\t\n\t\t\t<div class=\"entry-title-wrapper\"><h3 class=\"entry-title\"><a data-id=\"4525\" href=\"https:\/\/apdea.com.ar\/web\/conclusiones-de-la-reunion-con-las-nuevas-autoridades-del-int\/\" class=\"tpg-post-link\" target=\"_self\">Conclusiones de la reuni\u00f3n con las nuevas autoridades del INT<\/a><\/h3><\/div>\n\t\t\t\t\t\t\t<div class=\"post-meta-tags rt-el-post-meta\">\n\t\t\t\t\t\t\t\t\t<\/div>\n\t\t\t\n\t\t\t\t\t\t\t<div class=\"tpg-excerpt tpg-el-excerpt\">\n\t\t\t\t\t\t\t\t\t\t\t<div class=\"tpg-excerpt-inner\">\n\t\t\t\t\t\t\tCONCLUSIONES SOBRE LA REUNI\u00d3N MANTENIDA POR LA MESA DE DEFENSA DEL INT, CON EL DIRECTOR EJECUTIVO DEL INSTITUTO El d\u00eda jueves 15 de enero distintas organizaciones representativas de la comunidad...\t\t\t\t\t\t<\/div>\n\t\t\t\t\t\t\t\t\t\t\t\t\t\t<\/div>\n\t\t\t\n\t\t\t        <div class=\"post-footer\">\n            <div class=\"post-footer\">\n                <div class=\"read-more\">\n\t\t\t\t\t<a data-id=\"4525\" href=\"https:\/\/apdea.com.ar\/web\/conclusiones-de-la-reunion-con-las-nuevas-autoridades-del-int\/\" class=\"tpg-post-link\" target=\"_self\">Leer m\u00e1s<\/a>                <\/div>\n            <\/div>\n        <\/div>\n\t\t\t\t<\/div>\n\t<\/div>\n<\/div>\n\n<div class=\"rt-col-md-4 rt-col-sm-6 rt-col-xs-12 default rt-grid-item\" data-id=\"4211\">\n\t<div class=\"rt-holder tpg-post-holder \">\n\t\t<div class=\"rt-detail rt-el-content-wrapper\">\n\t\t\t\t\t\t\t<div class=\"rt-img-holder tpg-el-image-wrap has-thumbnail\">\n\t\t\t\t\t<a data-id=\"4211\" href=\"https:\/\/apdea.com.ar\/web\/lucy-en-el-cielo\/\" class=\"tpg-post-link\" target=\"_self\">                        <img loading=\"lazy\" decoding=\"async\" src=\"https:\/\/apdea.com.ar\/web\/wp-content\/uploads\/2025\/10\/Lucy-en-el-cielo.jpg\"\n                             class=\"rt-img-responsive\"\n                             width=\"720\"\n                             height=\"1276\"\n                             alt=\"Lucy en el cielo&#8230;\">\n\t\t\t\t\t\t\n\t\t\t\t\t\t\t\n\t\t<\/a>\n\t\t        <div class=\"overlay grid-hover-content\"><\/div>\n\t\t\t\t\t\t<\/div>\n\t\t\t\n\t\t\t<div class=\"entry-title-wrapper\"><h3 class=\"entry-title\"><a data-id=\"4211\" href=\"https:\/\/apdea.com.ar\/web\/lucy-en-el-cielo\/\" class=\"tpg-post-link\" target=\"_self\">Lucy en el cielo&#8230;<\/a><\/h3><\/div>\n\t\t\t\t\t\t\t<div class=\"post-meta-tags rt-el-post-meta\">\n\t\t\t\t\t\t\t\t\t<\/div>\n\t\t\t\n\t\t\t\t\t\t\t<div class=\"tpg-excerpt tpg-el-excerpt\">\n\t\t\t\t\t\t\t\t\t\t\t<div class=\"tpg-excerpt-inner\">\n\t\t\t\t\t\t\tLucy&#8230; es una comedia dram\u00e1tica que se da en el marco de un thriller psicol\u00f3gico; es una obra de desarrollo disruptivo, aunque atrapa al espectador por su misterio. Lennon como referente cultural...\t\t\t\t\t\t<\/div>\n\t\t\t\t\t\t\t\t\t\t\t\t\t\t<\/div>\n\t\t\t\n\t\t\t        <div class=\"post-footer\">\n            <div class=\"post-footer\">\n                <div class=\"read-more\">\n\t\t\t\t\t<a data-id=\"4211\" href=\"https:\/\/apdea.com.ar\/web\/lucy-en-el-cielo\/\" class=\"tpg-post-link\" target=\"_self\">Leer m\u00e1s<\/a>                <\/div>\n            <\/div>\n        <\/div>\n\t\t\t\t<\/div>\n\t<\/div>\n<\/div>\n\n<div class=\"rt-col-md-4 rt-col-sm-6 rt-col-xs-12 default rt-grid-item\" data-id=\"4137\">\n\t<div class=\"rt-holder tpg-post-holder \">\n\t\t<div class=\"rt-detail rt-el-content-wrapper\">\n\t\t\t\t\t\t\t<div class=\"rt-img-holder tpg-el-image-wrap has-thumbnail\">\n\t\t\t\t\t<a data-id=\"4137\" href=\"https:\/\/apdea.com.ar\/web\/un-narco-llamado-el-chueco-y-otros-criminales\/\" class=\"tpg-post-link\" target=\"_self\">                        <img loading=\"lazy\" decoding=\"async\" src=\"https:\/\/apdea.com.ar\/web\/wp-content\/uploads\/2025\/09\/CHUECO-Flyer_v2_2-CARAS-768x1086.jpg\"\n                             class=\"rt-img-responsive\"\n                             width=\"720\"\n                             height=\"1018\"\n                             alt=\"Un narco llamado El Chueco y otros criminales\">\n\t\t\t\t\t\t\n\t\t\t\t\t\t\t\n\t\t<\/a>\n\t\t        <div class=\"overlay grid-hover-content\"><\/div>\n\t\t\t\t\t\t<\/div>\n\t\t\t\n\t\t\t<div class=\"entry-title-wrapper\"><h3 class=\"entry-title\"><a data-id=\"4137\" href=\"https:\/\/apdea.com.ar\/web\/un-narco-llamado-el-chueco-y-otros-criminales\/\" class=\"tpg-post-link\" target=\"_self\">Un narco llamado El Chueco y otros criminales<\/a><\/h3><\/div>\n\t\t\t\t\t\t\t<div class=\"post-meta-tags rt-el-post-meta\">\n\t\t\t\t\t\t\t\t\t<\/div>\n\t\t\t\n\t\t\t\t\t\t\t<div class=\"tpg-excerpt tpg-el-excerpt\">\n\t\t\t\t\t\t\t\t\t\t\t<div class=\"tpg-excerpt-inner\">\n\t\t\t\t\t\t\tFake News, post verdad, redes, instagram, Tik Tok, Telegram\u201cCuando la mentira es la verdad\u201d reza la letra de Divididos.Una historia cruda inspirada en hechos reales. Un periodista de un reconocido...\t\t\t\t\t\t<\/div>\n\t\t\t\t\t\t\t\t\t\t\t\t\t\t<\/div>\n\t\t\t\n\t\t\t        <div class=\"post-footer\">\n            <div class=\"post-footer\">\n                <div class=\"read-more\">\n\t\t\t\t\t<a data-id=\"4137\" href=\"https:\/\/apdea.com.ar\/web\/un-narco-llamado-el-chueco-y-otros-criminales\/\" class=\"tpg-post-link\" target=\"_self\">Leer m\u00e1s<\/a>                <\/div>\n            <\/div>\n        <\/div>\n\t\t\t\t<\/div>\n\t<\/div>\n<\/div>\n\n<div class=\"rt-col-md-4 rt-col-sm-6 rt-col-xs-12 default rt-grid-item\" data-id=\"4133\">\n\t<div class=\"rt-holder tpg-post-holder \">\n\t\t<div class=\"rt-detail rt-el-content-wrapper\">\n\t\t\t\t\t\t\t<div class=\"rt-img-holder tpg-el-image-wrap has-thumbnail\">\n\t\t\t\t\t<a data-id=\"4133\" href=\"https:\/\/apdea.com.ar\/web\/palabras-encadenadas\/\" class=\"tpg-post-link\" target=\"_self\">                        <img loading=\"lazy\" decoding=\"async\" src=\"https:\/\/apdea.com.ar\/web\/wp-content\/uploads\/2025\/09\/PALABRAS-ENCADENADAS-890x468_DSC0431-2-768x404.jpg\"\n                             class=\"rt-img-responsive\"\n                             width=\"720\"\n                             height=\"379\"\n                             alt=\"Palabras Encadenadas\">\n\t\t\t\t\t\t\n\t\t\t\t\t\t\t\n\t\t<\/a>\n\t\t        <div class=\"overlay grid-hover-content\"><\/div>\n\t\t\t\t\t\t<\/div>\n\t\t\t\n\t\t\t<div class=\"entry-title-wrapper\"><h3 class=\"entry-title\"><a data-id=\"4133\" href=\"https:\/\/apdea.com.ar\/web\/palabras-encadenadas\/\" class=\"tpg-post-link\" target=\"_self\">Palabras Encadenadas<\/a><\/h3><\/div>\n\t\t\t\t\t\t\t<div class=\"post-meta-tags rt-el-post-meta\">\n\t\t\t\t\t\t\t\t\t<\/div>\n\t\t\t\n\t\t\t\t\t\t\t<div class=\"tpg-excerpt tpg-el-excerpt\">\n\t\t\t\t\t\t\t\t\t\t\t<div class=\"tpg-excerpt-inner\">\n\t\t\t\t\t\t\tLa verdad es falsificable. Los l\u00edmites se vuelven difusos. La m\u00e1scara se vuelve realidad. Locura y cordura se con-funden. Igual que v\u00edctima y victimario. Con precisi\u00f3n quir\u00fargica, Galcer\u00e1n estructura...\t\t\t\t\t\t<\/div>\n\t\t\t\t\t\t\t\t\t\t\t\t\t\t<\/div>\n\t\t\t\n\t\t\t        <div class=\"post-footer\">\n            <div class=\"post-footer\">\n                <div class=\"read-more\">\n\t\t\t\t\t<a data-id=\"4133\" href=\"https:\/\/apdea.com.ar\/web\/palabras-encadenadas\/\" class=\"tpg-post-link\" target=\"_self\">Leer m\u00e1s<\/a>                <\/div>\n            <\/div>\n        <\/div>\n\t\t\t\t<\/div>\n\t<\/div>\n<\/div>\n\n<div class=\"rt-col-md-4 rt-col-sm-6 rt-col-xs-12 default rt-grid-item\" data-id=\"4124\">\n\t<div class=\"rt-holder tpg-post-holder \">\n\t\t<div class=\"rt-detail rt-el-content-wrapper\">\n\t\t\t\t\t\t\t<div class=\"rt-img-holder tpg-el-image-wrap has-thumbnail\">\n\t\t\t\t\t<a data-id=\"4124\" href=\"https:\/\/apdea.com.ar\/web\/dos-cossas-nuestras\/\" class=\"tpg-post-link\" target=\"_self\">                        <img loading=\"lazy\" decoding=\"async\" src=\"https:\/\/apdea.com.ar\/web\/wp-content\/uploads\/2025\/08\/2cosasnuestras-768x959.png\"\n                             class=\"rt-img-responsive\"\n                             width=\"720\"\n                             height=\"899\"\n                             alt=\"Dos COSSAs nuestras\">\n\t\t\t\t\t\t\n\t\t\t\t\t\t\t\n\t\t<\/a>\n\t\t        <div class=\"overlay grid-hover-content\"><\/div>\n\t\t\t\t\t\t<\/div>\n\t\t\t\n\t\t\t<div class=\"entry-title-wrapper\"><h3 class=\"entry-title\"><a data-id=\"4124\" href=\"https:\/\/apdea.com.ar\/web\/dos-cossas-nuestras\/\" class=\"tpg-post-link\" target=\"_self\">Dos COSSAs nuestras<\/a><\/h3><\/div>\n\t\t\t\t\t\t\t<div class=\"post-meta-tags rt-el-post-meta\">\n\t\t\t\t\t\t\t\t\t<\/div>\n\t\t\t\n\t\t\t\t\t\t\t<div class=\"tpg-excerpt tpg-el-excerpt\">\n\t\t\t\t\t\t\t\t\t\t\t<div class=\"tpg-excerpt-inner\">\n\t\t\t\t\t\t\tDos obras de Tito Cossa. Dos etapas.Una misma identidad. \u201cDos COSSAs nuestras\u201d, es un espect\u00e1culo que hermana dos obras breves de Roberto Cossa y que surge de la necesidad de un homenaje permanente...\t\t\t\t\t\t<\/div>\n\t\t\t\t\t\t\t\t\t\t\t\t\t\t<\/div>\n\t\t\t\n\t\t\t        <div class=\"post-footer\">\n            <div class=\"post-footer\">\n                <div class=\"read-more\">\n\t\t\t\t\t<a data-id=\"4124\" href=\"https:\/\/apdea.com.ar\/web\/dos-cossas-nuestras\/\" class=\"tpg-post-link\" target=\"_self\">Leer m\u00e1s<\/a>                <\/div>\n            <\/div>\n        <\/div>\n\t\t\t\t<\/div>\n\t<\/div>\n<\/div>\n\n<div class=\"rt-col-md-4 rt-col-sm-6 rt-col-xs-12 default rt-grid-item\" data-id=\"4062\">\n\t<div class=\"rt-holder tpg-post-holder \">\n\t\t<div class=\"rt-detail rt-el-content-wrapper\">\n\t\t\t\t\t\t\t<div class=\"rt-img-holder tpg-el-image-wrap has-thumbnail\">\n\t\t\t\t\t<a data-id=\"4062\" href=\"https:\/\/apdea.com.ar\/web\/pastillas-de-limon-y-un-tobogan\/\" class=\"tpg-post-link\" target=\"_self\">                        <img loading=\"lazy\" decoding=\"async\" src=\"https:\/\/apdea.com.ar\/web\/wp-content\/uploads\/2025\/08\/APDEA-pastillas-copia-768x768.jpg\"\n                             class=\"rt-img-responsive\"\n                             width=\"720\"\n                             height=\"720\"\n                             alt=\"PASTILLAS DE LIM\u00d3N Y UN TOBOG\u00c1N\">\n\t\t\t\t\t\t\n\t\t\t\t\t\t\t\n\t\t<\/a>\n\t\t        <div class=\"overlay grid-hover-content\"><\/div>\n\t\t\t\t\t\t<\/div>\n\t\t\t\n\t\t\t<div class=\"entry-title-wrapper\"><h3 class=\"entry-title\"><a data-id=\"4062\" href=\"https:\/\/apdea.com.ar\/web\/pastillas-de-limon-y-un-tobogan\/\" class=\"tpg-post-link\" target=\"_self\">PASTILLAS DE LIM\u00d3N Y UN TOBOG\u00c1N<\/a><\/h3><\/div>\n\t\t\t\t\t\t\t<div class=\"post-meta-tags rt-el-post-meta\">\n\t\t\t\t\t\t\t\t\t<\/div>\n\t\t\t\n\t\t\t\t\t\t\t<div class=\"tpg-excerpt tpg-el-excerpt\">\n\t\t\t\t\t\t\t\t\t\t\t<div class=\"tpg-excerpt-inner\">\n\t\t\t\t\t\t\tJosefina es la protagonista de esta historia&nbsp; A los seis a\u00f1os cruza sola el puente de los muertos, lejos de toda raz\u00f3n y justicia. \u201dPor qu\u00e9, eh, por qu\u00e9? Un d\u00eda, mi casa se llen\u00f3 de preguntas:...\t\t\t\t\t\t<\/div>\n\t\t\t\t\t\t\t\t\t\t\t\t\t\t<\/div>\n\t\t\t\n\t\t\t        <div class=\"post-footer\">\n            <div class=\"post-footer\">\n                <div class=\"read-more\">\n\t\t\t\t\t<a data-id=\"4062\" href=\"https:\/\/apdea.com.ar\/web\/pastillas-de-limon-y-un-tobogan\/\" class=\"tpg-post-link\" target=\"_self\">Leer m\u00e1s<\/a>                <\/div>\n            <\/div>\n        <\/div>\n\t\t\t\t<\/div>\n\t<\/div>\n<\/div>\n\n<div class=\"rt-col-md-4 rt-col-sm-6 rt-col-xs-12 default rt-grid-item\" data-id=\"3898\">\n\t<div class=\"rt-holder tpg-post-holder \">\n\t\t<div class=\"rt-detail rt-el-content-wrapper\">\n\t\t\t\t\t\t\t<div class=\"rt-img-holder tpg-el-image-wrap has-thumbnail\">\n\t\t\t\t\t<a data-id=\"3898\" href=\"https:\/\/apdea.com.ar\/web\/3898-2\/\" class=\"tpg-post-link\" target=\"_self\">                        <img loading=\"lazy\" decoding=\"async\" src=\"https:\/\/apdea.com.ar\/web\/wp-content\/uploads\/2025\/06\/APDEA-convocatoria-4-de-junio-2025-768x960.png\"\n                             class=\"rt-img-responsive\"\n                             width=\"720\"\n                             height=\"900\"\n                             alt=\"Convocatoria 4 de junio 2025\">\n\t\t\t\t\t\t\n\t\t\t\t\t\t\t\n\t\t<\/a>\n\t\t        <div class=\"overlay grid-hover-content\"><\/div>\n\t\t\t\t\t\t<\/div>\n\t\t\t\n\t\t\t<div class=\"entry-title-wrapper\"><h3 class=\"entry-title\"><a data-id=\"3898\" href=\"https:\/\/apdea.com.ar\/web\/3898-2\/\" class=\"tpg-post-link\" target=\"_self\">Convocatoria 4 de junio 2025<\/a><\/h3><\/div>\n\t\t\t\t\t\t\t<div class=\"post-meta-tags rt-el-post-meta\">\n\t\t\t\t\t\t\t\t\t<\/div>\n\t\t\t\n\t\t\t\t\t\t\t<div class=\"tpg-excerpt tpg-el-excerpt\">\n\t\t\t\t\t\t\t\t\t\t\t<div class=\"tpg-excerpt-inner\">\n\t\t\t\t\t\t\t&#x1f3ad; Convocatoria a toda la comunidad teatral. &#x1f91d; La Cultura nos une.&#x1f4e3; \u00a1Marchemos al Congreso! &#x1f4cd; Este mi\u00e9rcoles nos encontramos en H. Yrigoyen y Virrey Cevallos a las 16...\t\t\t\t\t\t<\/div>\n\t\t\t\t\t\t\t\t\t\t\t\t\t\t<\/div>\n\t\t\t\n\t\t\t        <div class=\"post-footer\">\n            <div class=\"post-footer\">\n                <div class=\"read-more\">\n\t\t\t\t\t<a data-id=\"3898\" href=\"https:\/\/apdea.com.ar\/web\/3898-2\/\" class=\"tpg-post-link\" target=\"_self\">Leer m\u00e1s<\/a>                <\/div>\n            <\/div>\n        <\/div>\n\t\t\t\t<\/div>\n\t<\/div>\n<\/div>\n\t\t\t<\/div>\n\t\t\t\n\t\t<\/div>\n\t\t\t\t\t\t<\/div>\n\t\t\t\t<\/div>\n\t\t\t\t\t<\/div>\n\t\t<\/div>\n\t\t\t\t\t<\/div>\n\t\t<\/section>\n\t\t\t\t<\/div>\n\t\t","protected":false},"excerpt":{"rendered":"<p>ASOCIATE ASAMBLEA ORDINARIA marzo 2026 El s\u00e1bado 28\/03\/2026 durante la Asamblea Ordinaria Anual fue proclamada la Comisi\u00f3n Directiva 2026\/2027. Les compartimos sus intensiones para los dos a\u00f1os de gesti\u00f3n que tienen por delante y&#8230; Leer m\u00e1s APDEA presente contra la ley de reforma laboral. Distintas agrupaciones de la cultura nos reunimos hoy a las 11 [&hellip;]<\/p>\n","protected":false},"author":96739723,"featured_media":0,"parent":0,"menu_order":0,"comment_status":"closed","ping_status":"closed","template":"home-panels.php","meta":{"footnotes":""},"class_list":["post-4040","page","type-page","status-publish","hentry","post","post-with-thumbnail","post-with-thumbnail-large"],"rttpg_featured_image_url":null,"rttpg_author":{"display_name":"Webmaster Dos","author_link":"https:\/\/apdea.com.ar\/web\/author\/webmaster2\/"},"rttpg_comment":0,"rttpg_category":"","rttpg_excerpt":"ASOCIATE ASAMBLEA ORDINARIA marzo 2026 El s\u00e1bado 28\/03\/2026 durante la Asamblea Ordinaria Anual fue proclamada la Comisi\u00f3n Directiva 2026\/2027. Les compartimos sus intensiones para los dos a\u00f1os de gesti\u00f3n que tienen por delante y&#8230; Leer m\u00e1s APDEA presente contra la ley de reforma laboral. Distintas agrupaciones de la cultura nos reunimos hoy a las 11&hellip;","_links":{"self":[{"href":"https:\/\/apdea.com.ar\/web\/wp-json\/wp\/v2\/pages\/4040","targetHints":{"allow":["GET"]}}],"collection":[{"href":"https:\/\/apdea.com.ar\/web\/wp-json\/wp\/v2\/pages"}],"about":[{"href":"https:\/\/apdea.com.ar\/web\/wp-json\/wp\/v2\/types\/page"}],"author":[{"embeddable":true,"href":"https:\/\/apdea.com.ar\/web\/wp-json\/wp\/v2\/users\/96739723"}],"replies":[{"embeddable":true,"href":"https:\/\/apdea.com.ar\/web\/wp-json\/wp\/v2\/comments?post=4040"}],"version-history":[{"count":15,"href":"https:\/\/apdea.com.ar\/web\/wp-json\/wp\/v2\/pages\/4040\/revisions"}],"predecessor-version":[{"id":4602,"href":"https:\/\/apdea.com.ar\/web\/wp-json\/wp\/v2\/pages\/4040\/revisions\/4602"}],"wp:attachment":[{"href":"https:\/\/apdea.com.ar\/web\/wp-json\/wp\/v2\/media?parent=4040"}],"curies":[{"name":"wp","href":"https:\/\/api.w.org\/{rel}","templated":true}]}}