{"id":588,"date":"2020-03-27T19:51:39","date_gmt":"2020-03-27T19:51:39","guid":{"rendered":"http:\/\/apdea.com.ar\/web\/?page_id=588"},"modified":"2020-04-01T17:33:08","modified_gmt":"2020-04-01T17:33:08","slug":"listado-re202","status":"publish","type":"page","link":"https:\/\/apdea.com.ar\/web\/listado-re202\/","title":{"rendered":"LISTADO"},"content":{"rendered":"\n<h4 class=\"has-vivid-red-color has-text-color has-text-align-center wp-block-heading\">de obras en emergencia<\/h4>\n\n\n\n<hr class=\"wp-block-separator\"\/>\n\n\n\n<p style=\"background-color:#dae1e8\" class=\"has-background has-text-align-center\">Si necesit\u00e1s modificar alguno de los datos de tu obra por favor envi\u00e1 la informaci\u00f3n detallada por email exclusivamente a <a href=\"mailto:webmaster@apdea.com.ar\">webmaster@apdea.com.ar<\/a> <br>\u00a1Gracias!<\/p>\n\n\n\n<hr class=\"wp-block-separator\"\/>\n\n\n<p>[pdb_signup_thanks]<\/p>\n\n\n<p>[pdb_list]<\/p>\n","protected":false},"excerpt":{"rendered":"<p>de obras en emergencia Si necesit\u00e1s modificar alguno de los datos de tu obra por favor envi\u00e1 la informaci\u00f3n detallada por email exclusivamente a webmaster@apdea.com.ar \u00a1Gracias!<\/p>\n","protected":false},"author":96739723,"featured_media":0,"parent":0,"menu_order":0,"comment_status":"closed","ping_status":"closed","template":"","meta":{"footnotes":""},"class_list":["post-588","page","type-page","status-publish","hentry","post"],"rttpg_featured_image_url":null,"rttpg_author":{"display_name":"Webmaster Dos","author_link":"https:\/\/apdea.com.ar\/web\/author\/webmaster2\/"},"rttpg_comment":0,"rttpg_category":null,"rttpg_excerpt":"de obras en emergencia Si necesit\u00e1s modificar alguno de los datos de tu obra por favor envi\u00e1 la informaci\u00f3n detallada por email exclusivamente a webmaster@apdea.com.ar \u00a1Gracias!","_links":{"self":[{"href":"https:\/\/apdea.com.ar\/web\/wp-json\/wp\/v2\/pages\/588","targetHints":{"allow":["GET"]}}],"collection":[{"href":"https:\/\/apdea.com.ar\/web\/wp-json\/wp\/v2\/pages"}],"about":[{"href":"https:\/\/apdea.com.ar\/web\/wp-json\/wp\/v2\/types\/page"}],"author":[{"embeddable":true,"href":"https:\/\/apdea.com.ar\/web\/wp-json\/wp\/v2\/users\/96739723"}],"replies":[{"embeddable":true,"href":"https:\/\/apdea.com.ar\/web\/wp-json\/wp\/v2\/comments?post=588"}],"version-history":[{"count":15,"href":"https:\/\/apdea.com.ar\/web\/wp-json\/wp\/v2\/pages\/588\/revisions"}],"predecessor-version":[{"id":642,"href":"https:\/\/apdea.com.ar\/web\/wp-json\/wp\/v2\/pages\/588\/revisions\/642"}],"wp:attachment":[{"href":"https:\/\/apdea.com.ar\/web\/wp-json\/wp\/v2\/media?parent=588"}],"curies":[{"name":"wp","href":"https:\/\/api.w.org\/{rel}","templated":true}]}}