{"id":832,"date":"2020-05-09T08:04:44","date_gmt":"2020-05-09T08:04:44","guid":{"rendered":"http:\/\/apdea.com.ar\/web\/?page_id=832"},"modified":"2020-05-11T19:59:29","modified_gmt":"2020-05-11T19:59:29","slug":"pautas-de-funcionamiento-general-de-apdea","status":"publish","type":"page","link":"https:\/\/apdea.com.ar\/web\/apdea\/objetivos-y-fundamentos\/pautas-de-funcionamiento-general-de-apdea\/","title":{"rendered":"PAUTAS DE FUNCIONAMIENTO GENERAL DE APDEA"},"content":{"rendered":"\n<p><strong>PAUTAS DE FUNCIONAMIENTO GENERAL DE APDEA<\/strong><\/p>\n\n\n\n<p><strong>DEL FUNCIONAMIENTO DE LAS COMISIONES<\/strong><\/p>\n\n\n\n<p>Las comisiones de trabajo son:<br>a) Estatuto y reglamentos, b) Financiamiento, c) Cultura, d) Comunicaci\u00f3n, e) Extensi\u00f3n y vinculaci\u00f3n institucional, f) G\u00e9nero y diversidad, g) Derecho de puesta.<br><br>*\u00a0Los integrantes de APDEA podr\u00e1n participar en hasta 2 (dos) comisiones.<br>Las comisiones se integran por simple manifestaci\u00f3n de voluntad e inter\u00e9s en trabajar en ellas.<br><br>*\u00a0Una comisi\u00f3n se crea con un m\u00ednimo de 3 (tres) miembros.<br>La participaci\u00f3n en las comisiones debe ser necesariamente activa y en presencia.<br><br>*\u00a0La propuesta de crear una comisi\u00f3n y el \u00e1rea de trabajo a la que se abocar\u00e1 debe ser presentada, tratada y aprobada en Asamblea.<br><br>*\u00a0Cada comisi\u00f3n designar\u00e1 a uno de sus miembros como referente, a los efectos de ser canal de comunicaci\u00f3n \u00e1gil y permanente con la Comisi\u00f3n Directiva. Los referentes no podr\u00e1n ser al mismo tiempo miembros de la Comisi\u00f3n Directiva.<br><br>*\u00a0Al menos 1 (un) integrante de cada comisi\u00f3n debe estar presente en las Asambleas ordinarias y en representaci\u00f3n de su comisi\u00f3n a los efectos de exponer el trabajo realizado y llevar luego a la comisi\u00f3n el informe y mandato de la Asamblea.<br><br>*\u00a0En las comisiones, las decisiones se toman por mayor\u00eda simple de los miembros presentes en la reuni\u00f3n. En caso de empate, la votaci\u00f3n se traslada a la Asamblea.<br><br>*\u00a0Las decisiones votadas en comisi\u00f3n ser\u00e1n aceptadas por todos los miembros, hayan estado o no presentes al momento de su votaci\u00f3n.<br><br>*\u00a0Las comisiones presentar\u00e1n a la Asamblea los proyectos y las propuestas de actividades que trabajen y aprueben. Para darles curso, deber\u00e1n ser sometidos a votaci\u00f3n y aprobados por la Asamblea.<br><br>*\u00a0Aquellos miembros de las comisiones que se ausenten por el n\u00famero de 2 (dos) reuniones quedar\u00e1n desafectados de la misma.<br><br>*\u00a0Las fechas y horarios de las reuniones de comisi\u00f3n se acordar\u00e1n por mayor\u00eda simple entre sus miembros, en funci\u00f3n de sus posibilidades y disponibilidad.<br><br>*\u00a0Debe realizarse por lo menos 1 (una) reuni\u00f3n de comisi\u00f3n previa a la Asamblea a los efectos de exponer el trabajo realizado.<\/p>\n","protected":false},"excerpt":{"rendered":"<p>PAUTAS DE FUNCIONAMIENTO GENERAL DE APDEA DEL FUNCIONAMIENTO DE LAS COMISIONES Las comisiones de trabajo son:a) Estatuto y reglamentos, b) Financiamiento, c) Cultura, d) Comunicaci\u00f3n, e) Extensi\u00f3n y vinculaci\u00f3n institucional, f) G\u00e9nero y diversidad, g) Derecho de puesta. *\u00a0Los integrantes de APDEA podr\u00e1n participar en hasta 2 (dos) comisiones.Las comisiones se integran por simple manifestaci\u00f3n [&hellip;]<\/p>\n","protected":false},"author":96739723,"featured_media":0,"parent":146,"menu_order":0,"comment_status":"closed","ping_status":"closed","template":"","meta":{"footnotes":""},"class_list":["post-832","page","type-page","status-publish","hentry","post"],"rttpg_featured_image_url":null,"rttpg_author":{"display_name":"Webmaster Dos","author_link":"https:\/\/apdea.com.ar\/web\/author\/webmaster2\/"},"rttpg_comment":0,"rttpg_category":null,"rttpg_excerpt":"PAUTAS DE FUNCIONAMIENTO GENERAL DE APDEA DEL FUNCIONAMIENTO DE LAS COMISIONES Las comisiones de trabajo son:a) Estatuto y reglamentos, b) Financiamiento, c) Cultura, d) Comunicaci\u00f3n, e) Extensi\u00f3n y vinculaci\u00f3n institucional, f) G\u00e9nero y diversidad, g) Derecho de puesta. *\u00a0Los integrantes de APDEA podr\u00e1n participar en hasta 2 (dos) comisiones.Las comisiones se integran por simple manifestaci\u00f3n&hellip;","_links":{"self":[{"href":"https:\/\/apdea.com.ar\/web\/wp-json\/wp\/v2\/pages\/832","targetHints":{"allow":["GET"]}}],"collection":[{"href":"https:\/\/apdea.com.ar\/web\/wp-json\/wp\/v2\/pages"}],"about":[{"href":"https:\/\/apdea.com.ar\/web\/wp-json\/wp\/v2\/types\/page"}],"author":[{"embeddable":true,"href":"https:\/\/apdea.com.ar\/web\/wp-json\/wp\/v2\/users\/96739723"}],"replies":[{"embeddable":true,"href":"https:\/\/apdea.com.ar\/web\/wp-json\/wp\/v2\/comments?post=832"}],"version-history":[{"count":2,"href":"https:\/\/apdea.com.ar\/web\/wp-json\/wp\/v2\/pages\/832\/revisions"}],"predecessor-version":[{"id":881,"href":"https:\/\/apdea.com.ar\/web\/wp-json\/wp\/v2\/pages\/832\/revisions\/881"}],"up":[{"embeddable":true,"href":"https:\/\/apdea.com.ar\/web\/wp-json\/wp\/v2\/pages\/146"}],"wp:attachment":[{"href":"https:\/\/apdea.com.ar\/web\/wp-json\/wp\/v2\/media?parent=832"}],"curies":[{"name":"wp","href":"https:\/\/api.w.org\/{rel}","templated":true}]}}