{"id":985,"date":"2020-07-03T22:29:53","date_gmt":"2020-07-03T22:29:53","guid":{"rendered":"http:\/\/apdea.com.ar\/web\/?page_id=985"},"modified":"2021-10-25T23:14:05","modified_gmt":"2021-10-25T23:14:05","slug":"vivo","status":"publish","type":"page","link":"https:\/\/apdea.com.ar\/web\/vivo\/","title":{"rendered":"Vivo"},"content":{"rendered":"\n<h4 class=\"has-text-align-center wp-block-heading\">Transmisi\u00f3n en vivo de los eventos de APDEA<\/h4>\n\n\n\n<hr class=\"wp-block-separator\"\/>\n\n\n\n<p class=\"has-text-align-center has-very-light-gray-color has-vivid-red-background-color has-text-color has-background\"><strong>PR\u00d3XIMO EVENTO EN VIVO<\/strong><\/p>\n\n\n\n[wpdevart_countdown text_for_day=&#8221;D\u00edas&#8221; text_for_hour=&#8221;Horas&#8221; text_for_minut=&#8221;Min&#8221; text_for_second=&#8221;Sec&#8221; countdown_end_type=&#8221;date&#8221; end_date=&#8221;06-11-2020 22:00&#8243; start_time=&#8221;1603650306&#8243; end_time=&#8221;0,1,1&#8243; action_end_time=&#8221;hide&#8221; content_position=&#8221;center&#8221; top_ditance=&#8221;10&#8243; bottom_distance=&#8221;10&#8243; countdown_type=&#8221;button&#8221; font_color=&#8221;#000000&#8243; button_bg_color=&#8221;#3DA8CC&#8221; circle_size=&#8221;130&#8243; circle_border=&#8221;5&#8243; border_radius=&#8221;8&#8243; font_size=&#8221;30&#8243; countdown_font_famaly=&#8221;monospace&#8221; animation_type=&#8221;&#8221;][\/wpdevart_countdown]\n\n\n\n<h4 class=\"has-text-align-center has-cyan-bluish-gray-color has-text-color wp-block-heading\">Hac\u00e9 click en la imagen para acceder a la charla<\/h4>\n\n\n\n<div class=\"wp-block-image\"><figure class=\"aligncenter size-large\"><a href=\"https:\/\/youtu.be\/D1VMrPdR6K4\" target=\"_blank\" rel=\"noopener noreferrer\"><img fetchpriority=\"high\" decoding=\"async\" width=\"1024\" height=\"1024\" src=\"http:\/\/apdea.com.ar\/web\/wp-content\/uploads\/2020\/11\/WhatsApp-Image-2020-11-02-at-20.30.23-1024x1024.jpeg\" alt=\"\" class=\"wp-image-1470\" srcset=\"https:\/\/apdea.com.ar\/web\/wp-content\/uploads\/2020\/11\/WhatsApp-Image-2020-11-02-at-20.30.23-1024x1024.jpeg 1024w, https:\/\/apdea.com.ar\/web\/wp-content\/uploads\/2020\/11\/WhatsApp-Image-2020-11-02-at-20.30.23-300x300.jpeg 300w, https:\/\/apdea.com.ar\/web\/wp-content\/uploads\/2020\/11\/WhatsApp-Image-2020-11-02-at-20.30.23-150x150.jpeg 150w, https:\/\/apdea.com.ar\/web\/wp-content\/uploads\/2020\/11\/WhatsApp-Image-2020-11-02-at-20.30.23-768x768.jpeg 768w, https:\/\/apdea.com.ar\/web\/wp-content\/uploads\/2020\/11\/WhatsApp-Image-2020-11-02-at-20.30.23-370x370.jpeg 370w, https:\/\/apdea.com.ar\/web\/wp-content\/uploads\/2020\/11\/WhatsApp-Image-2020-11-02-at-20.30.23-60x60.jpeg 60w, https:\/\/apdea.com.ar\/web\/wp-content\/uploads\/2020\/11\/WhatsApp-Image-2020-11-02-at-20.30.23-600x600.jpeg 600w, https:\/\/apdea.com.ar\/web\/wp-content\/uploads\/2020\/11\/WhatsApp-Image-2020-11-02-at-20.30.23-100x100.jpeg 100w, https:\/\/apdea.com.ar\/web\/wp-content\/uploads\/2020\/11\/WhatsApp-Image-2020-11-02-at-20.30.23.jpeg 1032w\" sizes=\"(max-width: 1024px) 100vw, 1024px\" \/><\/a><\/figure><\/div>\n\n\n\n<div class=\"wp-block-columns is-layout-flex wp-container-core-columns-is-layout-9d6595d7 wp-block-columns-is-layout-flex\">\n<div class=\"wp-block-column is-layout-flow wp-block-column-is-layout-flow\">\n<p class=\"has-text-align-center has-very-light-gray-color has-vivid-red-background-color has-text-color has-background\"><strong>Colabor\u00e1 con APDEA<\/strong><br>La Asociaci\u00f3n no recibe subsidios y se sostiene por el aporte voluntario de sus integrantes. Te invitamos a colaborar con la cantidad de bonos que desees, en forma on-line con todos los medios de pago a trav\u00e9s de Mercadopago<\/p>\n<\/div>\n\n\n\n<div class=\"wp-block-column is-layout-flow wp-block-column-is-layout-flow\"><\/div>\n<\/div>\n\n\n\n<p><\/p>\n\n\n\n<figure class=\"wp-block-embed is-type-video is-provider-youtube wp-block-embed-youtube wp-embed-aspect-4-3 wp-has-aspect-ratio\"><div class=\"wp-block-embed__wrapper\">\nhttps:\/\/youtu.be\/aZQKZn3aPt0\n<\/div><\/figure>\n","protected":false},"excerpt":{"rendered":"<p>Transmisi\u00f3n en vivo de los eventos de APDEA PR\u00d3XIMO EVENTO EN VIVO Hac\u00e9 click en la imagen para acceder a la charla Colabor\u00e1 con APDEALa Asociaci\u00f3n no recibe subsidios y se sostiene por el aporte voluntario de sus integrantes. Te invitamos a colaborar con la cantidad de bonos que desees, en forma on-line con todos [&hellip;]<\/p>\n","protected":false},"author":96739723,"featured_media":0,"parent":0,"menu_order":0,"comment_status":"closed","ping_status":"closed","template":"","meta":{"footnotes":""},"class_list":["post-985","page","type-page","status-publish","hentry","post"],"rttpg_featured_image_url":null,"rttpg_author":{"display_name":"Webmaster Dos","author_link":"https:\/\/apdea.com.ar\/web\/author\/webmaster2\/"},"rttpg_comment":0,"rttpg_category":null,"rttpg_excerpt":"Transmisi\u00f3n en vivo de los eventos de APDEA PR\u00d3XIMO EVENTO EN VIVO Hac\u00e9 click en la imagen para acceder a la charla Colabor\u00e1 con APDEALa Asociaci\u00f3n no recibe subsidios y se sostiene por el aporte voluntario de sus integrantes. Te invitamos a colaborar con la cantidad de bonos que desees, en forma on-line con todos&hellip;","_links":{"self":[{"href":"https:\/\/apdea.com.ar\/web\/wp-json\/wp\/v2\/pages\/985","targetHints":{"allow":["GET"]}}],"collection":[{"href":"https:\/\/apdea.com.ar\/web\/wp-json\/wp\/v2\/pages"}],"about":[{"href":"https:\/\/apdea.com.ar\/web\/wp-json\/wp\/v2\/types\/page"}],"author":[{"embeddable":true,"href":"https:\/\/apdea.com.ar\/web\/wp-json\/wp\/v2\/users\/96739723"}],"replies":[{"embeddable":true,"href":"https:\/\/apdea.com.ar\/web\/wp-json\/wp\/v2\/comments?post=985"}],"version-history":[{"count":60,"href":"https:\/\/apdea.com.ar\/web\/wp-json\/wp\/v2\/pages\/985\/revisions"}],"predecessor-version":[{"id":2173,"href":"https:\/\/apdea.com.ar\/web\/wp-json\/wp\/v2\/pages\/985\/revisions\/2173"}],"wp:attachment":[{"href":"https:\/\/apdea.com.ar\/web\/wp-json\/wp\/v2\/media?parent=985"}],"curies":[{"name":"wp","href":"https:\/\/api.w.org\/{rel}","templated":true}]}}